{"id":17762,"date":"2020-03-19T23:03:26","date_gmt":"2020-03-19T23:03:26","guid":{"rendered":"https:\/\/guarandafigueroarepuestos.com\/?post_type=product&#038;p=17762"},"modified":"2025-09-01T19:51:44","modified_gmt":"2025-09-01T19:51:44","slug":"caja-direccion-chevrolet-dmax-2-4-2-5-3-0-4x2","status":"publish","type":"product","link":"https:\/\/guarandafigueroarepuestos.com\/index.php\/producto\/caja-direccion-chevrolet-dmax-2-4-2-5-3-0-4x2\/","title":{"rendered":"CAJA DIRECCI\u00d3N O CREMALLERA CHEVROLET DMAX 2.4 2.5 3.0"},"content":{"rendered":"<h2>CAJA DE DIRECCI\u00d3N HIDR\u00c1ULICA O CREMALLERA CHEVROLET DMAX 2.4-2.5-3.0 4X2 2005-2012<\/h2>\n<h3>DOBLE CABINA Y CABINA SENCILLA<\/h3>\n<p>La <strong>Caja Direcci\u00f3n o Cremallera Chevrolet D-Max 4&#215;2<\/strong> es una pieza esencial para el funcionamiento del sistema de direcci\u00f3n de tu camioneta. Si est\u00e1s buscando repuestos de alta calidad para tu <strong>Chevrolet D-Max 4&#215;2<\/strong>, contar con una caja de direcci\u00f3n confiable es fundamental para asegurar un manejo preciso y seguro en todo tipo de caminos.<\/p>\n<h4><strong>\u00bfQu\u00e9 es la Caja Direcci\u00f3n Chevrolet D-Max 4&#215;2?<\/strong><\/h4>\n<p>La <strong>caja de direcci\u00f3n<\/strong> <strong> o Cremallera <\/strong>es un componente crucial en el sistema de direcci\u00f3n de tu <strong>Chevrolet D-Max 4&#215;2<\/strong>. Su funci\u00f3n principal es convertir el movimiento del volante en la rotaci\u00f3n de las ruedas, permitiendo que puedas maniobrar con facilidad. Si esta pieza presenta fallos, el control del veh\u00edculo se ver\u00e1 afectado, lo que podr\u00eda poner en riesgo tu seguridad.<\/p>\n<h4><strong>Se\u00f1ales de que Necesitas Cambiar la Cremallera de tu Chevrolet D-Max 4&#215;2<\/strong><\/h4>\n<p>Algunas se\u00f1ales comunes de que tu caja de direcci\u00f3n necesita ser reemplazada incluyen:<\/p>\n<ul>\n<li><strong>Dificultad para girar el volante<\/strong>.<\/li>\n<li><strong>Ruidos extra\u00f1os<\/strong> al girar.<\/li>\n<li><strong>Vibraciones<\/strong> inusuales en el volante.<\/li>\n<li><strong>Fugas de l\u00edquido<\/strong> de direcci\u00f3n asistida.<\/li>\n<\/ul>\n","protected":false},"excerpt":{"rendered":"<h3>CAJA DE DIRECCI\u00d3N O CREMALLERA CHEVROLET DMAX 2.4-2.5-3.0 4X2<\/h3>\n<ul>\n<li><strong>DESDE A\u00d1O 2005 HASTA 2012 <\/strong><\/li>\n<li><strong>HIDRAULICA<\/strong><\/li>\n<li><strong style=\"font-family: Consolas, Monaco, monospace;\">DOBLE CABINA Y CABINA SENCILLA<\/strong><\/li>\n<\/ul>\n<p><strong>MARCA:<\/strong> SILVER GREEN<\/p>\n<p><strong>ORIGEN:<\/strong> CHINA<\/p>\n<p>\u00bfTienes dudas? \u00a1Estamos aqu\u00ed para ayudarte! Haz clic en el siguiente enlace y recibe atenci\u00f3n personalizada al instante.<\/p>\n<p><a href=\"http:\/\/wa.me\/593987383784?text=HOLA,%20NECESITO%20INFORMACI\u00d3N%20DEL%20PRODUCTO%25...\"><strong>\u00a0Haz clic aqu\u00ed para hablar con nosotros en WhatsApp.<\/strong><\/a><\/p>\n","protected":false},"featured_media":375298,"comment_status":"open","ping_status":"closed","template":"","meta":[],"product_brand":[],"product_cat":[29],"product_tag":[32,3613,33,31],"class_list":{"0":"post-17762","1":"product","2":"type-product","3":"status-publish","4":"has-post-thumbnail","6":"product_cat-cajas-de-direccion","7":"product_tag-cajas-de-direccion","8":"product_tag-cremallera-dmax-4x2","9":"product_tag-direccion-hidraulica","10":"product_tag-dmax","11":"product_shipping_class-pesado","13":"first","14":"instock","15":"sold-individually","16":"taxable","17":"shipping-taxable","18":"purchasable","19":"product-type-simple"},"yoast_head":"<!-- This site is optimized with the Yoast SEO plugin v25.1 - https:\/\/yoast.com\/wordpress\/plugins\/seo\/ -->\n<title>CAJA DIRECCI\u00d3N O CREMALLERA CHEVROLET DMAX 2.4 2.5 3.0<\/title>\n<meta name=\"description\" content=\"Compra la caja de direcci\u00f3n para tu Chevrolet D-Max 4x2. Asegura un manejo seguro con repuestos de calidad.\u00a1Env\u00edo r\u00e1pido y garant\u00eda incluida!\" \/>\n<meta name=\"robots\" content=\"index, follow, max-snippet:-1, max-image-preview:large, max-video-preview:-1\" \/>\n<link rel=\"canonical\" href=\"https:\/\/guarandafigueroarepuestos.com\/index.php\/producto\/caja-direccion-chevrolet-dmax-2-4-2-5-3-0-4x2\/\" \/>\n<meta property=\"og:locale\" content=\"es_ES\" \/>\n<meta property=\"og:type\" content=\"article\" \/>\n<meta property=\"og:title\" content=\"CAJA DIRECCI\u00d3N O CREMALLERA CHEVROLET DMAX 2.4 2.5 3.0\" \/>\n<meta property=\"og:description\" content=\"Compra la caja de direcci\u00f3n para tu Chevrolet D-Max 4x2. Asegura un manejo seguro con repuestos de calidad.\u00a1Env\u00edo r\u00e1pido y garant\u00eda incluida!\" \/>\n<meta property=\"og:url\" content=\"https:\/\/guarandafigueroarepuestos.com\/index.php\/producto\/caja-direccion-chevrolet-dmax-2-4-2-5-3-0-4x2\/\" \/>\n<meta property=\"og:site_name\" content=\"GUARANDA FIGUEROA\" \/>\n<meta property=\"article:modified_time\" content=\"2025-09-01T19:51:44+00:00\" \/>\n<meta property=\"og:image\" content=\"https:\/\/guarandafigueroarepuestos.com\/wp-content\/uploads\/2020\/03\/CAJA_DIRECCION_DMX.png\" \/>\n\t<meta property=\"og:image:width\" content=\"1080\" \/>\n\t<meta property=\"og:image:height\" content=\"1080\" \/>\n\t<meta property=\"og:image:type\" content=\"image\/png\" \/>\n<meta name=\"twitter:card\" content=\"summary_large_image\" \/>\n<meta name=\"twitter:label1\" content=\"Tiempo de lectura\" \/>\n\t<meta name=\"twitter:data1\" content=\"2 minutos\" \/>\n<script type=\"application\/ld+json\" class=\"yoast-schema-graph\">{\"@context\":\"https:\/\/schema.org\",\"@graph\":[{\"@type\":\"WebPage\",\"@id\":\"https:\/\/guarandafigueroarepuestos.com\/index.php\/producto\/caja-direccion-chevrolet-dmax-2-4-2-5-3-0-4x2\/\",\"url\":\"https:\/\/guarandafigueroarepuestos.com\/index.php\/producto\/caja-direccion-chevrolet-dmax-2-4-2-5-3-0-4x2\/\",\"name\":\"CAJA DIRECCI\u00d3N O CREMALLERA CHEVROLET DMAX 2.4 2.5 3.0\",\"isPartOf\":{\"@id\":\"https:\/\/guarandafigueroarepuestos.com\/#website\"},\"primaryImageOfPage\":{\"@id\":\"https:\/\/guarandafigueroarepuestos.com\/index.php\/producto\/caja-direccion-chevrolet-dmax-2-4-2-5-3-0-4x2\/#primaryimage\"},\"image\":{\"@id\":\"https:\/\/guarandafigueroarepuestos.com\/index.php\/producto\/caja-direccion-chevrolet-dmax-2-4-2-5-3-0-4x2\/#primaryimage\"},\"thumbnailUrl\":\"https:\/\/guarandafigueroarepuestos.com\/wp-content\/uploads\/2020\/03\/CAJA_DIRECCION_DMX.png\",\"datePublished\":\"2020-03-19T23:03:26+00:00\",\"dateModified\":\"2025-09-01T19:51:44+00:00\",\"description\":\"Compra la caja de direcci\u00f3n para tu Chevrolet D-Max 4x2. Asegura un manejo seguro con repuestos de calidad.\u00a1Env\u00edo r\u00e1pido y garant\u00eda incluida!\",\"breadcrumb\":{\"@id\":\"https:\/\/guarandafigueroarepuestos.com\/index.php\/producto\/caja-direccion-chevrolet-dmax-2-4-2-5-3-0-4x2\/#breadcrumb\"},\"inLanguage\":\"es\",\"potentialAction\":[{\"@type\":\"ReadAction\",\"target\":[\"https:\/\/guarandafigueroarepuestos.com\/index.php\/producto\/caja-direccion-chevrolet-dmax-2-4-2-5-3-0-4x2\/\"]}]},{\"@type\":\"ImageObject\",\"inLanguage\":\"es\",\"@id\":\"https:\/\/guarandafigueroarepuestos.com\/index.php\/producto\/caja-direccion-chevrolet-dmax-2-4-2-5-3-0-4x2\/#primaryimage\",\"url\":\"https:\/\/guarandafigueroarepuestos.com\/wp-content\/uploads\/2020\/03\/CAJA_DIRECCION_DMX.png\",\"contentUrl\":\"https:\/\/guarandafigueroarepuestos.com\/wp-content\/uploads\/2020\/03\/CAJA_DIRECCION_DMX.png\",\"width\":1080,\"height\":1080},{\"@type\":\"BreadcrumbList\",\"@id\":\"https:\/\/guarandafigueroarepuestos.com\/index.php\/producto\/caja-direccion-chevrolet-dmax-2-4-2-5-3-0-4x2\/#breadcrumb\",\"itemListElement\":[{\"@type\":\"ListItem\",\"position\":1,\"name\":\"Portada\",\"item\":\"https:\/\/guarandafigueroarepuestos.com\/\"},{\"@type\":\"ListItem\",\"position\":2,\"name\":\"CATEGOR\u00cdAS\",\"item\":\"https:\/\/guarandafigueroarepuestos.com\/index.php\/product-categories\/\"},{\"@type\":\"ListItem\",\"position\":3,\"name\":\"CAJA DIRECCI\u00d3N O CREMALLERA CHEVROLET DMAX 2.4 2.5 3.0\"}]},{\"@type\":\"WebSite\",\"@id\":\"https:\/\/guarandafigueroarepuestos.com\/#website\",\"url\":\"https:\/\/guarandafigueroarepuestos.com\/\",\"name\":\"GUARANDA FIGUEROA\",\"description\":\"REPUESTOS AUTOMOTRICES\",\"publisher\":{\"@id\":\"https:\/\/guarandafigueroarepuestos.com\/#organization\"},\"potentialAction\":[{\"@type\":\"SearchAction\",\"target\":{\"@type\":\"EntryPoint\",\"urlTemplate\":\"https:\/\/guarandafigueroarepuestos.com\/?s={search_term_string}\"},\"query-input\":{\"@type\":\"PropertyValueSpecification\",\"valueRequired\":true,\"valueName\":\"search_term_string\"}}],\"inLanguage\":\"es\"},{\"@type\":\"Organization\",\"@id\":\"https:\/\/guarandafigueroarepuestos.com\/#organization\",\"name\":\"Guaranda Figueroa Repuestos\",\"alternateName\":\"Guaranda Figueroa Repuestos\",\"url\":\"https:\/\/guarandafigueroarepuestos.com\/\",\"logo\":{\"@type\":\"ImageObject\",\"inLanguage\":\"es\",\"@id\":\"https:\/\/guarandafigueroarepuestos.com\/#\/schema\/logo\/image\/\",\"url\":\"https:\/\/guarandafigueroarepuestos.com\/wp-content\/uploads\/2025\/05\/cropped-Diseno-sin-titulo-2025-05-26T171805.272-e1748377787134.png\",\"contentUrl\":\"https:\/\/guarandafigueroarepuestos.com\/wp-content\/uploads\/2025\/05\/cropped-Diseno-sin-titulo-2025-05-26T171805.272-e1748377787134.png\",\"width\":34,\"height\":34,\"caption\":\"Guaranda Figueroa Repuestos\"},\"image\":{\"@id\":\"https:\/\/guarandafigueroarepuestos.com\/#\/schema\/logo\/image\/\"}}]}<\/script>\n<!-- \/ Yoast SEO plugin. -->","yoast_head_json":{"title":"CAJA DIRECCI\u00d3N O CREMALLERA CHEVROLET DMAX 2.4 2.5 3.0","description":"Compra la caja de direcci\u00f3n para tu Chevrolet D-Max 4x2. Asegura un manejo seguro con repuestos de calidad.\u00a1Env\u00edo r\u00e1pido y garant\u00eda incluida!","robots":{"index":"index","follow":"follow","max-snippet":"max-snippet:-1","max-image-preview":"max-image-preview:large","max-video-preview":"max-video-preview:-1"},"canonical":"https:\/\/guarandafigueroarepuestos.com\/index.php\/producto\/caja-direccion-chevrolet-dmax-2-4-2-5-3-0-4x2\/","og_locale":"es_ES","og_type":"article","og_title":"CAJA DIRECCI\u00d3N O CREMALLERA CHEVROLET DMAX 2.4 2.5 3.0","og_description":"Compra la caja de direcci\u00f3n para tu Chevrolet D-Max 4x2. Asegura un manejo seguro con repuestos de calidad.\u00a1Env\u00edo r\u00e1pido y garant\u00eda incluida!","og_url":"https:\/\/guarandafigueroarepuestos.com\/index.php\/producto\/caja-direccion-chevrolet-dmax-2-4-2-5-3-0-4x2\/","og_site_name":"GUARANDA FIGUEROA","article_modified_time":"2025-09-01T19:51:44+00:00","og_image":[{"width":1080,"height":1080,"url":"https:\/\/guarandafigueroarepuestos.com\/wp-content\/uploads\/2020\/03\/CAJA_DIRECCION_DMX.png","type":"image\/png"}],"twitter_card":"summary_large_image","twitter_misc":{"Tiempo de lectura":"2 minutos"},"schema":{"@context":"https:\/\/schema.org","@graph":[{"@type":"WebPage","@id":"https:\/\/guarandafigueroarepuestos.com\/index.php\/producto\/caja-direccion-chevrolet-dmax-2-4-2-5-3-0-4x2\/","url":"https:\/\/guarandafigueroarepuestos.com\/index.php\/producto\/caja-direccion-chevrolet-dmax-2-4-2-5-3-0-4x2\/","name":"CAJA DIRECCI\u00d3N O CREMALLERA CHEVROLET DMAX 2.4 2.5 3.0","isPartOf":{"@id":"https:\/\/guarandafigueroarepuestos.com\/#website"},"primaryImageOfPage":{"@id":"https:\/\/guarandafigueroarepuestos.com\/index.php\/producto\/caja-direccion-chevrolet-dmax-2-4-2-5-3-0-4x2\/#primaryimage"},"image":{"@id":"https:\/\/guarandafigueroarepuestos.com\/index.php\/producto\/caja-direccion-chevrolet-dmax-2-4-2-5-3-0-4x2\/#primaryimage"},"thumbnailUrl":"https:\/\/guarandafigueroarepuestos.com\/wp-content\/uploads\/2020\/03\/CAJA_DIRECCION_DMX.png","datePublished":"2020-03-19T23:03:26+00:00","dateModified":"2025-09-01T19:51:44+00:00","description":"Compra la caja de direcci\u00f3n para tu Chevrolet D-Max 4x2. Asegura un manejo seguro con repuestos de calidad.\u00a1Env\u00edo r\u00e1pido y garant\u00eda incluida!","breadcrumb":{"@id":"https:\/\/guarandafigueroarepuestos.com\/index.php\/producto\/caja-direccion-chevrolet-dmax-2-4-2-5-3-0-4x2\/#breadcrumb"},"inLanguage":"es","potentialAction":[{"@type":"ReadAction","target":["https:\/\/guarandafigueroarepuestos.com\/index.php\/producto\/caja-direccion-chevrolet-dmax-2-4-2-5-3-0-4x2\/"]}]},{"@type":"ImageObject","inLanguage":"es","@id":"https:\/\/guarandafigueroarepuestos.com\/index.php\/producto\/caja-direccion-chevrolet-dmax-2-4-2-5-3-0-4x2\/#primaryimage","url":"https:\/\/guarandafigueroarepuestos.com\/wp-content\/uploads\/2020\/03\/CAJA_DIRECCION_DMX.png","contentUrl":"https:\/\/guarandafigueroarepuestos.com\/wp-content\/uploads\/2020\/03\/CAJA_DIRECCION_DMX.png","width":1080,"height":1080},{"@type":"BreadcrumbList","@id":"https:\/\/guarandafigueroarepuestos.com\/index.php\/producto\/caja-direccion-chevrolet-dmax-2-4-2-5-3-0-4x2\/#breadcrumb","itemListElement":[{"@type":"ListItem","position":1,"name":"Portada","item":"https:\/\/guarandafigueroarepuestos.com\/"},{"@type":"ListItem","position":2,"name":"CATEGOR\u00cdAS","item":"https:\/\/guarandafigueroarepuestos.com\/index.php\/product-categories\/"},{"@type":"ListItem","position":3,"name":"CAJA DIRECCI\u00d3N O CREMALLERA CHEVROLET DMAX 2.4 2.5 3.0"}]},{"@type":"WebSite","@id":"https:\/\/guarandafigueroarepuestos.com\/#website","url":"https:\/\/guarandafigueroarepuestos.com\/","name":"GUARANDA FIGUEROA","description":"REPUESTOS AUTOMOTRICES","publisher":{"@id":"https:\/\/guarandafigueroarepuestos.com\/#organization"},"potentialAction":[{"@type":"SearchAction","target":{"@type":"EntryPoint","urlTemplate":"https:\/\/guarandafigueroarepuestos.com\/?s={search_term_string}"},"query-input":{"@type":"PropertyValueSpecification","valueRequired":true,"valueName":"search_term_string"}}],"inLanguage":"es"},{"@type":"Organization","@id":"https:\/\/guarandafigueroarepuestos.com\/#organization","name":"Guaranda Figueroa Repuestos","alternateName":"Guaranda Figueroa Repuestos","url":"https:\/\/guarandafigueroarepuestos.com\/","logo":{"@type":"ImageObject","inLanguage":"es","@id":"https:\/\/guarandafigueroarepuestos.com\/#\/schema\/logo\/image\/","url":"https:\/\/guarandafigueroarepuestos.com\/wp-content\/uploads\/2025\/05\/cropped-Diseno-sin-titulo-2025-05-26T171805.272-e1748377787134.png","contentUrl":"https:\/\/guarandafigueroarepuestos.com\/wp-content\/uploads\/2025\/05\/cropped-Diseno-sin-titulo-2025-05-26T171805.272-e1748377787134.png","width":34,"height":34,"caption":"Guaranda Figueroa Repuestos"},"image":{"@id":"https:\/\/guarandafigueroarepuestos.com\/#\/schema\/logo\/image\/"}}]}},"_links":{"self":[{"href":"https:\/\/guarandafigueroarepuestos.com\/index.php\/wp-json\/wp\/v2\/product\/17762","targetHints":{"allow":["GET"]}}],"collection":[{"href":"https:\/\/guarandafigueroarepuestos.com\/index.php\/wp-json\/wp\/v2\/product"}],"about":[{"href":"https:\/\/guarandafigueroarepuestos.com\/index.php\/wp-json\/wp\/v2\/types\/product"}],"replies":[{"embeddable":true,"href":"https:\/\/guarandafigueroarepuestos.com\/index.php\/wp-json\/wp\/v2\/comments?post=17762"}],"wp:featuredmedia":[{"embeddable":true,"href":"https:\/\/guarandafigueroarepuestos.com\/index.php\/wp-json\/wp\/v2\/media\/375298"}],"wp:attachment":[{"href":"https:\/\/guarandafigueroarepuestos.com\/index.php\/wp-json\/wp\/v2\/media?parent=17762"}],"wp:term":[{"taxonomy":"product_brand","embeddable":true,"href":"https:\/\/guarandafigueroarepuestos.com\/index.php\/wp-json\/wp\/v2\/product_brand?post=17762"},{"taxonomy":"product_cat","embeddable":true,"href":"https:\/\/guarandafigueroarepuestos.com\/index.php\/wp-json\/wp\/v2\/product_cat?post=17762"},{"taxonomy":"product_tag","embeddable":true,"href":"https:\/\/guarandafigueroarepuestos.com\/index.php\/wp-json\/wp\/v2\/product_tag?post=17762"}],"curies":[{"name":"wp","href":"https:\/\/api.w.org\/{rel}","templated":true}]}}