{"id":18047,"date":"2020-03-26T00:26:13","date_gmt":"2020-03-26T00:26:13","guid":{"rendered":"https:\/\/guarandafigueroarepuestos.com\/?post_type=product&#038;p=18047"},"modified":"2025-09-01T19:32:40","modified_gmt":"2025-09-01T19:32:40","slug":"caja-direccion-chevrolet-aveos","status":"publish","type":"product","link":"https:\/\/guarandafigueroarepuestos.com\/index.php\/producto\/caja-direccion-chevrolet-aveos\/","title":{"rendered":"CAJA DIRECCI\u00d3N CREMALLERA CHEVROLET AVEO 1.4 1.5 1.6"},"content":{"rendered":"<h3>CAJA DE DIRECCI\u00d3N CREMALLERA CHEVROLET AVEO TODOS 1.4 1.5 1.6<\/h3>\n<ol>\n<li>AVEO FAMILY<\/li>\n<li>AVEO EMOTION<\/li>\n<li>AVEO EVOLUTION<\/li>\n<\/ol>\n<ul>\n<li>\n<pre><strong>DESDE A\u00d1O 2005 HASTA A\u00d1O 2010<\/strong><\/pre>\n<\/li>\n<li>\n<pre><strong>4 SALIDAS<\/strong><\/pre>\n<\/li>\n<li>\n<pre><strong>SISTEMA DE DIRECCI\u00d3N HIDR\u00c1ULICA<\/strong>\r\n\r\n\r\n<\/pre>\n<\/li>\n<\/ul>\n<p><strong>La caja direcci\u00f3n o cremallera<\/strong> es una pieza esencial para el sistema de direcci\u00f3n de tu <strong>Chevrolet Aveo<\/strong>. Con opciones compatibles para los motores 1.4, 1.5 y 1.6 de los modelos 2005 a 2010, esta caja direcci\u00f3n con 4 salidas asegura una maniobrabilidad precisa y una conducci\u00f3n m\u00e1s segura. Es crucial contar con una pieza de repuesto de alta calidad para evitar problemas en el sistema de direcci\u00f3n, tales como vibraciones o dificultad para girar el volante.<\/p>\n<h2><strong>Beneficios de Reemplazar tu Caja Direcci\u00f3n:<\/strong><\/h2>\n<ul>\n<li><strong>Mejora en la maniobrabilidad:<\/strong> Una caja direcci\u00f3n nueva mejora la respuesta del volante y facilita los giros.<\/li>\n<li><strong>Mayor seguridad:<\/strong> Una direcci\u00f3n en buen estado es vital para la seguridad en el manejo del veh\u00edculo.<\/li>\n<li><strong>Reducci\u00f3n de costos a largo plazo:<\/strong> Evitar reparaciones mayores al cambiar la caja direcci\u00f3n a tiempo.<\/li>\n<\/ul>\n<p>&nbsp;<\/p>\n","protected":false},"excerpt":{"rendered":"<h3>CAJA DE DIRECCI\u00d3N CREMALLERA CHEVROLET AVEO 1.4 1.5 1.6<\/h3>\n<ol>\n<li>AVEO FAMILY<\/li>\n<li>AVEO EMOTION<\/li>\n<li>AVEO EVOLUTION<\/li>\n<\/ol>\n<ul>\n<li>\n<pre><strong>DESDE A\u00d1O 2005 HASTA A\u00d1O 2010<\/strong><\/pre>\n<\/li>\n<li>\n<pre><strong>4 SALIDAS<\/strong><\/pre>\n<\/li>\n<li>\n<pre><strong>SISTEMA DE DIRECCI\u00d3N HIDR\u00c1ULICA\r\n<\/strong><\/pre>\n<\/li>\n<\/ul>\n<p><strong>MARCA:<\/strong> RECORD<\/p>\n<p><strong>ORIGEN:<\/strong> CHINA (TECNOLOG\u00cdA JAPONES)<\/p>\n<p>\u00bfTienes dudas? \u00a1Estamos aqu\u00ed para ayudarte! Haz clic en el siguiente enlace y recibe atenci\u00f3n personalizada al instante.<\/p>\n<p><a href=\"http:\/\/wa.me\/593987383784?text=HOLA,%20NECESITO%20INFORMACI\u00d3N%20DEL%20PRODUCTO%25...\"><strong>\u00a0Haz clic aqu\u00ed para hablar con nosotros en WhatsApp.<\/strong><\/a><\/p>\n<p>&nbsp;<\/p>\n","protected":false},"featured_media":375305,"comment_status":"open","ping_status":"closed","template":"","meta":[],"product_brand":[],"product_cat":[43,29],"product_tag":[44,3575,3577,3960,3961,3576],"class_list":{"0":"post-18047","1":"product","2":"type-product","3":"status-publish","4":"has-post-thumbnail","6":"product_cat-repuestos-chevrolet-aveo-activo-family-chevy-taxy","7":"product_cat-cajas-de-direccion","8":"product_tag-aveo","9":"product_tag-caja-aveo","10":"product_tag-caja-direccion-aveo","11":"product_tag-caja-direccion-cremallera-chevrolet-aveo-1-4-1-5-1-6","12":"product_tag-caja-direccion-cremallera-chevrolet-aveo-antigua-1-4-1-5-1-6","13":"product_tag-sistema-hidraulico-aveo","14":"product_shipping_class-pesado","16":"first","17":"instock","18":"sold-individually","19":"taxable","20":"shipping-taxable","21":"purchasable","22":"product-type-simple"},"yoast_head":"<!-- This site is optimized with the Yoast SEO plugin v25.1 - https:\/\/yoast.com\/wordpress\/plugins\/seo\/ -->\n<title>CAJA DIRECCI\u00d3N CREMALLERA CHEVROLET AVEO 1.4 1.5 1.6<\/title>\n<meta name=\"description\" content=\"Compra la Caja Direcci\u00f3n para Chevrolet Aveo 1.4, 1.5, 1.6 (2005-2010) con 4 salidas. Mejora el rendimiento y seguridad de tu veh\u00edculo.\" \/>\n<meta name=\"robots\" content=\"index, follow, max-snippet:-1, max-image-preview:large, max-video-preview:-1\" \/>\n<link rel=\"canonical\" href=\"https:\/\/guarandafigueroarepuestos.com\/index.php\/producto\/caja-direccion-chevrolet-aveos\/\" \/>\n<meta property=\"og:locale\" content=\"es_ES\" \/>\n<meta property=\"og:type\" content=\"article\" \/>\n<meta property=\"og:title\" content=\"CAJA DIRECCI\u00d3N CREMALLERA CHEVROLET AVEO 1.4 1.5 1.6\" \/>\n<meta property=\"og:description\" content=\"Compra la Caja Direcci\u00f3n para Chevrolet Aveo 1.4, 1.5, 1.6 (2005-2010) con 4 salidas. Mejora el rendimiento y seguridad de tu veh\u00edculo.\" \/>\n<meta property=\"og:url\" content=\"https:\/\/guarandafigueroarepuestos.com\/index.php\/producto\/caja-direccion-chevrolet-aveos\/\" \/>\n<meta property=\"og:site_name\" content=\"GUARANDA FIGUEROA\" \/>\n<meta property=\"article:modified_time\" content=\"2025-09-01T19:32:40+00:00\" \/>\n<meta property=\"og:image\" content=\"https:\/\/guarandafigueroarepuestos.com\/wp-content\/uploads\/2020\/03\/CAJA_DIRECCION_AVEO_2005-2010.png\" \/>\n\t<meta property=\"og:image:width\" content=\"1080\" \/>\n\t<meta property=\"og:image:height\" content=\"1080\" \/>\n\t<meta property=\"og:image:type\" content=\"image\/png\" \/>\n<meta name=\"twitter:card\" content=\"summary_large_image\" \/>\n<meta name=\"twitter:label1\" content=\"Tiempo de lectura\" \/>\n\t<meta name=\"twitter:data1\" content=\"1 minuto\" \/>\n<script type=\"application\/ld+json\" class=\"yoast-schema-graph\">{\"@context\":\"https:\/\/schema.org\",\"@graph\":[{\"@type\":\"WebPage\",\"@id\":\"https:\/\/guarandafigueroarepuestos.com\/index.php\/producto\/caja-direccion-chevrolet-aveos\/\",\"url\":\"https:\/\/guarandafigueroarepuestos.com\/index.php\/producto\/caja-direccion-chevrolet-aveos\/\",\"name\":\"CAJA DIRECCI\u00d3N CREMALLERA CHEVROLET AVEO 1.4 1.5 1.6\",\"isPartOf\":{\"@id\":\"https:\/\/guarandafigueroarepuestos.com\/#website\"},\"primaryImageOfPage\":{\"@id\":\"https:\/\/guarandafigueroarepuestos.com\/index.php\/producto\/caja-direccion-chevrolet-aveos\/#primaryimage\"},\"image\":{\"@id\":\"https:\/\/guarandafigueroarepuestos.com\/index.php\/producto\/caja-direccion-chevrolet-aveos\/#primaryimage\"},\"thumbnailUrl\":\"https:\/\/guarandafigueroarepuestos.com\/wp-content\/uploads\/2020\/03\/CAJA_DIRECCION_AVEO_2005-2010.png\",\"datePublished\":\"2020-03-26T00:26:13+00:00\",\"dateModified\":\"2025-09-01T19:32:40+00:00\",\"description\":\"Compra la Caja Direcci\u00f3n para Chevrolet Aveo 1.4, 1.5, 1.6 (2005-2010) con 4 salidas. Mejora el rendimiento y seguridad de tu veh\u00edculo.\",\"breadcrumb\":{\"@id\":\"https:\/\/guarandafigueroarepuestos.com\/index.php\/producto\/caja-direccion-chevrolet-aveos\/#breadcrumb\"},\"inLanguage\":\"es\",\"potentialAction\":[{\"@type\":\"ReadAction\",\"target\":[\"https:\/\/guarandafigueroarepuestos.com\/index.php\/producto\/caja-direccion-chevrolet-aveos\/\"]}]},{\"@type\":\"ImageObject\",\"inLanguage\":\"es\",\"@id\":\"https:\/\/guarandafigueroarepuestos.com\/index.php\/producto\/caja-direccion-chevrolet-aveos\/#primaryimage\",\"url\":\"https:\/\/guarandafigueroarepuestos.com\/wp-content\/uploads\/2020\/03\/CAJA_DIRECCION_AVEO_2005-2010.png\",\"contentUrl\":\"https:\/\/guarandafigueroarepuestos.com\/wp-content\/uploads\/2020\/03\/CAJA_DIRECCION_AVEO_2005-2010.png\",\"width\":1080,\"height\":1080},{\"@type\":\"BreadcrumbList\",\"@id\":\"https:\/\/guarandafigueroarepuestos.com\/index.php\/producto\/caja-direccion-chevrolet-aveos\/#breadcrumb\",\"itemListElement\":[{\"@type\":\"ListItem\",\"position\":1,\"name\":\"Portada\",\"item\":\"https:\/\/guarandafigueroarepuestos.com\/\"},{\"@type\":\"ListItem\",\"position\":2,\"name\":\"CATEGOR\u00cdAS\",\"item\":\"https:\/\/guarandafigueroarepuestos.com\/index.php\/product-categories\/\"},{\"@type\":\"ListItem\",\"position\":3,\"name\":\"CAJA DIRECCI\u00d3N CREMALLERA CHEVROLET AVEO 1.4 1.5 1.6\"}]},{\"@type\":\"WebSite\",\"@id\":\"https:\/\/guarandafigueroarepuestos.com\/#website\",\"url\":\"https:\/\/guarandafigueroarepuestos.com\/\",\"name\":\"GUARANDA FIGUEROA\",\"description\":\"REPUESTOS AUTOMOTRICES\",\"publisher\":{\"@id\":\"https:\/\/guarandafigueroarepuestos.com\/#organization\"},\"potentialAction\":[{\"@type\":\"SearchAction\",\"target\":{\"@type\":\"EntryPoint\",\"urlTemplate\":\"https:\/\/guarandafigueroarepuestos.com\/?s={search_term_string}\"},\"query-input\":{\"@type\":\"PropertyValueSpecification\",\"valueRequired\":true,\"valueName\":\"search_term_string\"}}],\"inLanguage\":\"es\"},{\"@type\":\"Organization\",\"@id\":\"https:\/\/guarandafigueroarepuestos.com\/#organization\",\"name\":\"Guaranda Figueroa Repuestos\",\"alternateName\":\"Guaranda Figueroa Repuestos\",\"url\":\"https:\/\/guarandafigueroarepuestos.com\/\",\"logo\":{\"@type\":\"ImageObject\",\"inLanguage\":\"es\",\"@id\":\"https:\/\/guarandafigueroarepuestos.com\/#\/schema\/logo\/image\/\",\"url\":\"https:\/\/guarandafigueroarepuestos.com\/wp-content\/uploads\/2025\/05\/cropped-Diseno-sin-titulo-2025-05-26T171805.272-e1748377787134.png\",\"contentUrl\":\"https:\/\/guarandafigueroarepuestos.com\/wp-content\/uploads\/2025\/05\/cropped-Diseno-sin-titulo-2025-05-26T171805.272-e1748377787134.png\",\"width\":34,\"height\":34,\"caption\":\"Guaranda Figueroa Repuestos\"},\"image\":{\"@id\":\"https:\/\/guarandafigueroarepuestos.com\/#\/schema\/logo\/image\/\"}}]}<\/script>\n<!-- \/ Yoast SEO plugin. -->","yoast_head_json":{"title":"CAJA DIRECCI\u00d3N CREMALLERA CHEVROLET AVEO 1.4 1.5 1.6","description":"Compra la Caja Direcci\u00f3n para Chevrolet Aveo 1.4, 1.5, 1.6 (2005-2010) con 4 salidas. Mejora el rendimiento y seguridad de tu veh\u00edculo.","robots":{"index":"index","follow":"follow","max-snippet":"max-snippet:-1","max-image-preview":"max-image-preview:large","max-video-preview":"max-video-preview:-1"},"canonical":"https:\/\/guarandafigueroarepuestos.com\/index.php\/producto\/caja-direccion-chevrolet-aveos\/","og_locale":"es_ES","og_type":"article","og_title":"CAJA DIRECCI\u00d3N CREMALLERA CHEVROLET AVEO 1.4 1.5 1.6","og_description":"Compra la Caja Direcci\u00f3n para Chevrolet Aveo 1.4, 1.5, 1.6 (2005-2010) con 4 salidas. Mejora el rendimiento y seguridad de tu veh\u00edculo.","og_url":"https:\/\/guarandafigueroarepuestos.com\/index.php\/producto\/caja-direccion-chevrolet-aveos\/","og_site_name":"GUARANDA FIGUEROA","article_modified_time":"2025-09-01T19:32:40+00:00","og_image":[{"width":1080,"height":1080,"url":"https:\/\/guarandafigueroarepuestos.com\/wp-content\/uploads\/2020\/03\/CAJA_DIRECCION_AVEO_2005-2010.png","type":"image\/png"}],"twitter_card":"summary_large_image","twitter_misc":{"Tiempo de lectura":"1 minuto"},"schema":{"@context":"https:\/\/schema.org","@graph":[{"@type":"WebPage","@id":"https:\/\/guarandafigueroarepuestos.com\/index.php\/producto\/caja-direccion-chevrolet-aveos\/","url":"https:\/\/guarandafigueroarepuestos.com\/index.php\/producto\/caja-direccion-chevrolet-aveos\/","name":"CAJA DIRECCI\u00d3N CREMALLERA CHEVROLET AVEO 1.4 1.5 1.6","isPartOf":{"@id":"https:\/\/guarandafigueroarepuestos.com\/#website"},"primaryImageOfPage":{"@id":"https:\/\/guarandafigueroarepuestos.com\/index.php\/producto\/caja-direccion-chevrolet-aveos\/#primaryimage"},"image":{"@id":"https:\/\/guarandafigueroarepuestos.com\/index.php\/producto\/caja-direccion-chevrolet-aveos\/#primaryimage"},"thumbnailUrl":"https:\/\/guarandafigueroarepuestos.com\/wp-content\/uploads\/2020\/03\/CAJA_DIRECCION_AVEO_2005-2010.png","datePublished":"2020-03-26T00:26:13+00:00","dateModified":"2025-09-01T19:32:40+00:00","description":"Compra la Caja Direcci\u00f3n para Chevrolet Aveo 1.4, 1.5, 1.6 (2005-2010) con 4 salidas. Mejora el rendimiento y seguridad de tu veh\u00edculo.","breadcrumb":{"@id":"https:\/\/guarandafigueroarepuestos.com\/index.php\/producto\/caja-direccion-chevrolet-aveos\/#breadcrumb"},"inLanguage":"es","potentialAction":[{"@type":"ReadAction","target":["https:\/\/guarandafigueroarepuestos.com\/index.php\/producto\/caja-direccion-chevrolet-aveos\/"]}]},{"@type":"ImageObject","inLanguage":"es","@id":"https:\/\/guarandafigueroarepuestos.com\/index.php\/producto\/caja-direccion-chevrolet-aveos\/#primaryimage","url":"https:\/\/guarandafigueroarepuestos.com\/wp-content\/uploads\/2020\/03\/CAJA_DIRECCION_AVEO_2005-2010.png","contentUrl":"https:\/\/guarandafigueroarepuestos.com\/wp-content\/uploads\/2020\/03\/CAJA_DIRECCION_AVEO_2005-2010.png","width":1080,"height":1080},{"@type":"BreadcrumbList","@id":"https:\/\/guarandafigueroarepuestos.com\/index.php\/producto\/caja-direccion-chevrolet-aveos\/#breadcrumb","itemListElement":[{"@type":"ListItem","position":1,"name":"Portada","item":"https:\/\/guarandafigueroarepuestos.com\/"},{"@type":"ListItem","position":2,"name":"CATEGOR\u00cdAS","item":"https:\/\/guarandafigueroarepuestos.com\/index.php\/product-categories\/"},{"@type":"ListItem","position":3,"name":"CAJA DIRECCI\u00d3N CREMALLERA CHEVROLET AVEO 1.4 1.5 1.6"}]},{"@type":"WebSite","@id":"https:\/\/guarandafigueroarepuestos.com\/#website","url":"https:\/\/guarandafigueroarepuestos.com\/","name":"GUARANDA FIGUEROA","description":"REPUESTOS AUTOMOTRICES","publisher":{"@id":"https:\/\/guarandafigueroarepuestos.com\/#organization"},"potentialAction":[{"@type":"SearchAction","target":{"@type":"EntryPoint","urlTemplate":"https:\/\/guarandafigueroarepuestos.com\/?s={search_term_string}"},"query-input":{"@type":"PropertyValueSpecification","valueRequired":true,"valueName":"search_term_string"}}],"inLanguage":"es"},{"@type":"Organization","@id":"https:\/\/guarandafigueroarepuestos.com\/#organization","name":"Guaranda Figueroa Repuestos","alternateName":"Guaranda Figueroa Repuestos","url":"https:\/\/guarandafigueroarepuestos.com\/","logo":{"@type":"ImageObject","inLanguage":"es","@id":"https:\/\/guarandafigueroarepuestos.com\/#\/schema\/logo\/image\/","url":"https:\/\/guarandafigueroarepuestos.com\/wp-content\/uploads\/2025\/05\/cropped-Diseno-sin-titulo-2025-05-26T171805.272-e1748377787134.png","contentUrl":"https:\/\/guarandafigueroarepuestos.com\/wp-content\/uploads\/2025\/05\/cropped-Diseno-sin-titulo-2025-05-26T171805.272-e1748377787134.png","width":34,"height":34,"caption":"Guaranda Figueroa Repuestos"},"image":{"@id":"https:\/\/guarandafigueroarepuestos.com\/#\/schema\/logo\/image\/"}}]}},"_links":{"self":[{"href":"https:\/\/guarandafigueroarepuestos.com\/index.php\/wp-json\/wp\/v2\/product\/18047","targetHints":{"allow":["GET"]}}],"collection":[{"href":"https:\/\/guarandafigueroarepuestos.com\/index.php\/wp-json\/wp\/v2\/product"}],"about":[{"href":"https:\/\/guarandafigueroarepuestos.com\/index.php\/wp-json\/wp\/v2\/types\/product"}],"replies":[{"embeddable":true,"href":"https:\/\/guarandafigueroarepuestos.com\/index.php\/wp-json\/wp\/v2\/comments?post=18047"}],"wp:featuredmedia":[{"embeddable":true,"href":"https:\/\/guarandafigueroarepuestos.com\/index.php\/wp-json\/wp\/v2\/media\/375305"}],"wp:attachment":[{"href":"https:\/\/guarandafigueroarepuestos.com\/index.php\/wp-json\/wp\/v2\/media?parent=18047"}],"wp:term":[{"taxonomy":"product_brand","embeddable":true,"href":"https:\/\/guarandafigueroarepuestos.com\/index.php\/wp-json\/wp\/v2\/product_brand?post=18047"},{"taxonomy":"product_cat","embeddable":true,"href":"https:\/\/guarandafigueroarepuestos.com\/index.php\/wp-json\/wp\/v2\/product_cat?post=18047"},{"taxonomy":"product_tag","embeddable":true,"href":"https:\/\/guarandafigueroarepuestos.com\/index.php\/wp-json\/wp\/v2\/product_tag?post=18047"}],"curies":[{"name":"wp","href":"https:\/\/api.w.org\/{rel}","templated":true}]}}