{"id":18076,"date":"2020-03-26T18:20:17","date_gmt":"2020-03-26T18:20:17","guid":{"rendered":"https:\/\/guarandafigueroarepuestos.com\/?post_type=product&#038;p=18076"},"modified":"2026-02-10T09:09:37","modified_gmt":"2026-02-10T09:09:37","slug":"caja-direccion-chevrolet-spark-gt-1-2","status":"publish","type":"product","link":"https:\/\/guarandafigueroarepuestos.com\/index.php\/producto\/caja-direccion-chevrolet-spark-gt-1-2\/","title":{"rendered":"CAJA DIRECCI\u00d3N HIDR\u00c1ULICA CHEVROLET SPARK GT 1.2"},"content":{"rendered":"<h3>CAJA DIRECCI\u00d3N O CREMALLERA HIDR\u00c1ULICA CHEVROLET SPARK GT 1.2<\/h3>\n<ul>\n<li>INCLUYE ARTICULACIONES<\/li>\n<\/ul>\n<p>Si buscas una <strong>caja de direcci\u00f3n<\/strong> o <strong>cremallera de direcci\u00f3n<\/strong> para tu <strong>Chevrolet Spark GT 1.2<\/strong>, has llegado al lugar indicado. Nuestra selecci\u00f3n de piezas de repuesto ofrece soluciones fiables y duraderas para mantener el buen rendimiento de tu veh\u00edculo.<\/p>\n","protected":false},"excerpt":{"rendered":"<h3>CAJA DIRECCI\u00d3N O CREMALLERA HIDR\u00c1ULICA CHEVROLET SPARK GT 1.2<\/h3>\n<ul>\n<li>INCLUYE ARTICULACIONES<\/li>\n<\/ul>\n<p>\u00bfTienes dudas? \u00a1Estamos aqu\u00ed para ayudarte! Haz clic en el siguiente enlace y recibe atenci\u00f3n personalizada al instante.<\/p>\n<p><a href=\"http:\/\/wa.me\/593987383784?text=HOLA,%20NECESITO%20INFORMACI\u00d3N%20DEL%20PRODUCTO%25...\"><strong>\u00a0Haz clic aqu\u00ed para hablar con nosotros en WhatsApp.<\/strong><\/a><\/p>\n","protected":false},"featured_media":375309,"comment_status":"open","ping_status":"closed","template":"","meta":[],"product_brand":[],"product_cat":[29],"product_tag":[3963,3965,3967,3964,3966],"class_list":{"0":"post-18076","1":"product","2":"type-product","3":"status-publish","4":"has-post-thumbnail","6":"product_cat-cajas-de-direccion","7":"product_tag-caja-direccion-chevrolet-spark-gt-1-2","8":"product_tag-caja-direccion-spark-gt-1-2","9":"product_tag-caja-direccion-spark-gt-1200","10":"product_tag-cremallera-chevrolet-spark-gt-1-2","11":"product_tag-cremallera-spark-gt-1-2","12":"product_shipping_class-pesado","14":"first","15":"instock","16":"sold-individually","17":"taxable","18":"shipping-taxable","19":"purchasable","20":"product-type-simple"},"yoast_head":"<!-- This site is optimized with the Yoast SEO plugin v25.1 - https:\/\/yoast.com\/wordpress\/plugins\/seo\/ -->\n<title>CAJA DIRECCI\u00d3N HIDR\u00c1ULICA CHEVROLET SPARK GT 1.2<\/title>\n<meta name=\"description\" content=\"Compra una caja de direcci\u00f3n o cremallera de direcci\u00f3n de alta calidad para tu Chevrolet Spark 1.0 Life. Asegura un manejo seguro.\" \/>\n<meta name=\"robots\" content=\"index, follow, max-snippet:-1, max-image-preview:large, max-video-preview:-1\" \/>\n<link rel=\"canonical\" href=\"https:\/\/guarandafigueroarepuestos.com\/index.php\/producto\/caja-direccion-chevrolet-spark-gt-1-2\/\" \/>\n<meta property=\"og:locale\" content=\"es_ES\" \/>\n<meta property=\"og:type\" content=\"article\" \/>\n<meta property=\"og:title\" content=\"CAJA DIRECCI\u00d3N HIDR\u00c1ULICA CHEVROLET SPARK GT 1.2\" \/>\n<meta property=\"og:description\" content=\"Compra una caja de direcci\u00f3n o cremallera de direcci\u00f3n de alta calidad para tu Chevrolet Spark 1.0 Life. Asegura un manejo seguro.\" \/>\n<meta property=\"og:url\" content=\"https:\/\/guarandafigueroarepuestos.com\/index.php\/producto\/caja-direccion-chevrolet-spark-gt-1-2\/\" \/>\n<meta property=\"og:site_name\" content=\"GUARANDA FIGUEROA\" \/>\n<meta property=\"article:modified_time\" content=\"2026-02-10T09:09:37+00:00\" \/>\n<meta property=\"og:image\" content=\"https:\/\/guarandafigueroarepuestos.com\/wp-content\/uploads\/2020\/03\/CAJA-DIRECCION-CREMALLERA-CHEVROLET-SPARK-LIFE-1.0.png\" \/>\n\t<meta property=\"og:image:width\" content=\"1080\" \/>\n\t<meta property=\"og:image:height\" content=\"1080\" \/>\n\t<meta property=\"og:image:type\" content=\"image\/png\" \/>\n<meta name=\"twitter:card\" content=\"summary_large_image\" \/>\n<meta name=\"twitter:label1\" content=\"Tiempo de lectura\" \/>\n\t<meta name=\"twitter:data1\" content=\"1 minuto\" \/>\n<script type=\"application\/ld+json\" class=\"yoast-schema-graph\">{\"@context\":\"https:\/\/schema.org\",\"@graph\":[{\"@type\":\"WebPage\",\"@id\":\"https:\/\/guarandafigueroarepuestos.com\/index.php\/producto\/caja-direccion-chevrolet-spark-gt-1-2\/\",\"url\":\"https:\/\/guarandafigueroarepuestos.com\/index.php\/producto\/caja-direccion-chevrolet-spark-gt-1-2\/\",\"name\":\"CAJA DIRECCI\u00d3N HIDR\u00c1ULICA CHEVROLET SPARK GT 1.2\",\"isPartOf\":{\"@id\":\"https:\/\/guarandafigueroarepuestos.com\/#website\"},\"primaryImageOfPage\":{\"@id\":\"https:\/\/guarandafigueroarepuestos.com\/index.php\/producto\/caja-direccion-chevrolet-spark-gt-1-2\/#primaryimage\"},\"image\":{\"@id\":\"https:\/\/guarandafigueroarepuestos.com\/index.php\/producto\/caja-direccion-chevrolet-spark-gt-1-2\/#primaryimage\"},\"thumbnailUrl\":\"https:\/\/guarandafigueroarepuestos.com\/wp-content\/uploads\/2020\/03\/CAJA-DIRECCION-CREMALLERA-CHEVROLET-SPARK-LIFE-1.0.png\",\"datePublished\":\"2020-03-26T18:20:17+00:00\",\"dateModified\":\"2026-02-10T09:09:37+00:00\",\"description\":\"Compra una caja de direcci\u00f3n o cremallera de direcci\u00f3n de alta calidad para tu Chevrolet Spark 1.0 Life. Asegura un manejo seguro.\",\"breadcrumb\":{\"@id\":\"https:\/\/guarandafigueroarepuestos.com\/index.php\/producto\/caja-direccion-chevrolet-spark-gt-1-2\/#breadcrumb\"},\"inLanguage\":\"es\",\"potentialAction\":[{\"@type\":\"ReadAction\",\"target\":[\"https:\/\/guarandafigueroarepuestos.com\/index.php\/producto\/caja-direccion-chevrolet-spark-gt-1-2\/\"]}]},{\"@type\":\"ImageObject\",\"inLanguage\":\"es\",\"@id\":\"https:\/\/guarandafigueroarepuestos.com\/index.php\/producto\/caja-direccion-chevrolet-spark-gt-1-2\/#primaryimage\",\"url\":\"https:\/\/guarandafigueroarepuestos.com\/wp-content\/uploads\/2020\/03\/CAJA-DIRECCION-CREMALLERA-CHEVROLET-SPARK-LIFE-1.0.png\",\"contentUrl\":\"https:\/\/guarandafigueroarepuestos.com\/wp-content\/uploads\/2020\/03\/CAJA-DIRECCION-CREMALLERA-CHEVROLET-SPARK-LIFE-1.0.png\",\"width\":1080,\"height\":1080},{\"@type\":\"BreadcrumbList\",\"@id\":\"https:\/\/guarandafigueroarepuestos.com\/index.php\/producto\/caja-direccion-chevrolet-spark-gt-1-2\/#breadcrumb\",\"itemListElement\":[{\"@type\":\"ListItem\",\"position\":1,\"name\":\"Portada\",\"item\":\"https:\/\/guarandafigueroarepuestos.com\/\"},{\"@type\":\"ListItem\",\"position\":2,\"name\":\"CATEGOR\u00cdAS\",\"item\":\"https:\/\/guarandafigueroarepuestos.com\/index.php\/product-categories\/\"},{\"@type\":\"ListItem\",\"position\":3,\"name\":\"CAJA DIRECCI\u00d3N HIDR\u00c1ULICA CHEVROLET SPARK GT 1.2\"}]},{\"@type\":\"WebSite\",\"@id\":\"https:\/\/guarandafigueroarepuestos.com\/#website\",\"url\":\"https:\/\/guarandafigueroarepuestos.com\/\",\"name\":\"GUARANDA FIGUEROA\",\"description\":\"REPUESTOS AUTOMOTRICES\",\"publisher\":{\"@id\":\"https:\/\/guarandafigueroarepuestos.com\/#organization\"},\"potentialAction\":[{\"@type\":\"SearchAction\",\"target\":{\"@type\":\"EntryPoint\",\"urlTemplate\":\"https:\/\/guarandafigueroarepuestos.com\/?s={search_term_string}\"},\"query-input\":{\"@type\":\"PropertyValueSpecification\",\"valueRequired\":true,\"valueName\":\"search_term_string\"}}],\"inLanguage\":\"es\"},{\"@type\":\"Organization\",\"@id\":\"https:\/\/guarandafigueroarepuestos.com\/#organization\",\"name\":\"Guaranda Figueroa Repuestos\",\"alternateName\":\"Guaranda Figueroa Repuestos\",\"url\":\"https:\/\/guarandafigueroarepuestos.com\/\",\"logo\":{\"@type\":\"ImageObject\",\"inLanguage\":\"es\",\"@id\":\"https:\/\/guarandafigueroarepuestos.com\/#\/schema\/logo\/image\/\",\"url\":\"https:\/\/guarandafigueroarepuestos.com\/wp-content\/uploads\/2025\/05\/cropped-Diseno-sin-titulo-2025-05-26T171805.272-e1748377787134.png\",\"contentUrl\":\"https:\/\/guarandafigueroarepuestos.com\/wp-content\/uploads\/2025\/05\/cropped-Diseno-sin-titulo-2025-05-26T171805.272-e1748377787134.png\",\"width\":34,\"height\":34,\"caption\":\"Guaranda Figueroa Repuestos\"},\"image\":{\"@id\":\"https:\/\/guarandafigueroarepuestos.com\/#\/schema\/logo\/image\/\"}}]}<\/script>\n<!-- \/ Yoast SEO plugin. -->","yoast_head_json":{"title":"CAJA DIRECCI\u00d3N HIDR\u00c1ULICA CHEVROLET SPARK GT 1.2","description":"Compra una caja de direcci\u00f3n o cremallera de direcci\u00f3n de alta calidad para tu Chevrolet Spark 1.0 Life. Asegura un manejo seguro.","robots":{"index":"index","follow":"follow","max-snippet":"max-snippet:-1","max-image-preview":"max-image-preview:large","max-video-preview":"max-video-preview:-1"},"canonical":"https:\/\/guarandafigueroarepuestos.com\/index.php\/producto\/caja-direccion-chevrolet-spark-gt-1-2\/","og_locale":"es_ES","og_type":"article","og_title":"CAJA DIRECCI\u00d3N HIDR\u00c1ULICA CHEVROLET SPARK GT 1.2","og_description":"Compra una caja de direcci\u00f3n o cremallera de direcci\u00f3n de alta calidad para tu Chevrolet Spark 1.0 Life. Asegura un manejo seguro.","og_url":"https:\/\/guarandafigueroarepuestos.com\/index.php\/producto\/caja-direccion-chevrolet-spark-gt-1-2\/","og_site_name":"GUARANDA FIGUEROA","article_modified_time":"2026-02-10T09:09:37+00:00","og_image":[{"width":1080,"height":1080,"url":"https:\/\/guarandafigueroarepuestos.com\/wp-content\/uploads\/2020\/03\/CAJA-DIRECCION-CREMALLERA-CHEVROLET-SPARK-LIFE-1.0.png","type":"image\/png"}],"twitter_card":"summary_large_image","twitter_misc":{"Tiempo de lectura":"1 minuto"},"schema":{"@context":"https:\/\/schema.org","@graph":[{"@type":"WebPage","@id":"https:\/\/guarandafigueroarepuestos.com\/index.php\/producto\/caja-direccion-chevrolet-spark-gt-1-2\/","url":"https:\/\/guarandafigueroarepuestos.com\/index.php\/producto\/caja-direccion-chevrolet-spark-gt-1-2\/","name":"CAJA DIRECCI\u00d3N HIDR\u00c1ULICA CHEVROLET SPARK GT 1.2","isPartOf":{"@id":"https:\/\/guarandafigueroarepuestos.com\/#website"},"primaryImageOfPage":{"@id":"https:\/\/guarandafigueroarepuestos.com\/index.php\/producto\/caja-direccion-chevrolet-spark-gt-1-2\/#primaryimage"},"image":{"@id":"https:\/\/guarandafigueroarepuestos.com\/index.php\/producto\/caja-direccion-chevrolet-spark-gt-1-2\/#primaryimage"},"thumbnailUrl":"https:\/\/guarandafigueroarepuestos.com\/wp-content\/uploads\/2020\/03\/CAJA-DIRECCION-CREMALLERA-CHEVROLET-SPARK-LIFE-1.0.png","datePublished":"2020-03-26T18:20:17+00:00","dateModified":"2026-02-10T09:09:37+00:00","description":"Compra una caja de direcci\u00f3n o cremallera de direcci\u00f3n de alta calidad para tu Chevrolet Spark 1.0 Life. Asegura un manejo seguro.","breadcrumb":{"@id":"https:\/\/guarandafigueroarepuestos.com\/index.php\/producto\/caja-direccion-chevrolet-spark-gt-1-2\/#breadcrumb"},"inLanguage":"es","potentialAction":[{"@type":"ReadAction","target":["https:\/\/guarandafigueroarepuestos.com\/index.php\/producto\/caja-direccion-chevrolet-spark-gt-1-2\/"]}]},{"@type":"ImageObject","inLanguage":"es","@id":"https:\/\/guarandafigueroarepuestos.com\/index.php\/producto\/caja-direccion-chevrolet-spark-gt-1-2\/#primaryimage","url":"https:\/\/guarandafigueroarepuestos.com\/wp-content\/uploads\/2020\/03\/CAJA-DIRECCION-CREMALLERA-CHEVROLET-SPARK-LIFE-1.0.png","contentUrl":"https:\/\/guarandafigueroarepuestos.com\/wp-content\/uploads\/2020\/03\/CAJA-DIRECCION-CREMALLERA-CHEVROLET-SPARK-LIFE-1.0.png","width":1080,"height":1080},{"@type":"BreadcrumbList","@id":"https:\/\/guarandafigueroarepuestos.com\/index.php\/producto\/caja-direccion-chevrolet-spark-gt-1-2\/#breadcrumb","itemListElement":[{"@type":"ListItem","position":1,"name":"Portada","item":"https:\/\/guarandafigueroarepuestos.com\/"},{"@type":"ListItem","position":2,"name":"CATEGOR\u00cdAS","item":"https:\/\/guarandafigueroarepuestos.com\/index.php\/product-categories\/"},{"@type":"ListItem","position":3,"name":"CAJA DIRECCI\u00d3N HIDR\u00c1ULICA CHEVROLET SPARK GT 1.2"}]},{"@type":"WebSite","@id":"https:\/\/guarandafigueroarepuestos.com\/#website","url":"https:\/\/guarandafigueroarepuestos.com\/","name":"GUARANDA FIGUEROA","description":"REPUESTOS AUTOMOTRICES","publisher":{"@id":"https:\/\/guarandafigueroarepuestos.com\/#organization"},"potentialAction":[{"@type":"SearchAction","target":{"@type":"EntryPoint","urlTemplate":"https:\/\/guarandafigueroarepuestos.com\/?s={search_term_string}"},"query-input":{"@type":"PropertyValueSpecification","valueRequired":true,"valueName":"search_term_string"}}],"inLanguage":"es"},{"@type":"Organization","@id":"https:\/\/guarandafigueroarepuestos.com\/#organization","name":"Guaranda Figueroa Repuestos","alternateName":"Guaranda Figueroa Repuestos","url":"https:\/\/guarandafigueroarepuestos.com\/","logo":{"@type":"ImageObject","inLanguage":"es","@id":"https:\/\/guarandafigueroarepuestos.com\/#\/schema\/logo\/image\/","url":"https:\/\/guarandafigueroarepuestos.com\/wp-content\/uploads\/2025\/05\/cropped-Diseno-sin-titulo-2025-05-26T171805.272-e1748377787134.png","contentUrl":"https:\/\/guarandafigueroarepuestos.com\/wp-content\/uploads\/2025\/05\/cropped-Diseno-sin-titulo-2025-05-26T171805.272-e1748377787134.png","width":34,"height":34,"caption":"Guaranda Figueroa Repuestos"},"image":{"@id":"https:\/\/guarandafigueroarepuestos.com\/#\/schema\/logo\/image\/"}}]}},"_links":{"self":[{"href":"https:\/\/guarandafigueroarepuestos.com\/index.php\/wp-json\/wp\/v2\/product\/18076","targetHints":{"allow":["GET"]}}],"collection":[{"href":"https:\/\/guarandafigueroarepuestos.com\/index.php\/wp-json\/wp\/v2\/product"}],"about":[{"href":"https:\/\/guarandafigueroarepuestos.com\/index.php\/wp-json\/wp\/v2\/types\/product"}],"replies":[{"embeddable":true,"href":"https:\/\/guarandafigueroarepuestos.com\/index.php\/wp-json\/wp\/v2\/comments?post=18076"}],"wp:featuredmedia":[{"embeddable":true,"href":"https:\/\/guarandafigueroarepuestos.com\/index.php\/wp-json\/wp\/v2\/media\/375309"}],"wp:attachment":[{"href":"https:\/\/guarandafigueroarepuestos.com\/index.php\/wp-json\/wp\/v2\/media?parent=18076"}],"wp:term":[{"taxonomy":"product_brand","embeddable":true,"href":"https:\/\/guarandafigueroarepuestos.com\/index.php\/wp-json\/wp\/v2\/product_brand?post=18076"},{"taxonomy":"product_cat","embeddable":true,"href":"https:\/\/guarandafigueroarepuestos.com\/index.php\/wp-json\/wp\/v2\/product_cat?post=18076"},{"taxonomy":"product_tag","embeddable":true,"href":"https:\/\/guarandafigueroarepuestos.com\/index.php\/wp-json\/wp\/v2\/product_tag?post=18076"}],"curies":[{"name":"wp","href":"https:\/\/api.w.org\/{rel}","templated":true}]}}