{"id":19593,"date":"2020-04-25T18:29:41","date_gmt":"2020-04-25T18:29:41","guid":{"rendered":"https:\/\/guarandafigueroarepuestos.com\/?post_type=product&#038;p=19593"},"modified":"2025-01-22T19:14:40","modified_gmt":"2025-01-22T19:14:40","slug":"disco-de-freno-para-chevrolet-dmax-4x4-de-30-mm","status":"publish","type":"product","link":"https:\/\/guarandafigueroarepuestos.com\/index.php\/producto\/disco-de-freno-para-chevrolet-dmax-4x4-de-30-mm\/","title":{"rendered":"DISCO DE FRENO CHEVROLET DMAX 3.0 4&#215;4"},"content":{"rendered":"<h2>DISCO DE FRENO CHEVROLET DMAX 3.0 4&#215;4<\/h2>\n<p>Si eres due\u00f1o de un <strong>Chevrolet DMax 3.0 4&#215;4<\/strong> y est\u00e1s buscando discos de freno de alta calidad, \u00a1has llegado al lugar adecuado! Los discos de freno son una de las partes m\u00e1s esenciales de tu sistema de frenos, garantizando un frenado seguro y eficiente en tu camioneta 4&#215;4. Con el tiempo, los discos pueden desgastarse, lo que afecta su rendimiento y la seguridad al conducir.<\/p>\n<h3>\u00bfPor qu\u00e9 elegir discos de freno de calidad para tu Chevrolet DMax 3.0 4&#215;4?<\/h3>\n<p>El <strong>Chevrolet DMax 3.0 4&#215;4<\/strong> es un veh\u00edculo robusto y de alto rendimiento, ideal para quienes buscan durabilidad en terrenos dif\u00edciles. Para mantener su alto rendimiento y garantizar tu seguridad en cualquier situaci\u00f3n, es fundamental que los discos de freno est\u00e9n en \u00f3ptimas condiciones.<\/p>\n<p><strong>Ventajas de los discos de freno para Chevrolet DMax 3.0 4&#215;4:<\/strong><\/p>\n<ol>\n<li><strong>Mayor seguridad<\/strong>: Un disco de freno en buen estado proporciona una respuesta de frenado eficiente, reduciendo las distancias de detenci\u00f3n en condiciones extremas.<\/li>\n<li><strong>Durabilidad<\/strong>: Los discos de freno de alta calidad est\u00e1n dise\u00f1ados para resistir altas temperaturas y cargas pesadas, algo crucial para los veh\u00edculos 4&#215;4.<\/li>\n<li><strong>Rendimiento optimizado<\/strong>: Con discos de freno de recambio de calidad, la camioneta mantendr\u00e1 un frenado constante sin p\u00e9rdida de eficiencia.<\/li>\n<li><strong>Frenado sin vibraciones<\/strong>: Los discos de freno originales o de buena marca ayudan a evitar vibraciones al frenar, lo que mejora la comodidad y el control del veh\u00edculo.<\/li>\n<\/ol>\n","protected":false},"excerpt":{"rendered":"<h3>DISCO DE FRENO CHEVROLET DMAX 3.0 4&#215;4<\/h3>\n<p><strong>MARCA:<\/strong> DLB<\/p>\n<p><strong>ORIGEN:<\/strong> COREANO<\/p>\n<p>\u00bfNo est\u00e1s seguro de qu\u00e9 disco de freno elegir para tu Chevrolet DMax 3.0 4&#215;4? Cont\u00e1ctanos y recibe asesor\u00eda personalizada.<\/p>\n<h3><a href=\"http:\/\/wa.me\/593983905270?text=HOLA,%20NECESITO%20INFORMACI\u00d3N%20DEL%20PRODUCTO%20...\">\ud83d\udc49 Haz clic aqu\u00ed para hablar con nosotros en WhatsApp.<\/a><\/h3>\n","protected":false},"featured_media":375637,"comment_status":"open","ping_status":"closed","template":"","meta":[],"product_brand":[],"product_cat":[2057],"product_tag":[428,431,434,433,432,133],"class_list":{"0":"post-19593","1":"product","2":"type-product","3":"status-publish","4":"has-post-thumbnail","6":"product_cat-discos-de-freno","7":"product_tag-chevrolet-dmax","8":"product_tag-chevrolet-dmax-4x4","9":"product_tag-disco","10":"product_tag-disco-de-freno","11":"product_tag-disco-de-freno-para-chevrolet-dmax","12":"product_tag-freno","14":"first","15":"instock","16":"sale","17":"taxable","18":"shipping-taxable","19":"purchasable","20":"product-type-simple"},"yoast_head":"<!-- This site is optimized with the Yoast SEO plugin v25.1 - https:\/\/yoast.com\/wordpress\/plugins\/seo\/ -->\n<title>DISCO DE FRENO CHEVROLET DMAX 3.0 4x4 - GUARANDA FIGUEROA<\/title>\n<meta name=\"description\" content=\"Compra discos de freno para Chevrolet DMax 3.0 4x4 al mejor precio. Repuestos de alta calidad, rendimiento superior y seguridad garantizada.\" \/>\n<meta name=\"robots\" content=\"index, follow, max-snippet:-1, max-image-preview:large, max-video-preview:-1\" \/>\n<link rel=\"canonical\" href=\"https:\/\/guarandafigueroarepuestos.com\/index.php\/producto\/disco-de-freno-para-chevrolet-dmax-4x4-de-30-mm\/\" \/>\n<meta property=\"og:locale\" content=\"es_ES\" \/>\n<meta property=\"og:type\" content=\"article\" \/>\n<meta property=\"og:title\" content=\"DISCO DE FRENO CHEVROLET DMAX 3.0 4x4 - GUARANDA FIGUEROA\" \/>\n<meta property=\"og:description\" content=\"Compra discos de freno para Chevrolet DMax 3.0 4x4 al mejor precio. Repuestos de alta calidad, rendimiento superior y seguridad garantizada.\" \/>\n<meta property=\"og:url\" content=\"https:\/\/guarandafigueroarepuestos.com\/index.php\/producto\/disco-de-freno-para-chevrolet-dmax-4x4-de-30-mm\/\" \/>\n<meta property=\"og:site_name\" content=\"GUARANDA FIGUEROA\" \/>\n<meta property=\"article:modified_time\" content=\"2025-01-22T19:14:40+00:00\" \/>\n<meta property=\"og:image\" content=\"https:\/\/guarandafigueroarepuestos.com\/wp-content\/uploads\/2020\/04\/DISCO-DE-FRENO-CHEVROLET-DMAX-3.0-4x4-1.png\" \/>\n\t<meta property=\"og:image:width\" content=\"1080\" \/>\n\t<meta property=\"og:image:height\" content=\"1080\" \/>\n\t<meta property=\"og:image:type\" content=\"image\/png\" \/>\n<meta name=\"twitter:card\" content=\"summary_large_image\" \/>\n<meta name=\"twitter:label1\" content=\"Tiempo de lectura\" \/>\n\t<meta name=\"twitter:data1\" content=\"2 minutos\" \/>\n<script type=\"application\/ld+json\" class=\"yoast-schema-graph\">{\"@context\":\"https:\/\/schema.org\",\"@graph\":[{\"@type\":\"WebPage\",\"@id\":\"https:\/\/guarandafigueroarepuestos.com\/index.php\/producto\/disco-de-freno-para-chevrolet-dmax-4x4-de-30-mm\/\",\"url\":\"https:\/\/guarandafigueroarepuestos.com\/index.php\/producto\/disco-de-freno-para-chevrolet-dmax-4x4-de-30-mm\/\",\"name\":\"DISCO DE FRENO CHEVROLET DMAX 3.0 4x4 - GUARANDA FIGUEROA\",\"isPartOf\":{\"@id\":\"https:\/\/guarandafigueroarepuestos.com\/#website\"},\"primaryImageOfPage\":{\"@id\":\"https:\/\/guarandafigueroarepuestos.com\/index.php\/producto\/disco-de-freno-para-chevrolet-dmax-4x4-de-30-mm\/#primaryimage\"},\"image\":{\"@id\":\"https:\/\/guarandafigueroarepuestos.com\/index.php\/producto\/disco-de-freno-para-chevrolet-dmax-4x4-de-30-mm\/#primaryimage\"},\"thumbnailUrl\":\"https:\/\/guarandafigueroarepuestos.com\/wp-content\/uploads\/2020\/04\/DISCO-DE-FRENO-CHEVROLET-DMAX-3.0-4x4-1.png\",\"datePublished\":\"2020-04-25T18:29:41+00:00\",\"dateModified\":\"2025-01-22T19:14:40+00:00\",\"description\":\"Compra discos de freno para Chevrolet DMax 3.0 4x4 al mejor precio. Repuestos de alta calidad, rendimiento superior y seguridad garantizada.\",\"breadcrumb\":{\"@id\":\"https:\/\/guarandafigueroarepuestos.com\/index.php\/producto\/disco-de-freno-para-chevrolet-dmax-4x4-de-30-mm\/#breadcrumb\"},\"inLanguage\":\"es\",\"potentialAction\":[{\"@type\":\"ReadAction\",\"target\":[\"https:\/\/guarandafigueroarepuestos.com\/index.php\/producto\/disco-de-freno-para-chevrolet-dmax-4x4-de-30-mm\/\"]}]},{\"@type\":\"ImageObject\",\"inLanguage\":\"es\",\"@id\":\"https:\/\/guarandafigueroarepuestos.com\/index.php\/producto\/disco-de-freno-para-chevrolet-dmax-4x4-de-30-mm\/#primaryimage\",\"url\":\"https:\/\/guarandafigueroarepuestos.com\/wp-content\/uploads\/2020\/04\/DISCO-DE-FRENO-CHEVROLET-DMAX-3.0-4x4-1.png\",\"contentUrl\":\"https:\/\/guarandafigueroarepuestos.com\/wp-content\/uploads\/2020\/04\/DISCO-DE-FRENO-CHEVROLET-DMAX-3.0-4x4-1.png\",\"width\":1080,\"height\":1080,\"caption\":\"DISCO DE FRENO CHEVROLET DMAX 3.0 4x4\"},{\"@type\":\"BreadcrumbList\",\"@id\":\"https:\/\/guarandafigueroarepuestos.com\/index.php\/producto\/disco-de-freno-para-chevrolet-dmax-4x4-de-30-mm\/#breadcrumb\",\"itemListElement\":[{\"@type\":\"ListItem\",\"position\":1,\"name\":\"Portada\",\"item\":\"https:\/\/guarandafigueroarepuestos.com\/\"},{\"@type\":\"ListItem\",\"position\":2,\"name\":\"CATEGOR\u00cdAS\",\"item\":\"https:\/\/guarandafigueroarepuestos.com\/index.php\/product-categories\/\"},{\"@type\":\"ListItem\",\"position\":3,\"name\":\"DISCO DE FRENO CHEVROLET DMAX 3.0 4&#215;4\"}]},{\"@type\":\"WebSite\",\"@id\":\"https:\/\/guarandafigueroarepuestos.com\/#website\",\"url\":\"https:\/\/guarandafigueroarepuestos.com\/\",\"name\":\"GUARANDA FIGUEROA\",\"description\":\"REPUESTOS AUTOMOTRICES\",\"publisher\":{\"@id\":\"https:\/\/guarandafigueroarepuestos.com\/#organization\"},\"potentialAction\":[{\"@type\":\"SearchAction\",\"target\":{\"@type\":\"EntryPoint\",\"urlTemplate\":\"https:\/\/guarandafigueroarepuestos.com\/?s={search_term_string}\"},\"query-input\":{\"@type\":\"PropertyValueSpecification\",\"valueRequired\":true,\"valueName\":\"search_term_string\"}}],\"inLanguage\":\"es\"},{\"@type\":\"Organization\",\"@id\":\"https:\/\/guarandafigueroarepuestos.com\/#organization\",\"name\":\"Guaranda Figueroa Repuestos\",\"alternateName\":\"Guaranda Figueroa Repuestos\",\"url\":\"https:\/\/guarandafigueroarepuestos.com\/\",\"logo\":{\"@type\":\"ImageObject\",\"inLanguage\":\"es\",\"@id\":\"https:\/\/guarandafigueroarepuestos.com\/#\/schema\/logo\/image\/\",\"url\":\"https:\/\/guarandafigueroarepuestos.com\/wp-content\/uploads\/2025\/05\/cropped-Diseno-sin-titulo-2025-05-26T171805.272-e1748377787134.png\",\"contentUrl\":\"https:\/\/guarandafigueroarepuestos.com\/wp-content\/uploads\/2025\/05\/cropped-Diseno-sin-titulo-2025-05-26T171805.272-e1748377787134.png\",\"width\":34,\"height\":34,\"caption\":\"Guaranda Figueroa Repuestos\"},\"image\":{\"@id\":\"https:\/\/guarandafigueroarepuestos.com\/#\/schema\/logo\/image\/\"}}]}<\/script>\n<!-- \/ Yoast SEO plugin. -->","yoast_head_json":{"title":"DISCO DE FRENO CHEVROLET DMAX 3.0 4x4 - GUARANDA FIGUEROA","description":"Compra discos de freno para Chevrolet DMax 3.0 4x4 al mejor precio. Repuestos de alta calidad, rendimiento superior y seguridad garantizada.","robots":{"index":"index","follow":"follow","max-snippet":"max-snippet:-1","max-image-preview":"max-image-preview:large","max-video-preview":"max-video-preview:-1"},"canonical":"https:\/\/guarandafigueroarepuestos.com\/index.php\/producto\/disco-de-freno-para-chevrolet-dmax-4x4-de-30-mm\/","og_locale":"es_ES","og_type":"article","og_title":"DISCO DE FRENO CHEVROLET DMAX 3.0 4x4 - GUARANDA FIGUEROA","og_description":"Compra discos de freno para Chevrolet DMax 3.0 4x4 al mejor precio. Repuestos de alta calidad, rendimiento superior y seguridad garantizada.","og_url":"https:\/\/guarandafigueroarepuestos.com\/index.php\/producto\/disco-de-freno-para-chevrolet-dmax-4x4-de-30-mm\/","og_site_name":"GUARANDA FIGUEROA","article_modified_time":"2025-01-22T19:14:40+00:00","og_image":[{"width":1080,"height":1080,"url":"https:\/\/guarandafigueroarepuestos.com\/wp-content\/uploads\/2020\/04\/DISCO-DE-FRENO-CHEVROLET-DMAX-3.0-4x4-1.png","type":"image\/png"}],"twitter_card":"summary_large_image","twitter_misc":{"Tiempo de lectura":"2 minutos"},"schema":{"@context":"https:\/\/schema.org","@graph":[{"@type":"WebPage","@id":"https:\/\/guarandafigueroarepuestos.com\/index.php\/producto\/disco-de-freno-para-chevrolet-dmax-4x4-de-30-mm\/","url":"https:\/\/guarandafigueroarepuestos.com\/index.php\/producto\/disco-de-freno-para-chevrolet-dmax-4x4-de-30-mm\/","name":"DISCO DE FRENO CHEVROLET DMAX 3.0 4x4 - GUARANDA FIGUEROA","isPartOf":{"@id":"https:\/\/guarandafigueroarepuestos.com\/#website"},"primaryImageOfPage":{"@id":"https:\/\/guarandafigueroarepuestos.com\/index.php\/producto\/disco-de-freno-para-chevrolet-dmax-4x4-de-30-mm\/#primaryimage"},"image":{"@id":"https:\/\/guarandafigueroarepuestos.com\/index.php\/producto\/disco-de-freno-para-chevrolet-dmax-4x4-de-30-mm\/#primaryimage"},"thumbnailUrl":"https:\/\/guarandafigueroarepuestos.com\/wp-content\/uploads\/2020\/04\/DISCO-DE-FRENO-CHEVROLET-DMAX-3.0-4x4-1.png","datePublished":"2020-04-25T18:29:41+00:00","dateModified":"2025-01-22T19:14:40+00:00","description":"Compra discos de freno para Chevrolet DMax 3.0 4x4 al mejor precio. Repuestos de alta calidad, rendimiento superior y seguridad garantizada.","breadcrumb":{"@id":"https:\/\/guarandafigueroarepuestos.com\/index.php\/producto\/disco-de-freno-para-chevrolet-dmax-4x4-de-30-mm\/#breadcrumb"},"inLanguage":"es","potentialAction":[{"@type":"ReadAction","target":["https:\/\/guarandafigueroarepuestos.com\/index.php\/producto\/disco-de-freno-para-chevrolet-dmax-4x4-de-30-mm\/"]}]},{"@type":"ImageObject","inLanguage":"es","@id":"https:\/\/guarandafigueroarepuestos.com\/index.php\/producto\/disco-de-freno-para-chevrolet-dmax-4x4-de-30-mm\/#primaryimage","url":"https:\/\/guarandafigueroarepuestos.com\/wp-content\/uploads\/2020\/04\/DISCO-DE-FRENO-CHEVROLET-DMAX-3.0-4x4-1.png","contentUrl":"https:\/\/guarandafigueroarepuestos.com\/wp-content\/uploads\/2020\/04\/DISCO-DE-FRENO-CHEVROLET-DMAX-3.0-4x4-1.png","width":1080,"height":1080,"caption":"DISCO DE FRENO CHEVROLET DMAX 3.0 4x4"},{"@type":"BreadcrumbList","@id":"https:\/\/guarandafigueroarepuestos.com\/index.php\/producto\/disco-de-freno-para-chevrolet-dmax-4x4-de-30-mm\/#breadcrumb","itemListElement":[{"@type":"ListItem","position":1,"name":"Portada","item":"https:\/\/guarandafigueroarepuestos.com\/"},{"@type":"ListItem","position":2,"name":"CATEGOR\u00cdAS","item":"https:\/\/guarandafigueroarepuestos.com\/index.php\/product-categories\/"},{"@type":"ListItem","position":3,"name":"DISCO DE FRENO CHEVROLET DMAX 3.0 4&#215;4"}]},{"@type":"WebSite","@id":"https:\/\/guarandafigueroarepuestos.com\/#website","url":"https:\/\/guarandafigueroarepuestos.com\/","name":"GUARANDA FIGUEROA","description":"REPUESTOS AUTOMOTRICES","publisher":{"@id":"https:\/\/guarandafigueroarepuestos.com\/#organization"},"potentialAction":[{"@type":"SearchAction","target":{"@type":"EntryPoint","urlTemplate":"https:\/\/guarandafigueroarepuestos.com\/?s={search_term_string}"},"query-input":{"@type":"PropertyValueSpecification","valueRequired":true,"valueName":"search_term_string"}}],"inLanguage":"es"},{"@type":"Organization","@id":"https:\/\/guarandafigueroarepuestos.com\/#organization","name":"Guaranda Figueroa Repuestos","alternateName":"Guaranda Figueroa Repuestos","url":"https:\/\/guarandafigueroarepuestos.com\/","logo":{"@type":"ImageObject","inLanguage":"es","@id":"https:\/\/guarandafigueroarepuestos.com\/#\/schema\/logo\/image\/","url":"https:\/\/guarandafigueroarepuestos.com\/wp-content\/uploads\/2025\/05\/cropped-Diseno-sin-titulo-2025-05-26T171805.272-e1748377787134.png","contentUrl":"https:\/\/guarandafigueroarepuestos.com\/wp-content\/uploads\/2025\/05\/cropped-Diseno-sin-titulo-2025-05-26T171805.272-e1748377787134.png","width":34,"height":34,"caption":"Guaranda Figueroa Repuestos"},"image":{"@id":"https:\/\/guarandafigueroarepuestos.com\/#\/schema\/logo\/image\/"}}]}},"_links":{"self":[{"href":"https:\/\/guarandafigueroarepuestos.com\/index.php\/wp-json\/wp\/v2\/product\/19593","targetHints":{"allow":["GET"]}}],"collection":[{"href":"https:\/\/guarandafigueroarepuestos.com\/index.php\/wp-json\/wp\/v2\/product"}],"about":[{"href":"https:\/\/guarandafigueroarepuestos.com\/index.php\/wp-json\/wp\/v2\/types\/product"}],"replies":[{"embeddable":true,"href":"https:\/\/guarandafigueroarepuestos.com\/index.php\/wp-json\/wp\/v2\/comments?post=19593"}],"wp:featuredmedia":[{"embeddable":true,"href":"https:\/\/guarandafigueroarepuestos.com\/index.php\/wp-json\/wp\/v2\/media\/375637"}],"wp:attachment":[{"href":"https:\/\/guarandafigueroarepuestos.com\/index.php\/wp-json\/wp\/v2\/media?parent=19593"}],"wp:term":[{"taxonomy":"product_brand","embeddable":true,"href":"https:\/\/guarandafigueroarepuestos.com\/index.php\/wp-json\/wp\/v2\/product_brand?post=19593"},{"taxonomy":"product_cat","embeddable":true,"href":"https:\/\/guarandafigueroarepuestos.com\/index.php\/wp-json\/wp\/v2\/product_cat?post=19593"},{"taxonomy":"product_tag","embeddable":true,"href":"https:\/\/guarandafigueroarepuestos.com\/index.php\/wp-json\/wp\/v2\/product_tag?post=19593"}],"curies":[{"name":"wp","href":"https:\/\/api.w.org\/{rel}","templated":true}]}}