{"id":21832,"date":"2020-06-03T14:02:54","date_gmt":"2020-06-03T14:02:54","guid":{"rendered":"https:\/\/guarandafigueroarepuestos.com\/?post_type=product&#038;p=21832"},"modified":"2022-11-22T14:14:34","modified_gmt":"2022-11-22T14:14:34","slug":"combo-de-terminales-y-axiales-de-direccion-para-kia-rio-xcite","status":"publish","type":"product","link":"https:\/\/guarandafigueroarepuestos.com\/index.php\/producto\/combo-de-terminales-y-axiales-de-direccion-para-kia-rio-xcite\/","title":{"rendered":"COMBO DE TERMINALES Y AXIALES DE DIRECCI\u00d3N PARA KIA RIO XCITE"},"content":{"rendered":"<p>ESTE ES UN GRANDIOSO COMBO DE TERMINALES Y AXIALES DE DIRECCI\u00d3N PARA KIA RIO XCITE<\/p>\n<p>EN ESTE COMBO LAS MARCAS DE LOS TERMINALES Y AXIALES SON:<\/p>\n<ul>\n<li>TERMINALES DE DIRECCI\u00d3N\u00a0 \u00a0 \u00a0 \u00a0 \u00a0 \u00a0 \u00a0 \u00a0 CTR<\/li>\n<li>AXIALES DE DIRECCI\u00d3N\u00a0 \u00a0 \u00a0 \u00a0 \u00a0 \u00a0 \u00a0 \u00a0 \u00a0 \u00a0 \u00a0 \u00a0 \u00a0 CTR<\/li>\n<\/ul>\n","protected":false},"excerpt":{"rendered":"<p>ESTE ES UN GRANDIOSO COMBO DE TERMINALES Y AXIALES DE DIRECCI\u00d3N PARA KIA RIO XCITE<\/p>\n<p>EN ESTE COMBO LAS MARCAS DE LOS TERMINALES Y AXIALES SON:<\/p>\n<ul>\n<li>TERMINALES DE DIRECCI\u00d3N\u00a0 \u00a0 \u00a0 \u00a0 \u00a0 \u00a0 \u00a0 \u00a0 CTR<\/li>\n<li>AXIALES DE DIRECCI\u00d3N\u00a0 \u00a0 \u00a0 \u00a0 \u00a0 \u00a0 \u00a0 \u00a0 \u00a0 \u00a0 \u00a0 \u00a0 \u00a0 CTR<\/li>\n<\/ul>\n<p><a href=\"http:\/wa.me\/593987268273?text=hola%20necesito%20informacion%20del%20producto%20565401G000O-568201G000K\">CONSULTANOS, ESTAMOS PARA SERVIRLE <img decoding=\"async\" class=\"alignnone wp-image-21179\" src=\"https:\/\/guarandafigueroarepuestos.com\/wp-content\/uploads\/2020\/05\/00roto-whats00app00-001.png\" alt=\"\" width=\"83\" height=\"83\" srcset=\"https:\/\/guarandafigueroarepuestos.com\/wp-content\/uploads\/2020\/05\/00roto-whats00app00-001-66x66.png 66w, https:\/\/guarandafigueroarepuestos.com\/wp-content\/uploads\/2020\/05\/00roto-whats00app00-001-100x100.png 100w, https:\/\/guarandafigueroarepuestos.com\/wp-content\/uploads\/2020\/05\/00roto-whats00app00-001-150x150.png 150w, https:\/\/guarandafigueroarepuestos.com\/wp-content\/uploads\/2020\/05\/00roto-whats00app00-001-200x200.png 200w, https:\/\/guarandafigueroarepuestos.com\/wp-content\/uploads\/2020\/05\/00roto-whats00app00-001.png 256w\" sizes=\"(max-width: 83px) 100vw, 83px\" \/><\/a><\/p>\n","protected":false},"featured_media":21833,"comment_status":"open","ping_status":"closed","template":"","meta":[],"product_brand":[],"product_cat":[918],"product_tag":[1085,1083,1084],"class_list":{"0":"post-21832","1":"product","2":"type-product","3":"status-publish","4":"has-post-thumbnail","6":"product_cat-promociones","7":"product_tag-axiales-de-direccion-para-kia-rio-xcite","8":"product_tag-combo-de-direccion-para-kia-rio-xcite","9":"product_tag-terminal-de-direccion-para-kia-rio-xcite","11":"first","12":"instock","13":"sale","14":"taxable","15":"shipping-taxable","16":"purchasable","17":"product-type-simple"},"yoast_head":"<!-- This site is optimized with the Yoast SEO plugin v25.1 - https:\/\/yoast.com\/wordpress\/plugins\/seo\/ -->\n<title>COMBO DE TERMINALES Y AXIALES DE DIRECCI\u00d3N PARA KIA RIO XCITE - GUARANDA FIGUEROA<\/title>\n<meta name=\"description\" content=\"ESTE ES UN GRANDIOSO COMBO DE TERMINALES Y AXIALES DE DIRECCI\u00d3N PARA KIA RIO XCITEEN ESTE COMBO LAS MARCAS DE LOS TERMINALES Y AXIALES SON:TERMINALES DE DIRECCI\u00d3N\u00a0 \u00a0 \u00a0 \u00a0 \u00a0 \u00a0 \u00a0 \u00a0 CTRAXIALES DE DIRECCI\u00d3N\u00a0 \u00a0 \u00a0 \u00a0 \u00a0 \u00a0 \u00a0 \u00a0 \u00a0 \u00a0 \u00a0 \u00a0 \u00a0 CTR\" \/>\n<meta name=\"robots\" content=\"index, follow, max-snippet:-1, max-image-preview:large, max-video-preview:-1\" \/>\n<link rel=\"canonical\" href=\"https:\/\/guarandafigueroarepuestos.com\/index.php\/producto\/combo-de-terminales-y-axiales-de-direccion-para-kia-rio-xcite\/\" \/>\n<meta property=\"og:locale\" content=\"es_ES\" \/>\n<meta property=\"og:type\" content=\"article\" \/>\n<meta property=\"og:title\" content=\"COMBO DE TERMINALES Y AXIALES DE DIRECCI\u00d3N PARA KIA RIO XCITE - GUARANDA FIGUEROA\" \/>\n<meta property=\"og:description\" content=\"ESTE ES UN GRANDIOSO COMBO DE TERMINALES Y AXIALES DE DIRECCI\u00d3N PARA KIA RIO XCITEEN ESTE COMBO LAS MARCAS DE LOS TERMINALES Y AXIALES SON:TERMINALES DE DIRECCI\u00d3N\u00a0 \u00a0 \u00a0 \u00a0 \u00a0 \u00a0 \u00a0 \u00a0 CTRAXIALES DE DIRECCI\u00d3N\u00a0 \u00a0 \u00a0 \u00a0 \u00a0 \u00a0 \u00a0 \u00a0 \u00a0 \u00a0 \u00a0 \u00a0 \u00a0 CTR\" \/>\n<meta property=\"og:url\" content=\"https:\/\/guarandafigueroarepuestos.com\/index.php\/producto\/combo-de-terminales-y-axiales-de-direccion-para-kia-rio-xcite\/\" \/>\n<meta property=\"og:site_name\" content=\"GUARANDA FIGUEROA\" \/>\n<meta property=\"article:modified_time\" content=\"2022-11-22T14:14:34+00:00\" \/>\n<meta property=\"og:image\" content=\"https:\/\/guarandafigueroarepuestos.com\/wp-content\/uploads\/2020\/06\/kia-rio-xcite-2.jpeg\" \/>\n\t<meta property=\"og:image:width\" content=\"1280\" \/>\n\t<meta property=\"og:image:height\" content=\"960\" \/>\n\t<meta property=\"og:image:type\" content=\"image\/jpeg\" \/>\n<meta name=\"twitter:card\" content=\"summary_large_image\" \/>\n<script type=\"application\/ld+json\" class=\"yoast-schema-graph\">{\"@context\":\"https:\/\/schema.org\",\"@graph\":[{\"@type\":\"WebPage\",\"@id\":\"https:\/\/guarandafigueroarepuestos.com\/index.php\/producto\/combo-de-terminales-y-axiales-de-direccion-para-kia-rio-xcite\/\",\"url\":\"https:\/\/guarandafigueroarepuestos.com\/index.php\/producto\/combo-de-terminales-y-axiales-de-direccion-para-kia-rio-xcite\/\",\"name\":\"COMBO DE TERMINALES Y AXIALES DE DIRECCI\u00d3N PARA KIA RIO XCITE - GUARANDA FIGUEROA\",\"isPartOf\":{\"@id\":\"https:\/\/guarandafigueroarepuestos.com\/#website\"},\"primaryImageOfPage\":{\"@id\":\"https:\/\/guarandafigueroarepuestos.com\/index.php\/producto\/combo-de-terminales-y-axiales-de-direccion-para-kia-rio-xcite\/#primaryimage\"},\"image\":{\"@id\":\"https:\/\/guarandafigueroarepuestos.com\/index.php\/producto\/combo-de-terminales-y-axiales-de-direccion-para-kia-rio-xcite\/#primaryimage\"},\"thumbnailUrl\":\"https:\/\/guarandafigueroarepuestos.com\/wp-content\/uploads\/2020\/06\/kia-rio-xcite-2.jpeg\",\"datePublished\":\"2020-06-03T14:02:54+00:00\",\"dateModified\":\"2022-11-22T14:14:34+00:00\",\"description\":\"ESTE ES UN GRANDIOSO COMBO DE TERMINALES Y AXIALES DE DIRECCI\u00d3N PARA KIA RIO XCITEEN ESTE COMBO LAS MARCAS DE LOS TERMINALES Y AXIALES SON:TERMINALES DE DIRECCI\u00d3N\u00a0 \u00a0 \u00a0 \u00a0 \u00a0 \u00a0 \u00a0 \u00a0 CTRAXIALES DE DIRECCI\u00d3N\u00a0 \u00a0 \u00a0 \u00a0 \u00a0 \u00a0 \u00a0 \u00a0 \u00a0 \u00a0 \u00a0 \u00a0 \u00a0 CTR\",\"breadcrumb\":{\"@id\":\"https:\/\/guarandafigueroarepuestos.com\/index.php\/producto\/combo-de-terminales-y-axiales-de-direccion-para-kia-rio-xcite\/#breadcrumb\"},\"inLanguage\":\"es\",\"potentialAction\":[{\"@type\":\"ReadAction\",\"target\":[\"https:\/\/guarandafigueroarepuestos.com\/index.php\/producto\/combo-de-terminales-y-axiales-de-direccion-para-kia-rio-xcite\/\"]}]},{\"@type\":\"ImageObject\",\"inLanguage\":\"es\",\"@id\":\"https:\/\/guarandafigueroarepuestos.com\/index.php\/producto\/combo-de-terminales-y-axiales-de-direccion-para-kia-rio-xcite\/#primaryimage\",\"url\":\"https:\/\/guarandafigueroarepuestos.com\/wp-content\/uploads\/2020\/06\/kia-rio-xcite-2.jpeg\",\"contentUrl\":\"https:\/\/guarandafigueroarepuestos.com\/wp-content\/uploads\/2020\/06\/kia-rio-xcite-2.jpeg\",\"width\":1280,\"height\":960,\"caption\":\"COMBO DE DIRECCION PARA KIA RIO XCITE\"},{\"@type\":\"BreadcrumbList\",\"@id\":\"https:\/\/guarandafigueroarepuestos.com\/index.php\/producto\/combo-de-terminales-y-axiales-de-direccion-para-kia-rio-xcite\/#breadcrumb\",\"itemListElement\":[{\"@type\":\"ListItem\",\"position\":1,\"name\":\"Portada\",\"item\":\"https:\/\/guarandafigueroarepuestos.com\/\"},{\"@type\":\"ListItem\",\"position\":2,\"name\":\"CATEGOR\u00cdAS\",\"item\":\"https:\/\/guarandafigueroarepuestos.com\/index.php\/product-categories\/\"},{\"@type\":\"ListItem\",\"position\":3,\"name\":\"COMBO DE TERMINALES Y AXIALES DE DIRECCI\u00d3N PARA KIA RIO XCITE\"}]},{\"@type\":\"WebSite\",\"@id\":\"https:\/\/guarandafigueroarepuestos.com\/#website\",\"url\":\"https:\/\/guarandafigueroarepuestos.com\/\",\"name\":\"GUARANDA FIGUEROA\",\"description\":\"REPUESTOS AUTOMOTRICES\",\"publisher\":{\"@id\":\"https:\/\/guarandafigueroarepuestos.com\/#organization\"},\"potentialAction\":[{\"@type\":\"SearchAction\",\"target\":{\"@type\":\"EntryPoint\",\"urlTemplate\":\"https:\/\/guarandafigueroarepuestos.com\/?s={search_term_string}\"},\"query-input\":{\"@type\":\"PropertyValueSpecification\",\"valueRequired\":true,\"valueName\":\"search_term_string\"}}],\"inLanguage\":\"es\"},{\"@type\":\"Organization\",\"@id\":\"https:\/\/guarandafigueroarepuestos.com\/#organization\",\"name\":\"Guaranda Figueroa Repuestos\",\"alternateName\":\"Guaranda Figueroa Repuestos\",\"url\":\"https:\/\/guarandafigueroarepuestos.com\/\",\"logo\":{\"@type\":\"ImageObject\",\"inLanguage\":\"es\",\"@id\":\"https:\/\/guarandafigueroarepuestos.com\/#\/schema\/logo\/image\/\",\"url\":\"https:\/\/guarandafigueroarepuestos.com\/wp-content\/uploads\/2025\/05\/cropped-Diseno-sin-titulo-2025-05-26T171805.272-e1748377787134.png\",\"contentUrl\":\"https:\/\/guarandafigueroarepuestos.com\/wp-content\/uploads\/2025\/05\/cropped-Diseno-sin-titulo-2025-05-26T171805.272-e1748377787134.png\",\"width\":34,\"height\":34,\"caption\":\"Guaranda Figueroa Repuestos\"},\"image\":{\"@id\":\"https:\/\/guarandafigueroarepuestos.com\/#\/schema\/logo\/image\/\"}}]}<\/script>\n<!-- \/ Yoast SEO plugin. -->","yoast_head_json":{"title":"COMBO DE TERMINALES Y AXIALES DE DIRECCI\u00d3N PARA KIA RIO XCITE - GUARANDA FIGUEROA","description":"ESTE ES UN GRANDIOSO COMBO DE TERMINALES Y AXIALES DE DIRECCI\u00d3N PARA KIA RIO XCITEEN ESTE COMBO LAS MARCAS DE LOS TERMINALES Y AXIALES SON:TERMINALES DE DIRECCI\u00d3N\u00a0 \u00a0 \u00a0 \u00a0 \u00a0 \u00a0 \u00a0 \u00a0 CTRAXIALES DE DIRECCI\u00d3N\u00a0 \u00a0 \u00a0 \u00a0 \u00a0 \u00a0 \u00a0 \u00a0 \u00a0 \u00a0 \u00a0 \u00a0 \u00a0 CTR","robots":{"index":"index","follow":"follow","max-snippet":"max-snippet:-1","max-image-preview":"max-image-preview:large","max-video-preview":"max-video-preview:-1"},"canonical":"https:\/\/guarandafigueroarepuestos.com\/index.php\/producto\/combo-de-terminales-y-axiales-de-direccion-para-kia-rio-xcite\/","og_locale":"es_ES","og_type":"article","og_title":"COMBO DE TERMINALES Y AXIALES DE DIRECCI\u00d3N PARA KIA RIO XCITE - GUARANDA FIGUEROA","og_description":"ESTE ES UN GRANDIOSO COMBO DE TERMINALES Y AXIALES DE DIRECCI\u00d3N PARA KIA RIO XCITEEN ESTE COMBO LAS MARCAS DE LOS TERMINALES Y AXIALES SON:TERMINALES DE DIRECCI\u00d3N\u00a0 \u00a0 \u00a0 \u00a0 \u00a0 \u00a0 \u00a0 \u00a0 CTRAXIALES DE DIRECCI\u00d3N\u00a0 \u00a0 \u00a0 \u00a0 \u00a0 \u00a0 \u00a0 \u00a0 \u00a0 \u00a0 \u00a0 \u00a0 \u00a0 CTR","og_url":"https:\/\/guarandafigueroarepuestos.com\/index.php\/producto\/combo-de-terminales-y-axiales-de-direccion-para-kia-rio-xcite\/","og_site_name":"GUARANDA FIGUEROA","article_modified_time":"2022-11-22T14:14:34+00:00","og_image":[{"width":1280,"height":960,"url":"https:\/\/guarandafigueroarepuestos.com\/wp-content\/uploads\/2020\/06\/kia-rio-xcite-2.jpeg","type":"image\/jpeg"}],"twitter_card":"summary_large_image","schema":{"@context":"https:\/\/schema.org","@graph":[{"@type":"WebPage","@id":"https:\/\/guarandafigueroarepuestos.com\/index.php\/producto\/combo-de-terminales-y-axiales-de-direccion-para-kia-rio-xcite\/","url":"https:\/\/guarandafigueroarepuestos.com\/index.php\/producto\/combo-de-terminales-y-axiales-de-direccion-para-kia-rio-xcite\/","name":"COMBO DE TERMINALES Y AXIALES DE DIRECCI\u00d3N PARA KIA RIO XCITE - GUARANDA FIGUEROA","isPartOf":{"@id":"https:\/\/guarandafigueroarepuestos.com\/#website"},"primaryImageOfPage":{"@id":"https:\/\/guarandafigueroarepuestos.com\/index.php\/producto\/combo-de-terminales-y-axiales-de-direccion-para-kia-rio-xcite\/#primaryimage"},"image":{"@id":"https:\/\/guarandafigueroarepuestos.com\/index.php\/producto\/combo-de-terminales-y-axiales-de-direccion-para-kia-rio-xcite\/#primaryimage"},"thumbnailUrl":"https:\/\/guarandafigueroarepuestos.com\/wp-content\/uploads\/2020\/06\/kia-rio-xcite-2.jpeg","datePublished":"2020-06-03T14:02:54+00:00","dateModified":"2022-11-22T14:14:34+00:00","description":"ESTE ES UN GRANDIOSO COMBO DE TERMINALES Y AXIALES DE DIRECCI\u00d3N PARA KIA RIO XCITEEN ESTE COMBO LAS MARCAS DE LOS TERMINALES Y AXIALES SON:TERMINALES DE DIRECCI\u00d3N\u00a0 \u00a0 \u00a0 \u00a0 \u00a0 \u00a0 \u00a0 \u00a0 CTRAXIALES DE DIRECCI\u00d3N\u00a0 \u00a0 \u00a0 \u00a0 \u00a0 \u00a0 \u00a0 \u00a0 \u00a0 \u00a0 \u00a0 \u00a0 \u00a0 CTR","breadcrumb":{"@id":"https:\/\/guarandafigueroarepuestos.com\/index.php\/producto\/combo-de-terminales-y-axiales-de-direccion-para-kia-rio-xcite\/#breadcrumb"},"inLanguage":"es","potentialAction":[{"@type":"ReadAction","target":["https:\/\/guarandafigueroarepuestos.com\/index.php\/producto\/combo-de-terminales-y-axiales-de-direccion-para-kia-rio-xcite\/"]}]},{"@type":"ImageObject","inLanguage":"es","@id":"https:\/\/guarandafigueroarepuestos.com\/index.php\/producto\/combo-de-terminales-y-axiales-de-direccion-para-kia-rio-xcite\/#primaryimage","url":"https:\/\/guarandafigueroarepuestos.com\/wp-content\/uploads\/2020\/06\/kia-rio-xcite-2.jpeg","contentUrl":"https:\/\/guarandafigueroarepuestos.com\/wp-content\/uploads\/2020\/06\/kia-rio-xcite-2.jpeg","width":1280,"height":960,"caption":"COMBO DE DIRECCION PARA KIA RIO XCITE"},{"@type":"BreadcrumbList","@id":"https:\/\/guarandafigueroarepuestos.com\/index.php\/producto\/combo-de-terminales-y-axiales-de-direccion-para-kia-rio-xcite\/#breadcrumb","itemListElement":[{"@type":"ListItem","position":1,"name":"Portada","item":"https:\/\/guarandafigueroarepuestos.com\/"},{"@type":"ListItem","position":2,"name":"CATEGOR\u00cdAS","item":"https:\/\/guarandafigueroarepuestos.com\/index.php\/product-categories\/"},{"@type":"ListItem","position":3,"name":"COMBO DE TERMINALES Y AXIALES DE DIRECCI\u00d3N PARA KIA RIO XCITE"}]},{"@type":"WebSite","@id":"https:\/\/guarandafigueroarepuestos.com\/#website","url":"https:\/\/guarandafigueroarepuestos.com\/","name":"GUARANDA FIGUEROA","description":"REPUESTOS AUTOMOTRICES","publisher":{"@id":"https:\/\/guarandafigueroarepuestos.com\/#organization"},"potentialAction":[{"@type":"SearchAction","target":{"@type":"EntryPoint","urlTemplate":"https:\/\/guarandafigueroarepuestos.com\/?s={search_term_string}"},"query-input":{"@type":"PropertyValueSpecification","valueRequired":true,"valueName":"search_term_string"}}],"inLanguage":"es"},{"@type":"Organization","@id":"https:\/\/guarandafigueroarepuestos.com\/#organization","name":"Guaranda Figueroa Repuestos","alternateName":"Guaranda Figueroa Repuestos","url":"https:\/\/guarandafigueroarepuestos.com\/","logo":{"@type":"ImageObject","inLanguage":"es","@id":"https:\/\/guarandafigueroarepuestos.com\/#\/schema\/logo\/image\/","url":"https:\/\/guarandafigueroarepuestos.com\/wp-content\/uploads\/2025\/05\/cropped-Diseno-sin-titulo-2025-05-26T171805.272-e1748377787134.png","contentUrl":"https:\/\/guarandafigueroarepuestos.com\/wp-content\/uploads\/2025\/05\/cropped-Diseno-sin-titulo-2025-05-26T171805.272-e1748377787134.png","width":34,"height":34,"caption":"Guaranda Figueroa Repuestos"},"image":{"@id":"https:\/\/guarandafigueroarepuestos.com\/#\/schema\/logo\/image\/"}}]}},"_links":{"self":[{"href":"https:\/\/guarandafigueroarepuestos.com\/index.php\/wp-json\/wp\/v2\/product\/21832","targetHints":{"allow":["GET"]}}],"collection":[{"href":"https:\/\/guarandafigueroarepuestos.com\/index.php\/wp-json\/wp\/v2\/product"}],"about":[{"href":"https:\/\/guarandafigueroarepuestos.com\/index.php\/wp-json\/wp\/v2\/types\/product"}],"replies":[{"embeddable":true,"href":"https:\/\/guarandafigueroarepuestos.com\/index.php\/wp-json\/wp\/v2\/comments?post=21832"}],"wp:featuredmedia":[{"embeddable":true,"href":"https:\/\/guarandafigueroarepuestos.com\/index.php\/wp-json\/wp\/v2\/media\/21833"}],"wp:attachment":[{"href":"https:\/\/guarandafigueroarepuestos.com\/index.php\/wp-json\/wp\/v2\/media?parent=21832"}],"wp:term":[{"taxonomy":"product_brand","embeddable":true,"href":"https:\/\/guarandafigueroarepuestos.com\/index.php\/wp-json\/wp\/v2\/product_brand?post=21832"},{"taxonomy":"product_cat","embeddable":true,"href":"https:\/\/guarandafigueroarepuestos.com\/index.php\/wp-json\/wp\/v2\/product_cat?post=21832"},{"taxonomy":"product_tag","embeddable":true,"href":"https:\/\/guarandafigueroarepuestos.com\/index.php\/wp-json\/wp\/v2\/product_tag?post=21832"}],"curies":[{"name":"wp","href":"https:\/\/api.w.org\/{rel}","templated":true}]}}