{"id":23346,"date":"2020-07-16T22:40:08","date_gmt":"2020-07-16T22:40:08","guid":{"rendered":"https:\/\/guarandafigueroarepuestos.com\/?post_type=product&#038;p=23346"},"modified":"2025-09-06T18:30:31","modified_gmt":"2025-09-06T18:30:31","slug":"radiador-calefaccion-hyundai-tucson-sportage-2-0","status":"publish","type":"product","link":"https:\/\/guarandafigueroarepuestos.com\/index.php\/producto\/radiador-calefaccion-hyundai-tucson-sportage-2-0\/","title":{"rendered":"RADIADOR CALEFACCI\u00d3N HYUNDAI TUCSON SPORTAGE 2.0"},"content":{"rendered":"<h3>RADIADOR CALEFACCI\u00d3N HYUNDAI TUCSON SPORTAGE 2.0<\/h3>\n<ul>\n<li>ANCHO 21.3CM<\/li>\n<li>ALTO 17.9CM<\/li>\n<\/ul>\n","protected":false},"excerpt":{"rendered":"<h3>RADIADOR CALEFACCI\u00d3N HYUNDAI TUCSON SPORTAGE 2.0<\/h3>\n<ul>\n<li>MARCA: RECORD<\/li>\n<\/ul>\n<p>\u00bfTienes dudas? \u00a1Estamos aqu\u00ed para ayudarte! Haz clic en el siguiente enlace y recibe atenci\u00f3n personalizada al instante.<\/p>\n<p><a href=\"http:\/\/wa.me\/593987383784?text=HOLA,%20NECESITO%20INFORMACI\u00d3N%20DEL%20PRODUCTO%25...\"><strong>\u00a0Haz clic aqu\u00ed para hablar con nosotros en WhatsApp.<\/strong><\/a><\/p>\n","protected":false},"featured_media":377450,"comment_status":"open","ping_status":"closed","template":"","meta":[],"product_brand":[],"product_cat":[50],"product_tag":[1467,1469,1468,1470],"class_list":{"0":"post-23346","1":"product","2":"type-product","3":"status-publish","4":"has-post-thumbnail","6":"product_cat-radiadores","7":"product_tag-radiador-calefaccion-hyundai-tucson-sportage-2-0","8":"product_tag-radiador-calefaccion-para-hyundai-tucson-sportage-2-0","9":"product_tag-radiador-de-calefaccion-hyundai-tucson-sportage-2-0","10":"product_tag-radiador-de-calefaccion-para-hyundai-tucson-sportage-2-0","11":"product_shipping_class-fragil","13":"first","14":"instock","15":"taxable","16":"shipping-taxable","17":"purchasable","18":"product-type-simple"},"yoast_head":"<!-- This site is optimized with the Yoast SEO plugin v25.1 - https:\/\/yoast.com\/wordpress\/plugins\/seo\/ -->\n<title>RADIADOR CALEFACCI\u00d3N HYUNDAI TUCSON SPORTAGE 2.0 - GUARANDA FIGUEROA<\/title>\n<meta name=\"description\" content=\"COMPRA AQU\u00cd EL RADIADOR CALEFACCI\u00d3N HYUNDAI TUCSON 2.0 Y KIA SPORTAGE 2.0 AL MEJOR PRECIO DEL MERCADO. GUARANDA FIGUEROA \u00a1DONDE COMPRAN LOS EXPERTOS!\" \/>\n<meta name=\"robots\" content=\"index, follow, max-snippet:-1, max-image-preview:large, max-video-preview:-1\" \/>\n<link rel=\"canonical\" href=\"https:\/\/guarandafigueroarepuestos.com\/index.php\/producto\/radiador-calefaccion-hyundai-tucson-sportage-2-0\/\" \/>\n<meta property=\"og:locale\" content=\"es_ES\" \/>\n<meta property=\"og:type\" content=\"article\" \/>\n<meta property=\"og:title\" content=\"RADIADOR CALEFACCI\u00d3N HYUNDAI TUCSON SPORTAGE 2.0 - GUARANDA FIGUEROA\" \/>\n<meta property=\"og:description\" content=\"COMPRA AQU\u00cd EL RADIADOR CALEFACCI\u00d3N HYUNDAI TUCSON 2.0 Y KIA SPORTAGE 2.0 AL MEJOR PRECIO DEL MERCADO. GUARANDA FIGUEROA \u00a1DONDE COMPRAN LOS EXPERTOS!\" \/>\n<meta property=\"og:url\" content=\"https:\/\/guarandafigueroarepuestos.com\/index.php\/producto\/radiador-calefaccion-hyundai-tucson-sportage-2-0\/\" \/>\n<meta property=\"og:site_name\" content=\"GUARANDA FIGUEROA\" \/>\n<meta property=\"article:modified_time\" content=\"2025-09-06T18:30:31+00:00\" \/>\n<meta property=\"og:image\" content=\"https:\/\/guarandafigueroarepuestos.com\/wp-content\/uploads\/2020\/07\/RADIADOR-CALEFACCION-HYUNDAI-TUCSON-SPORTAGE-2.0.png\" \/>\n\t<meta property=\"og:image:width\" content=\"1080\" \/>\n\t<meta property=\"og:image:height\" content=\"1080\" \/>\n\t<meta property=\"og:image:type\" content=\"image\/png\" \/>\n<meta name=\"twitter:card\" content=\"summary_large_image\" \/>\n<meta name=\"twitter:label1\" content=\"Tiempo de lectura\" \/>\n\t<meta name=\"twitter:data1\" content=\"1 minuto\" \/>\n<script type=\"application\/ld+json\" class=\"yoast-schema-graph\">{\"@context\":\"https:\/\/schema.org\",\"@graph\":[{\"@type\":\"WebPage\",\"@id\":\"https:\/\/guarandafigueroarepuestos.com\/index.php\/producto\/radiador-calefaccion-hyundai-tucson-sportage-2-0\/\",\"url\":\"https:\/\/guarandafigueroarepuestos.com\/index.php\/producto\/radiador-calefaccion-hyundai-tucson-sportage-2-0\/\",\"name\":\"RADIADOR CALEFACCI\u00d3N HYUNDAI TUCSON SPORTAGE 2.0 - GUARANDA FIGUEROA\",\"isPartOf\":{\"@id\":\"https:\/\/guarandafigueroarepuestos.com\/#website\"},\"primaryImageOfPage\":{\"@id\":\"https:\/\/guarandafigueroarepuestos.com\/index.php\/producto\/radiador-calefaccion-hyundai-tucson-sportage-2-0\/#primaryimage\"},\"image\":{\"@id\":\"https:\/\/guarandafigueroarepuestos.com\/index.php\/producto\/radiador-calefaccion-hyundai-tucson-sportage-2-0\/#primaryimage\"},\"thumbnailUrl\":\"https:\/\/guarandafigueroarepuestos.com\/wp-content\/uploads\/2020\/07\/RADIADOR-CALEFACCION-HYUNDAI-TUCSON-SPORTAGE-2.0.png\",\"datePublished\":\"2020-07-16T22:40:08+00:00\",\"dateModified\":\"2025-09-06T18:30:31+00:00\",\"description\":\"COMPRA AQU\u00cd EL RADIADOR CALEFACCI\u00d3N HYUNDAI TUCSON 2.0 Y KIA SPORTAGE 2.0 AL MEJOR PRECIO DEL MERCADO. GUARANDA FIGUEROA \u00a1DONDE COMPRAN LOS EXPERTOS!\",\"breadcrumb\":{\"@id\":\"https:\/\/guarandafigueroarepuestos.com\/index.php\/producto\/radiador-calefaccion-hyundai-tucson-sportage-2-0\/#breadcrumb\"},\"inLanguage\":\"es\",\"potentialAction\":[{\"@type\":\"ReadAction\",\"target\":[\"https:\/\/guarandafigueroarepuestos.com\/index.php\/producto\/radiador-calefaccion-hyundai-tucson-sportage-2-0\/\"]}]},{\"@type\":\"ImageObject\",\"inLanguage\":\"es\",\"@id\":\"https:\/\/guarandafigueroarepuestos.com\/index.php\/producto\/radiador-calefaccion-hyundai-tucson-sportage-2-0\/#primaryimage\",\"url\":\"https:\/\/guarandafigueroarepuestos.com\/wp-content\/uploads\/2020\/07\/RADIADOR-CALEFACCION-HYUNDAI-TUCSON-SPORTAGE-2.0.png\",\"contentUrl\":\"https:\/\/guarandafigueroarepuestos.com\/wp-content\/uploads\/2020\/07\/RADIADOR-CALEFACCION-HYUNDAI-TUCSON-SPORTAGE-2.0.png\",\"width\":1080,\"height\":1080},{\"@type\":\"BreadcrumbList\",\"@id\":\"https:\/\/guarandafigueroarepuestos.com\/index.php\/producto\/radiador-calefaccion-hyundai-tucson-sportage-2-0\/#breadcrumb\",\"itemListElement\":[{\"@type\":\"ListItem\",\"position\":1,\"name\":\"Portada\",\"item\":\"https:\/\/guarandafigueroarepuestos.com\/\"},{\"@type\":\"ListItem\",\"position\":2,\"name\":\"CATEGOR\u00cdAS\",\"item\":\"https:\/\/guarandafigueroarepuestos.com\/index.php\/product-categories\/\"},{\"@type\":\"ListItem\",\"position\":3,\"name\":\"RADIADOR CALEFACCI\u00d3N HYUNDAI TUCSON SPORTAGE 2.0\"}]},{\"@type\":\"WebSite\",\"@id\":\"https:\/\/guarandafigueroarepuestos.com\/#website\",\"url\":\"https:\/\/guarandafigueroarepuestos.com\/\",\"name\":\"GUARANDA FIGUEROA\",\"description\":\"REPUESTOS AUTOMOTRICES\",\"publisher\":{\"@id\":\"https:\/\/guarandafigueroarepuestos.com\/#organization\"},\"potentialAction\":[{\"@type\":\"SearchAction\",\"target\":{\"@type\":\"EntryPoint\",\"urlTemplate\":\"https:\/\/guarandafigueroarepuestos.com\/?s={search_term_string}\"},\"query-input\":{\"@type\":\"PropertyValueSpecification\",\"valueRequired\":true,\"valueName\":\"search_term_string\"}}],\"inLanguage\":\"es\"},{\"@type\":\"Organization\",\"@id\":\"https:\/\/guarandafigueroarepuestos.com\/#organization\",\"name\":\"Guaranda Figueroa Repuestos\",\"alternateName\":\"Guaranda Figueroa Repuestos\",\"url\":\"https:\/\/guarandafigueroarepuestos.com\/\",\"logo\":{\"@type\":\"ImageObject\",\"inLanguage\":\"es\",\"@id\":\"https:\/\/guarandafigueroarepuestos.com\/#\/schema\/logo\/image\/\",\"url\":\"https:\/\/guarandafigueroarepuestos.com\/wp-content\/uploads\/2025\/05\/cropped-Diseno-sin-titulo-2025-05-26T171805.272-e1748377787134.png\",\"contentUrl\":\"https:\/\/guarandafigueroarepuestos.com\/wp-content\/uploads\/2025\/05\/cropped-Diseno-sin-titulo-2025-05-26T171805.272-e1748377787134.png\",\"width\":34,\"height\":34,\"caption\":\"Guaranda Figueroa Repuestos\"},\"image\":{\"@id\":\"https:\/\/guarandafigueroarepuestos.com\/#\/schema\/logo\/image\/\"}}]}<\/script>\n<!-- \/ Yoast SEO plugin. -->","yoast_head_json":{"title":"RADIADOR CALEFACCI\u00d3N HYUNDAI TUCSON SPORTAGE 2.0 - GUARANDA FIGUEROA","description":"COMPRA AQU\u00cd EL RADIADOR CALEFACCI\u00d3N HYUNDAI TUCSON 2.0 Y KIA SPORTAGE 2.0 AL MEJOR PRECIO DEL MERCADO. GUARANDA FIGUEROA \u00a1DONDE COMPRAN LOS EXPERTOS!","robots":{"index":"index","follow":"follow","max-snippet":"max-snippet:-1","max-image-preview":"max-image-preview:large","max-video-preview":"max-video-preview:-1"},"canonical":"https:\/\/guarandafigueroarepuestos.com\/index.php\/producto\/radiador-calefaccion-hyundai-tucson-sportage-2-0\/","og_locale":"es_ES","og_type":"article","og_title":"RADIADOR CALEFACCI\u00d3N HYUNDAI TUCSON SPORTAGE 2.0 - GUARANDA FIGUEROA","og_description":"COMPRA AQU\u00cd EL RADIADOR CALEFACCI\u00d3N HYUNDAI TUCSON 2.0 Y KIA SPORTAGE 2.0 AL MEJOR PRECIO DEL MERCADO. GUARANDA FIGUEROA \u00a1DONDE COMPRAN LOS EXPERTOS!","og_url":"https:\/\/guarandafigueroarepuestos.com\/index.php\/producto\/radiador-calefaccion-hyundai-tucson-sportage-2-0\/","og_site_name":"GUARANDA FIGUEROA","article_modified_time":"2025-09-06T18:30:31+00:00","og_image":[{"width":1080,"height":1080,"url":"https:\/\/guarandafigueroarepuestos.com\/wp-content\/uploads\/2020\/07\/RADIADOR-CALEFACCION-HYUNDAI-TUCSON-SPORTAGE-2.0.png","type":"image\/png"}],"twitter_card":"summary_large_image","twitter_misc":{"Tiempo de lectura":"1 minuto"},"schema":{"@context":"https:\/\/schema.org","@graph":[{"@type":"WebPage","@id":"https:\/\/guarandafigueroarepuestos.com\/index.php\/producto\/radiador-calefaccion-hyundai-tucson-sportage-2-0\/","url":"https:\/\/guarandafigueroarepuestos.com\/index.php\/producto\/radiador-calefaccion-hyundai-tucson-sportage-2-0\/","name":"RADIADOR CALEFACCI\u00d3N HYUNDAI TUCSON SPORTAGE 2.0 - GUARANDA FIGUEROA","isPartOf":{"@id":"https:\/\/guarandafigueroarepuestos.com\/#website"},"primaryImageOfPage":{"@id":"https:\/\/guarandafigueroarepuestos.com\/index.php\/producto\/radiador-calefaccion-hyundai-tucson-sportage-2-0\/#primaryimage"},"image":{"@id":"https:\/\/guarandafigueroarepuestos.com\/index.php\/producto\/radiador-calefaccion-hyundai-tucson-sportage-2-0\/#primaryimage"},"thumbnailUrl":"https:\/\/guarandafigueroarepuestos.com\/wp-content\/uploads\/2020\/07\/RADIADOR-CALEFACCION-HYUNDAI-TUCSON-SPORTAGE-2.0.png","datePublished":"2020-07-16T22:40:08+00:00","dateModified":"2025-09-06T18:30:31+00:00","description":"COMPRA AQU\u00cd EL RADIADOR CALEFACCI\u00d3N HYUNDAI TUCSON 2.0 Y KIA SPORTAGE 2.0 AL MEJOR PRECIO DEL MERCADO. GUARANDA FIGUEROA \u00a1DONDE COMPRAN LOS EXPERTOS!","breadcrumb":{"@id":"https:\/\/guarandafigueroarepuestos.com\/index.php\/producto\/radiador-calefaccion-hyundai-tucson-sportage-2-0\/#breadcrumb"},"inLanguage":"es","potentialAction":[{"@type":"ReadAction","target":["https:\/\/guarandafigueroarepuestos.com\/index.php\/producto\/radiador-calefaccion-hyundai-tucson-sportage-2-0\/"]}]},{"@type":"ImageObject","inLanguage":"es","@id":"https:\/\/guarandafigueroarepuestos.com\/index.php\/producto\/radiador-calefaccion-hyundai-tucson-sportage-2-0\/#primaryimage","url":"https:\/\/guarandafigueroarepuestos.com\/wp-content\/uploads\/2020\/07\/RADIADOR-CALEFACCION-HYUNDAI-TUCSON-SPORTAGE-2.0.png","contentUrl":"https:\/\/guarandafigueroarepuestos.com\/wp-content\/uploads\/2020\/07\/RADIADOR-CALEFACCION-HYUNDAI-TUCSON-SPORTAGE-2.0.png","width":1080,"height":1080},{"@type":"BreadcrumbList","@id":"https:\/\/guarandafigueroarepuestos.com\/index.php\/producto\/radiador-calefaccion-hyundai-tucson-sportage-2-0\/#breadcrumb","itemListElement":[{"@type":"ListItem","position":1,"name":"Portada","item":"https:\/\/guarandafigueroarepuestos.com\/"},{"@type":"ListItem","position":2,"name":"CATEGOR\u00cdAS","item":"https:\/\/guarandafigueroarepuestos.com\/index.php\/product-categories\/"},{"@type":"ListItem","position":3,"name":"RADIADOR CALEFACCI\u00d3N HYUNDAI TUCSON SPORTAGE 2.0"}]},{"@type":"WebSite","@id":"https:\/\/guarandafigueroarepuestos.com\/#website","url":"https:\/\/guarandafigueroarepuestos.com\/","name":"GUARANDA FIGUEROA","description":"REPUESTOS AUTOMOTRICES","publisher":{"@id":"https:\/\/guarandafigueroarepuestos.com\/#organization"},"potentialAction":[{"@type":"SearchAction","target":{"@type":"EntryPoint","urlTemplate":"https:\/\/guarandafigueroarepuestos.com\/?s={search_term_string}"},"query-input":{"@type":"PropertyValueSpecification","valueRequired":true,"valueName":"search_term_string"}}],"inLanguage":"es"},{"@type":"Organization","@id":"https:\/\/guarandafigueroarepuestos.com\/#organization","name":"Guaranda Figueroa Repuestos","alternateName":"Guaranda Figueroa Repuestos","url":"https:\/\/guarandafigueroarepuestos.com\/","logo":{"@type":"ImageObject","inLanguage":"es","@id":"https:\/\/guarandafigueroarepuestos.com\/#\/schema\/logo\/image\/","url":"https:\/\/guarandafigueroarepuestos.com\/wp-content\/uploads\/2025\/05\/cropped-Diseno-sin-titulo-2025-05-26T171805.272-e1748377787134.png","contentUrl":"https:\/\/guarandafigueroarepuestos.com\/wp-content\/uploads\/2025\/05\/cropped-Diseno-sin-titulo-2025-05-26T171805.272-e1748377787134.png","width":34,"height":34,"caption":"Guaranda Figueroa Repuestos"},"image":{"@id":"https:\/\/guarandafigueroarepuestos.com\/#\/schema\/logo\/image\/"}}]}},"_links":{"self":[{"href":"https:\/\/guarandafigueroarepuestos.com\/index.php\/wp-json\/wp\/v2\/product\/23346","targetHints":{"allow":["GET"]}}],"collection":[{"href":"https:\/\/guarandafigueroarepuestos.com\/index.php\/wp-json\/wp\/v2\/product"}],"about":[{"href":"https:\/\/guarandafigueroarepuestos.com\/index.php\/wp-json\/wp\/v2\/types\/product"}],"replies":[{"embeddable":true,"href":"https:\/\/guarandafigueroarepuestos.com\/index.php\/wp-json\/wp\/v2\/comments?post=23346"}],"wp:featuredmedia":[{"embeddable":true,"href":"https:\/\/guarandafigueroarepuestos.com\/index.php\/wp-json\/wp\/v2\/media\/377450"}],"wp:attachment":[{"href":"https:\/\/guarandafigueroarepuestos.com\/index.php\/wp-json\/wp\/v2\/media?parent=23346"}],"wp:term":[{"taxonomy":"product_brand","embeddable":true,"href":"https:\/\/guarandafigueroarepuestos.com\/index.php\/wp-json\/wp\/v2\/product_brand?post=23346"},{"taxonomy":"product_cat","embeddable":true,"href":"https:\/\/guarandafigueroarepuestos.com\/index.php\/wp-json\/wp\/v2\/product_cat?post=23346"},{"taxonomy":"product_tag","embeddable":true,"href":"https:\/\/guarandafigueroarepuestos.com\/index.php\/wp-json\/wp\/v2\/product_tag?post=23346"}],"curies":[{"name":"wp","href":"https:\/\/api.w.org\/{rel}","templated":true}]}}