{"id":23546,"date":"2020-07-20T17:58:30","date_gmt":"2020-07-20T17:58:30","guid":{"rendered":"https:\/\/guarandafigueroarepuestos.com\/?post_type=product&#038;p=23546"},"modified":"2025-03-19T19:40:46","modified_gmt":"2025-03-19T19:40:46","slug":"radiador-hyundai-grand-i10","status":"publish","type":"product","link":"https:\/\/guarandafigueroarepuestos.com\/index.php\/producto\/radiador-hyundai-grand-i10\/","title":{"rendered":"RADIADOR HYUNDAI GRAND i10 1.2"},"content":{"rendered":"<h2>RADIADOR HYUNDAI GRAND i10 1.2<\/h2>\n<p>El radiador es una pieza esencial del sistema de refrigeraci\u00f3n de tu autom\u00f3vil, y en el caso del <strong>Hyundai Grand i10 1.2<\/strong>, su correcto funcionamiento es clave para evitar sobrecalentamientos y da\u00f1os al motor. En esta gu\u00eda, exploramos las caracter\u00edsticas, la importancia y las opciones para comprar y reemplazar el radiador de tu <strong>Hyundai Grand i10 1.2.<\/strong><\/p>\n<h3>\u00bfPor Qu\u00e9 es Importante el Radiador en el Hyundai Grand i10?<\/h3>\n<p>El radiador del <strong>Hyundai Grand i10 1.2<\/strong> tiene la funci\u00f3n principal de mantener el motor a una temperatura ideal, evitando que se sobrecaliente. Este componente circula el refrigerante a trav\u00e9s del motor, absorbiendo el calor y luego liber\u00e1ndolo a trav\u00e9s de las aletas del radiador. Sin un radiador en buen estado, tu veh\u00edculo podr\u00eda experimentar problemas serios como <strong>calentamiento del motor<\/strong>, que podr\u00edan resultar en da\u00f1os costosos.<\/p>\n<h3><\/h3>\n","protected":false},"excerpt":{"rendered":"<h3>RADIADOR HYUNDAI GRAND i10 1.2<\/h3>\n<p><strong>MARCA:<\/strong> TYC<\/p>\n<p><strong>ORIGEN:<\/strong> COREANO<\/p>\n<p>Necesitas ayuda para elegir o reemplazar el radiador de tu Hyundai Grand i10? No te preocupes, nuestro equipo de expertos est\u00e1 listo para brindarte la asesor\u00eda personalizada.<\/p>\n<h3><a href=\"http:\/\/wa.me\/593983905270?text=HOLA,%20NECESITO%20INFORMACI\u00d3N%20DEL%20PRODUCTO%20...\">\ud83d\udc49 Haz clic aqu\u00ed para hablar con nosotros en WhatsApp.\u00a0<\/a><\/h3>\n","protected":false},"featured_media":375575,"comment_status":"open","ping_status":"closed","template":"","meta":[],"product_brand":[],"product_cat":[50],"product_tag":[3758,3761,3760,3757,3759],"class_list":{"0":"post-23546","1":"product","2":"type-product","3":"status-publish","4":"has-post-thumbnail","6":"product_cat-radiadores","7":"product_tag-radiador-del-hyundai-grand-i10-1-2","8":"product_tag-radiador-grand-i10","9":"product_tag-radiador-grand-i10-1-2","10":"product_tag-radiador-hyundai-grand-i10-1-2","11":"product_tag-radiador-para-hyundai-grand-i10-1-2","12":"product_shipping_class-fragil","14":"first","15":"instock","16":"sale","17":"taxable","18":"shipping-taxable","19":"purchasable","20":"product-type-simple"},"yoast_head":"<!-- This site is optimized with the Yoast SEO plugin v25.1 - https:\/\/yoast.com\/wordpress\/plugins\/seo\/ -->\n<title>RADIADOR HYUNDAI GRAND i10 1.2 - GUARANDA FIGUEROA<\/title>\n<meta name=\"description\" content=\"ENCUENTRA EL RADIADOR PARA TU HYUNDAI GRAND i10 1.2, AL MEJOR PRECIO. AQU\u00cd EN GF MOTORS, DONDE COMPRAN LOS EXPERTOS\" \/>\n<meta name=\"robots\" content=\"index, follow, max-snippet:-1, max-image-preview:large, max-video-preview:-1\" \/>\n<link rel=\"canonical\" href=\"https:\/\/guarandafigueroarepuestos.com\/index.php\/producto\/radiador-hyundai-grand-i10\/\" \/>\n<meta property=\"og:locale\" content=\"es_ES\" \/>\n<meta property=\"og:type\" content=\"article\" \/>\n<meta property=\"og:title\" content=\"RADIADOR HYUNDAI GRAND i10 1.2 - GUARANDA FIGUEROA\" \/>\n<meta property=\"og:description\" content=\"ENCUENTRA EL RADIADOR PARA TU HYUNDAI GRAND i10 1.2, AL MEJOR PRECIO. AQU\u00cd EN GF MOTORS, DONDE COMPRAN LOS EXPERTOS\" \/>\n<meta property=\"og:url\" content=\"https:\/\/guarandafigueroarepuestos.com\/index.php\/producto\/radiador-hyundai-grand-i10\/\" \/>\n<meta property=\"og:site_name\" content=\"GUARANDA FIGUEROA\" \/>\n<meta property=\"article:modified_time\" content=\"2025-03-19T19:40:46+00:00\" \/>\n<meta property=\"og:image\" content=\"https:\/\/guarandafigueroarepuestos.com\/wp-content\/uploads\/2020\/07\/RADIADOR-HYUNDAI-GRAND-i10-1.2.png\" \/>\n\t<meta property=\"og:image:width\" content=\"1080\" \/>\n\t<meta property=\"og:image:height\" content=\"1080\" \/>\n\t<meta property=\"og:image:type\" content=\"image\/png\" \/>\n<meta name=\"twitter:card\" content=\"summary_large_image\" \/>\n<meta name=\"twitter:label1\" content=\"Tiempo de lectura\" \/>\n\t<meta name=\"twitter:data1\" content=\"1 minuto\" \/>\n<script type=\"application\/ld+json\" class=\"yoast-schema-graph\">{\"@context\":\"https:\/\/schema.org\",\"@graph\":[{\"@type\":\"WebPage\",\"@id\":\"https:\/\/guarandafigueroarepuestos.com\/index.php\/producto\/radiador-hyundai-grand-i10\/\",\"url\":\"https:\/\/guarandafigueroarepuestos.com\/index.php\/producto\/radiador-hyundai-grand-i10\/\",\"name\":\"RADIADOR HYUNDAI GRAND i10 1.2 - GUARANDA FIGUEROA\",\"isPartOf\":{\"@id\":\"https:\/\/guarandafigueroarepuestos.com\/#website\"},\"primaryImageOfPage\":{\"@id\":\"https:\/\/guarandafigueroarepuestos.com\/index.php\/producto\/radiador-hyundai-grand-i10\/#primaryimage\"},\"image\":{\"@id\":\"https:\/\/guarandafigueroarepuestos.com\/index.php\/producto\/radiador-hyundai-grand-i10\/#primaryimage\"},\"thumbnailUrl\":\"https:\/\/guarandafigueroarepuestos.com\/wp-content\/uploads\/2020\/07\/RADIADOR-HYUNDAI-GRAND-i10-1.2.png\",\"datePublished\":\"2020-07-20T17:58:30+00:00\",\"dateModified\":\"2025-03-19T19:40:46+00:00\",\"description\":\"ENCUENTRA EL RADIADOR PARA TU HYUNDAI GRAND i10 1.2, AL MEJOR PRECIO. AQU\u00cd EN GF MOTORS, DONDE COMPRAN LOS EXPERTOS\",\"breadcrumb\":{\"@id\":\"https:\/\/guarandafigueroarepuestos.com\/index.php\/producto\/radiador-hyundai-grand-i10\/#breadcrumb\"},\"inLanguage\":\"es\",\"potentialAction\":[{\"@type\":\"ReadAction\",\"target\":[\"https:\/\/guarandafigueroarepuestos.com\/index.php\/producto\/radiador-hyundai-grand-i10\/\"]}]},{\"@type\":\"ImageObject\",\"inLanguage\":\"es\",\"@id\":\"https:\/\/guarandafigueroarepuestos.com\/index.php\/producto\/radiador-hyundai-grand-i10\/#primaryimage\",\"url\":\"https:\/\/guarandafigueroarepuestos.com\/wp-content\/uploads\/2020\/07\/RADIADOR-HYUNDAI-GRAND-i10-1.2.png\",\"contentUrl\":\"https:\/\/guarandafigueroarepuestos.com\/wp-content\/uploads\/2020\/07\/RADIADOR-HYUNDAI-GRAND-i10-1.2.png\",\"width\":1080,\"height\":1080,\"caption\":\"RADIADOR HYUNDAI GRAND i10 1.2\"},{\"@type\":\"BreadcrumbList\",\"@id\":\"https:\/\/guarandafigueroarepuestos.com\/index.php\/producto\/radiador-hyundai-grand-i10\/#breadcrumb\",\"itemListElement\":[{\"@type\":\"ListItem\",\"position\":1,\"name\":\"Portada\",\"item\":\"https:\/\/guarandafigueroarepuestos.com\/\"},{\"@type\":\"ListItem\",\"position\":2,\"name\":\"CATEGOR\u00cdAS\",\"item\":\"https:\/\/guarandafigueroarepuestos.com\/index.php\/product-categories\/\"},{\"@type\":\"ListItem\",\"position\":3,\"name\":\"RADIADOR HYUNDAI GRAND i10 1.2\"}]},{\"@type\":\"WebSite\",\"@id\":\"https:\/\/guarandafigueroarepuestos.com\/#website\",\"url\":\"https:\/\/guarandafigueroarepuestos.com\/\",\"name\":\"GUARANDA FIGUEROA\",\"description\":\"REPUESTOS AUTOMOTRICES\",\"publisher\":{\"@id\":\"https:\/\/guarandafigueroarepuestos.com\/#organization\"},\"potentialAction\":[{\"@type\":\"SearchAction\",\"target\":{\"@type\":\"EntryPoint\",\"urlTemplate\":\"https:\/\/guarandafigueroarepuestos.com\/?s={search_term_string}\"},\"query-input\":{\"@type\":\"PropertyValueSpecification\",\"valueRequired\":true,\"valueName\":\"search_term_string\"}}],\"inLanguage\":\"es\"},{\"@type\":\"Organization\",\"@id\":\"https:\/\/guarandafigueroarepuestos.com\/#organization\",\"name\":\"Guaranda Figueroa Repuestos\",\"alternateName\":\"Guaranda Figueroa Repuestos\",\"url\":\"https:\/\/guarandafigueroarepuestos.com\/\",\"logo\":{\"@type\":\"ImageObject\",\"inLanguage\":\"es\",\"@id\":\"https:\/\/guarandafigueroarepuestos.com\/#\/schema\/logo\/image\/\",\"url\":\"https:\/\/guarandafigueroarepuestos.com\/wp-content\/uploads\/2025\/05\/cropped-Diseno-sin-titulo-2025-05-26T171805.272-e1748377787134.png\",\"contentUrl\":\"https:\/\/guarandafigueroarepuestos.com\/wp-content\/uploads\/2025\/05\/cropped-Diseno-sin-titulo-2025-05-26T171805.272-e1748377787134.png\",\"width\":34,\"height\":34,\"caption\":\"Guaranda Figueroa Repuestos\"},\"image\":{\"@id\":\"https:\/\/guarandafigueroarepuestos.com\/#\/schema\/logo\/image\/\"}}]}<\/script>\n<!-- \/ Yoast SEO plugin. -->","yoast_head_json":{"title":"RADIADOR HYUNDAI GRAND i10 1.2 - GUARANDA FIGUEROA","description":"ENCUENTRA EL RADIADOR PARA TU HYUNDAI GRAND i10 1.2, AL MEJOR PRECIO. AQU\u00cd EN GF MOTORS, DONDE COMPRAN LOS EXPERTOS","robots":{"index":"index","follow":"follow","max-snippet":"max-snippet:-1","max-image-preview":"max-image-preview:large","max-video-preview":"max-video-preview:-1"},"canonical":"https:\/\/guarandafigueroarepuestos.com\/index.php\/producto\/radiador-hyundai-grand-i10\/","og_locale":"es_ES","og_type":"article","og_title":"RADIADOR HYUNDAI GRAND i10 1.2 - GUARANDA FIGUEROA","og_description":"ENCUENTRA EL RADIADOR PARA TU HYUNDAI GRAND i10 1.2, AL MEJOR PRECIO. AQU\u00cd EN GF MOTORS, DONDE COMPRAN LOS EXPERTOS","og_url":"https:\/\/guarandafigueroarepuestos.com\/index.php\/producto\/radiador-hyundai-grand-i10\/","og_site_name":"GUARANDA FIGUEROA","article_modified_time":"2025-03-19T19:40:46+00:00","og_image":[{"width":1080,"height":1080,"url":"https:\/\/guarandafigueroarepuestos.com\/wp-content\/uploads\/2020\/07\/RADIADOR-HYUNDAI-GRAND-i10-1.2.png","type":"image\/png"}],"twitter_card":"summary_large_image","twitter_misc":{"Tiempo de lectura":"1 minuto"},"schema":{"@context":"https:\/\/schema.org","@graph":[{"@type":"WebPage","@id":"https:\/\/guarandafigueroarepuestos.com\/index.php\/producto\/radiador-hyundai-grand-i10\/","url":"https:\/\/guarandafigueroarepuestos.com\/index.php\/producto\/radiador-hyundai-grand-i10\/","name":"RADIADOR HYUNDAI GRAND i10 1.2 - GUARANDA FIGUEROA","isPartOf":{"@id":"https:\/\/guarandafigueroarepuestos.com\/#website"},"primaryImageOfPage":{"@id":"https:\/\/guarandafigueroarepuestos.com\/index.php\/producto\/radiador-hyundai-grand-i10\/#primaryimage"},"image":{"@id":"https:\/\/guarandafigueroarepuestos.com\/index.php\/producto\/radiador-hyundai-grand-i10\/#primaryimage"},"thumbnailUrl":"https:\/\/guarandafigueroarepuestos.com\/wp-content\/uploads\/2020\/07\/RADIADOR-HYUNDAI-GRAND-i10-1.2.png","datePublished":"2020-07-20T17:58:30+00:00","dateModified":"2025-03-19T19:40:46+00:00","description":"ENCUENTRA EL RADIADOR PARA TU HYUNDAI GRAND i10 1.2, AL MEJOR PRECIO. AQU\u00cd EN GF MOTORS, DONDE COMPRAN LOS EXPERTOS","breadcrumb":{"@id":"https:\/\/guarandafigueroarepuestos.com\/index.php\/producto\/radiador-hyundai-grand-i10\/#breadcrumb"},"inLanguage":"es","potentialAction":[{"@type":"ReadAction","target":["https:\/\/guarandafigueroarepuestos.com\/index.php\/producto\/radiador-hyundai-grand-i10\/"]}]},{"@type":"ImageObject","inLanguage":"es","@id":"https:\/\/guarandafigueroarepuestos.com\/index.php\/producto\/radiador-hyundai-grand-i10\/#primaryimage","url":"https:\/\/guarandafigueroarepuestos.com\/wp-content\/uploads\/2020\/07\/RADIADOR-HYUNDAI-GRAND-i10-1.2.png","contentUrl":"https:\/\/guarandafigueroarepuestos.com\/wp-content\/uploads\/2020\/07\/RADIADOR-HYUNDAI-GRAND-i10-1.2.png","width":1080,"height":1080,"caption":"RADIADOR HYUNDAI GRAND i10 1.2"},{"@type":"BreadcrumbList","@id":"https:\/\/guarandafigueroarepuestos.com\/index.php\/producto\/radiador-hyundai-grand-i10\/#breadcrumb","itemListElement":[{"@type":"ListItem","position":1,"name":"Portada","item":"https:\/\/guarandafigueroarepuestos.com\/"},{"@type":"ListItem","position":2,"name":"CATEGOR\u00cdAS","item":"https:\/\/guarandafigueroarepuestos.com\/index.php\/product-categories\/"},{"@type":"ListItem","position":3,"name":"RADIADOR HYUNDAI GRAND i10 1.2"}]},{"@type":"WebSite","@id":"https:\/\/guarandafigueroarepuestos.com\/#website","url":"https:\/\/guarandafigueroarepuestos.com\/","name":"GUARANDA FIGUEROA","description":"REPUESTOS AUTOMOTRICES","publisher":{"@id":"https:\/\/guarandafigueroarepuestos.com\/#organization"},"potentialAction":[{"@type":"SearchAction","target":{"@type":"EntryPoint","urlTemplate":"https:\/\/guarandafigueroarepuestos.com\/?s={search_term_string}"},"query-input":{"@type":"PropertyValueSpecification","valueRequired":true,"valueName":"search_term_string"}}],"inLanguage":"es"},{"@type":"Organization","@id":"https:\/\/guarandafigueroarepuestos.com\/#organization","name":"Guaranda Figueroa Repuestos","alternateName":"Guaranda Figueroa Repuestos","url":"https:\/\/guarandafigueroarepuestos.com\/","logo":{"@type":"ImageObject","inLanguage":"es","@id":"https:\/\/guarandafigueroarepuestos.com\/#\/schema\/logo\/image\/","url":"https:\/\/guarandafigueroarepuestos.com\/wp-content\/uploads\/2025\/05\/cropped-Diseno-sin-titulo-2025-05-26T171805.272-e1748377787134.png","contentUrl":"https:\/\/guarandafigueroarepuestos.com\/wp-content\/uploads\/2025\/05\/cropped-Diseno-sin-titulo-2025-05-26T171805.272-e1748377787134.png","width":34,"height":34,"caption":"Guaranda Figueroa Repuestos"},"image":{"@id":"https:\/\/guarandafigueroarepuestos.com\/#\/schema\/logo\/image\/"}}]}},"_links":{"self":[{"href":"https:\/\/guarandafigueroarepuestos.com\/index.php\/wp-json\/wp\/v2\/product\/23546","targetHints":{"allow":["GET"]}}],"collection":[{"href":"https:\/\/guarandafigueroarepuestos.com\/index.php\/wp-json\/wp\/v2\/product"}],"about":[{"href":"https:\/\/guarandafigueroarepuestos.com\/index.php\/wp-json\/wp\/v2\/types\/product"}],"replies":[{"embeddable":true,"href":"https:\/\/guarandafigueroarepuestos.com\/index.php\/wp-json\/wp\/v2\/comments?post=23546"}],"wp:featuredmedia":[{"embeddable":true,"href":"https:\/\/guarandafigueroarepuestos.com\/index.php\/wp-json\/wp\/v2\/media\/375575"}],"wp:attachment":[{"href":"https:\/\/guarandafigueroarepuestos.com\/index.php\/wp-json\/wp\/v2\/media?parent=23546"}],"wp:term":[{"taxonomy":"product_brand","embeddable":true,"href":"https:\/\/guarandafigueroarepuestos.com\/index.php\/wp-json\/wp\/v2\/product_brand?post=23546"},{"taxonomy":"product_cat","embeddable":true,"href":"https:\/\/guarandafigueroarepuestos.com\/index.php\/wp-json\/wp\/v2\/product_cat?post=23546"},{"taxonomy":"product_tag","embeddable":true,"href":"https:\/\/guarandafigueroarepuestos.com\/index.php\/wp-json\/wp\/v2\/product_tag?post=23546"}],"curies":[{"name":"wp","href":"https:\/\/api.w.org\/{rel}","templated":true}]}}