{"id":23714,"date":"2020-07-22T17:11:32","date_gmt":"2020-07-22T17:11:32","guid":{"rendered":"https:\/\/guarandafigueroarepuestos.com\/?post_type=product&#038;p=23714"},"modified":"2025-03-20T19:59:45","modified_gmt":"2025-03-20T19:59:45","slug":"electro-ventilador-kia-rio-stylus","status":"publish","type":"product","link":"https:\/\/guarandafigueroarepuestos.com\/index.php\/producto\/electro-ventilador-kia-rio-stylus\/","title":{"rendered":"ELECTRO VENTILADOR KIA RIO STYLUS 1.5"},"content":{"rendered":"<h2>ELECTRO VENTILADOR KIA RIO STYLUS 1.5<\/h2>\n<ul>\n<li>ANCHO 38.1CM<\/li>\n<li>LARGO 37CM<\/li>\n<\/ul>\n<p>El <strong>electro ventilador Kia Rio Stylus 1.5<\/strong> es una pieza esencial para mantener el sistema de refrigeraci\u00f3n de tu veh\u00edculo en \u00f3ptimas condiciones. Este modelo es 100% compatible con el Kia Rio Stylus 1.5, garantizando un ajuste perfecto y un rendimiento superior.<\/p>\n<p>Fabricado con materiales de alta calidad, este electro ventilador asegura una vida \u00fatil prolongada, ayudando a mantener la temperatura del motor estable durante todo el trayecto. Si notas sobrecalentamiento o una reducci\u00f3n en la eficiencia del sistema de refrigeraci\u00f3n, reemplazar el ventilador puede ser una soluci\u00f3n efectiva.<\/p>\n<p><strong>Beneficios de reemplazar el ventilador de tu Kia Rio Stylus 1.5<\/strong>:<\/p>\n<ul>\n<li>Mejora el <strong>rendimiento del motor<\/strong> al mantener la temperatura adecuada.<\/li>\n<li>Aumenta la <strong>eficiencia de combustible<\/strong> al evitar el sobrecalentamiento.<\/li>\n<li>Ayuda a <strong>prevenir da\u00f1os graves<\/strong> al motor causados por el exceso de calor.<\/li>\n<\/ul>\n","protected":false},"excerpt":{"rendered":"<h3>ELECTRO VENTILADOR KIA RIO STYLUS<\/h3>\n<ul>\n<li>\n<pre>ANCHO 38.1CM<\/pre>\n<\/li>\n<li>\n<pre>LARGO 37CM<\/pre>\n<\/li>\n<\/ul>\n<p><strong>Si tienes dudas sobre el electro ventilador Kia Rio Stylus 1.5 o necesitas m\u00e1s informaci\u00f3n sobre el producto, no dudes en contactarnos por WhatsApp. Nuestro equipo est\u00e1 disponible para resolver todas tus preguntas.<\/strong><\/p>\n<p><a href=\"http:\/\/wa.me\/593983905270?text=hola%20necesito%20informacion%20del%20producto%\"><strong>\ud83d\udc49 Haz clic aqu\u00ed para hablar con nosotros en WhatsApp.\u00a0<\/strong><\/a><\/p>\n","protected":false},"featured_media":375436,"comment_status":"open","ping_status":"closed","template":"","meta":[],"product_brand":[],"product_cat":[1651],"product_tag":[1690,1688,1689,1691],"class_list":{"0":"post-23714","1":"product","2":"type-product","3":"status-publish","4":"has-post-thumbnail","6":"product_cat-elecro-ventiladores","7":"product_tag-electro-ventilador-del-kia-rio-stylus","8":"product_tag-electro-ventilador-kia-rio-stylus","9":"product_tag-electro-ventilador-para-el-kia-rio-stylus","10":"product_tag-electro-ventilador-para-kia-rio-stylus","12":"first","13":"instock","14":"sale","15":"taxable","16":"shipping-taxable","17":"purchasable","18":"product-type-simple"},"yoast_head":"<!-- This site is optimized with the Yoast SEO plugin v25.1 - https:\/\/yoast.com\/wordpress\/plugins\/seo\/ -->\n<title>ELECTRO VENTILADOR KIA RIO STYLUS 1.5 - GUARANDA FIGUEROA<\/title>\n<meta name=\"description\" content=\"Compra el electro ventilador para Kia Rio Stylus 1.5. Repuesto de alta calidad para asegurar un rendimiento \u00f3ptimo. \u00a1Env\u00edo r\u00e1pido y seguro!\" \/>\n<meta name=\"robots\" content=\"index, follow, max-snippet:-1, max-image-preview:large, max-video-preview:-1\" \/>\n<link rel=\"canonical\" href=\"https:\/\/guarandafigueroarepuestos.com\/index.php\/producto\/electro-ventilador-kia-rio-stylus\/\" \/>\n<meta property=\"og:locale\" content=\"es_ES\" \/>\n<meta property=\"og:type\" content=\"article\" \/>\n<meta property=\"og:title\" content=\"ELECTRO VENTILADOR KIA RIO STYLUS 1.5 - GUARANDA FIGUEROA\" \/>\n<meta property=\"og:description\" content=\"Compra el electro ventilador para Kia Rio Stylus 1.5. Repuesto de alta calidad para asegurar un rendimiento \u00f3ptimo. \u00a1Env\u00edo r\u00e1pido y seguro!\" \/>\n<meta property=\"og:url\" content=\"https:\/\/guarandafigueroarepuestos.com\/index.php\/producto\/electro-ventilador-kia-rio-stylus\/\" \/>\n<meta property=\"og:site_name\" content=\"GUARANDA FIGUEROA\" \/>\n<meta property=\"article:modified_time\" content=\"2025-03-20T19:59:45+00:00\" \/>\n<meta property=\"og:image\" content=\"https:\/\/guarandafigueroarepuestos.com\/wp-content\/uploads\/2020\/07\/ELECTOVENTILADOR-KIA-RIO-STYLUS-1.5.png\" \/>\n\t<meta property=\"og:image:width\" content=\"1080\" \/>\n\t<meta property=\"og:image:height\" content=\"1080\" \/>\n\t<meta property=\"og:image:type\" content=\"image\/png\" \/>\n<meta name=\"twitter:card\" content=\"summary_large_image\" \/>\n<meta name=\"twitter:label1\" content=\"Tiempo de lectura\" \/>\n\t<meta name=\"twitter:data1\" content=\"1 minuto\" \/>\n<script type=\"application\/ld+json\" class=\"yoast-schema-graph\">{\"@context\":\"https:\/\/schema.org\",\"@graph\":[{\"@type\":\"WebPage\",\"@id\":\"https:\/\/guarandafigueroarepuestos.com\/index.php\/producto\/electro-ventilador-kia-rio-stylus\/\",\"url\":\"https:\/\/guarandafigueroarepuestos.com\/index.php\/producto\/electro-ventilador-kia-rio-stylus\/\",\"name\":\"ELECTRO VENTILADOR KIA RIO STYLUS 1.5 - GUARANDA FIGUEROA\",\"isPartOf\":{\"@id\":\"https:\/\/guarandafigueroarepuestos.com\/#website\"},\"primaryImageOfPage\":{\"@id\":\"https:\/\/guarandafigueroarepuestos.com\/index.php\/producto\/electro-ventilador-kia-rio-stylus\/#primaryimage\"},\"image\":{\"@id\":\"https:\/\/guarandafigueroarepuestos.com\/index.php\/producto\/electro-ventilador-kia-rio-stylus\/#primaryimage\"},\"thumbnailUrl\":\"https:\/\/guarandafigueroarepuestos.com\/wp-content\/uploads\/2020\/07\/ELECTOVENTILADOR-KIA-RIO-STYLUS-1.5.png\",\"datePublished\":\"2020-07-22T17:11:32+00:00\",\"dateModified\":\"2025-03-20T19:59:45+00:00\",\"description\":\"Compra el electro ventilador para Kia Rio Stylus 1.5. Repuesto de alta calidad para asegurar un rendimiento \u00f3ptimo. \u00a1Env\u00edo r\u00e1pido y seguro!\",\"breadcrumb\":{\"@id\":\"https:\/\/guarandafigueroarepuestos.com\/index.php\/producto\/electro-ventilador-kia-rio-stylus\/#breadcrumb\"},\"inLanguage\":\"es\",\"potentialAction\":[{\"@type\":\"ReadAction\",\"target\":[\"https:\/\/guarandafigueroarepuestos.com\/index.php\/producto\/electro-ventilador-kia-rio-stylus\/\"]}]},{\"@type\":\"ImageObject\",\"inLanguage\":\"es\",\"@id\":\"https:\/\/guarandafigueroarepuestos.com\/index.php\/producto\/electro-ventilador-kia-rio-stylus\/#primaryimage\",\"url\":\"https:\/\/guarandafigueroarepuestos.com\/wp-content\/uploads\/2020\/07\/ELECTOVENTILADOR-KIA-RIO-STYLUS-1.5.png\",\"contentUrl\":\"https:\/\/guarandafigueroarepuestos.com\/wp-content\/uploads\/2020\/07\/ELECTOVENTILADOR-KIA-RIO-STYLUS-1.5.png\",\"width\":1080,\"height\":1080},{\"@type\":\"BreadcrumbList\",\"@id\":\"https:\/\/guarandafigueroarepuestos.com\/index.php\/producto\/electro-ventilador-kia-rio-stylus\/#breadcrumb\",\"itemListElement\":[{\"@type\":\"ListItem\",\"position\":1,\"name\":\"Portada\",\"item\":\"https:\/\/guarandafigueroarepuestos.com\/\"},{\"@type\":\"ListItem\",\"position\":2,\"name\":\"CATEGOR\u00cdAS\",\"item\":\"https:\/\/guarandafigueroarepuestos.com\/index.php\/product-categories\/\"},{\"@type\":\"ListItem\",\"position\":3,\"name\":\"ELECTRO VENTILADOR KIA RIO STYLUS 1.5\"}]},{\"@type\":\"WebSite\",\"@id\":\"https:\/\/guarandafigueroarepuestos.com\/#website\",\"url\":\"https:\/\/guarandafigueroarepuestos.com\/\",\"name\":\"GUARANDA FIGUEROA\",\"description\":\"REPUESTOS AUTOMOTRICES\",\"publisher\":{\"@id\":\"https:\/\/guarandafigueroarepuestos.com\/#organization\"},\"potentialAction\":[{\"@type\":\"SearchAction\",\"target\":{\"@type\":\"EntryPoint\",\"urlTemplate\":\"https:\/\/guarandafigueroarepuestos.com\/?s={search_term_string}\"},\"query-input\":{\"@type\":\"PropertyValueSpecification\",\"valueRequired\":true,\"valueName\":\"search_term_string\"}}],\"inLanguage\":\"es\"},{\"@type\":\"Organization\",\"@id\":\"https:\/\/guarandafigueroarepuestos.com\/#organization\",\"name\":\"Guaranda Figueroa Repuestos\",\"alternateName\":\"Guaranda Figueroa Repuestos\",\"url\":\"https:\/\/guarandafigueroarepuestos.com\/\",\"logo\":{\"@type\":\"ImageObject\",\"inLanguage\":\"es\",\"@id\":\"https:\/\/guarandafigueroarepuestos.com\/#\/schema\/logo\/image\/\",\"url\":\"https:\/\/guarandafigueroarepuestos.com\/wp-content\/uploads\/2025\/05\/cropped-Diseno-sin-titulo-2025-05-26T171805.272-e1748377787134.png\",\"contentUrl\":\"https:\/\/guarandafigueroarepuestos.com\/wp-content\/uploads\/2025\/05\/cropped-Diseno-sin-titulo-2025-05-26T171805.272-e1748377787134.png\",\"width\":34,\"height\":34,\"caption\":\"Guaranda Figueroa Repuestos\"},\"image\":{\"@id\":\"https:\/\/guarandafigueroarepuestos.com\/#\/schema\/logo\/image\/\"}}]}<\/script>\n<!-- \/ Yoast SEO plugin. -->","yoast_head_json":{"title":"ELECTRO VENTILADOR KIA RIO STYLUS 1.5 - GUARANDA FIGUEROA","description":"Compra el electro ventilador para Kia Rio Stylus 1.5. Repuesto de alta calidad para asegurar un rendimiento \u00f3ptimo. \u00a1Env\u00edo r\u00e1pido y seguro!","robots":{"index":"index","follow":"follow","max-snippet":"max-snippet:-1","max-image-preview":"max-image-preview:large","max-video-preview":"max-video-preview:-1"},"canonical":"https:\/\/guarandafigueroarepuestos.com\/index.php\/producto\/electro-ventilador-kia-rio-stylus\/","og_locale":"es_ES","og_type":"article","og_title":"ELECTRO VENTILADOR KIA RIO STYLUS 1.5 - GUARANDA FIGUEROA","og_description":"Compra el electro ventilador para Kia Rio Stylus 1.5. Repuesto de alta calidad para asegurar un rendimiento \u00f3ptimo. \u00a1Env\u00edo r\u00e1pido y seguro!","og_url":"https:\/\/guarandafigueroarepuestos.com\/index.php\/producto\/electro-ventilador-kia-rio-stylus\/","og_site_name":"GUARANDA FIGUEROA","article_modified_time":"2025-03-20T19:59:45+00:00","og_image":[{"width":1080,"height":1080,"url":"https:\/\/guarandafigueroarepuestos.com\/wp-content\/uploads\/2020\/07\/ELECTOVENTILADOR-KIA-RIO-STYLUS-1.5.png","type":"image\/png"}],"twitter_card":"summary_large_image","twitter_misc":{"Tiempo de lectura":"1 minuto"},"schema":{"@context":"https:\/\/schema.org","@graph":[{"@type":"WebPage","@id":"https:\/\/guarandafigueroarepuestos.com\/index.php\/producto\/electro-ventilador-kia-rio-stylus\/","url":"https:\/\/guarandafigueroarepuestos.com\/index.php\/producto\/electro-ventilador-kia-rio-stylus\/","name":"ELECTRO VENTILADOR KIA RIO STYLUS 1.5 - GUARANDA FIGUEROA","isPartOf":{"@id":"https:\/\/guarandafigueroarepuestos.com\/#website"},"primaryImageOfPage":{"@id":"https:\/\/guarandafigueroarepuestos.com\/index.php\/producto\/electro-ventilador-kia-rio-stylus\/#primaryimage"},"image":{"@id":"https:\/\/guarandafigueroarepuestos.com\/index.php\/producto\/electro-ventilador-kia-rio-stylus\/#primaryimage"},"thumbnailUrl":"https:\/\/guarandafigueroarepuestos.com\/wp-content\/uploads\/2020\/07\/ELECTOVENTILADOR-KIA-RIO-STYLUS-1.5.png","datePublished":"2020-07-22T17:11:32+00:00","dateModified":"2025-03-20T19:59:45+00:00","description":"Compra el electro ventilador para Kia Rio Stylus 1.5. Repuesto de alta calidad para asegurar un rendimiento \u00f3ptimo. \u00a1Env\u00edo r\u00e1pido y seguro!","breadcrumb":{"@id":"https:\/\/guarandafigueroarepuestos.com\/index.php\/producto\/electro-ventilador-kia-rio-stylus\/#breadcrumb"},"inLanguage":"es","potentialAction":[{"@type":"ReadAction","target":["https:\/\/guarandafigueroarepuestos.com\/index.php\/producto\/electro-ventilador-kia-rio-stylus\/"]}]},{"@type":"ImageObject","inLanguage":"es","@id":"https:\/\/guarandafigueroarepuestos.com\/index.php\/producto\/electro-ventilador-kia-rio-stylus\/#primaryimage","url":"https:\/\/guarandafigueroarepuestos.com\/wp-content\/uploads\/2020\/07\/ELECTOVENTILADOR-KIA-RIO-STYLUS-1.5.png","contentUrl":"https:\/\/guarandafigueroarepuestos.com\/wp-content\/uploads\/2020\/07\/ELECTOVENTILADOR-KIA-RIO-STYLUS-1.5.png","width":1080,"height":1080},{"@type":"BreadcrumbList","@id":"https:\/\/guarandafigueroarepuestos.com\/index.php\/producto\/electro-ventilador-kia-rio-stylus\/#breadcrumb","itemListElement":[{"@type":"ListItem","position":1,"name":"Portada","item":"https:\/\/guarandafigueroarepuestos.com\/"},{"@type":"ListItem","position":2,"name":"CATEGOR\u00cdAS","item":"https:\/\/guarandafigueroarepuestos.com\/index.php\/product-categories\/"},{"@type":"ListItem","position":3,"name":"ELECTRO VENTILADOR KIA RIO STYLUS 1.5"}]},{"@type":"WebSite","@id":"https:\/\/guarandafigueroarepuestos.com\/#website","url":"https:\/\/guarandafigueroarepuestos.com\/","name":"GUARANDA FIGUEROA","description":"REPUESTOS AUTOMOTRICES","publisher":{"@id":"https:\/\/guarandafigueroarepuestos.com\/#organization"},"potentialAction":[{"@type":"SearchAction","target":{"@type":"EntryPoint","urlTemplate":"https:\/\/guarandafigueroarepuestos.com\/?s={search_term_string}"},"query-input":{"@type":"PropertyValueSpecification","valueRequired":true,"valueName":"search_term_string"}}],"inLanguage":"es"},{"@type":"Organization","@id":"https:\/\/guarandafigueroarepuestos.com\/#organization","name":"Guaranda Figueroa Repuestos","alternateName":"Guaranda Figueroa Repuestos","url":"https:\/\/guarandafigueroarepuestos.com\/","logo":{"@type":"ImageObject","inLanguage":"es","@id":"https:\/\/guarandafigueroarepuestos.com\/#\/schema\/logo\/image\/","url":"https:\/\/guarandafigueroarepuestos.com\/wp-content\/uploads\/2025\/05\/cropped-Diseno-sin-titulo-2025-05-26T171805.272-e1748377787134.png","contentUrl":"https:\/\/guarandafigueroarepuestos.com\/wp-content\/uploads\/2025\/05\/cropped-Diseno-sin-titulo-2025-05-26T171805.272-e1748377787134.png","width":34,"height":34,"caption":"Guaranda Figueroa Repuestos"},"image":{"@id":"https:\/\/guarandafigueroarepuestos.com\/#\/schema\/logo\/image\/"}}]}},"_links":{"self":[{"href":"https:\/\/guarandafigueroarepuestos.com\/index.php\/wp-json\/wp\/v2\/product\/23714","targetHints":{"allow":["GET"]}}],"collection":[{"href":"https:\/\/guarandafigueroarepuestos.com\/index.php\/wp-json\/wp\/v2\/product"}],"about":[{"href":"https:\/\/guarandafigueroarepuestos.com\/index.php\/wp-json\/wp\/v2\/types\/product"}],"replies":[{"embeddable":true,"href":"https:\/\/guarandafigueroarepuestos.com\/index.php\/wp-json\/wp\/v2\/comments?post=23714"}],"wp:featuredmedia":[{"embeddable":true,"href":"https:\/\/guarandafigueroarepuestos.com\/index.php\/wp-json\/wp\/v2\/media\/375436"}],"wp:attachment":[{"href":"https:\/\/guarandafigueroarepuestos.com\/index.php\/wp-json\/wp\/v2\/media?parent=23714"}],"wp:term":[{"taxonomy":"product_brand","embeddable":true,"href":"https:\/\/guarandafigueroarepuestos.com\/index.php\/wp-json\/wp\/v2\/product_brand?post=23714"},{"taxonomy":"product_cat","embeddable":true,"href":"https:\/\/guarandafigueroarepuestos.com\/index.php\/wp-json\/wp\/v2\/product_cat?post=23714"},{"taxonomy":"product_tag","embeddable":true,"href":"https:\/\/guarandafigueroarepuestos.com\/index.php\/wp-json\/wp\/v2\/product_tag?post=23714"}],"curies":[{"name":"wp","href":"https:\/\/api.w.org\/{rel}","templated":true}]}}