{"id":23752,"date":"2020-07-22T21:00:39","date_gmt":"2020-07-22T21:00:39","guid":{"rendered":"https:\/\/guarandafigueroarepuestos.com\/?post_type=product&#038;p=23752"},"modified":"2025-03-20T19:32:37","modified_gmt":"2025-03-20T19:32:37","slug":"electro-ventilador-volkswagen-gol-2-0-95-99","status":"publish","type":"product","link":"https:\/\/guarandafigueroarepuestos.com\/index.php\/producto\/electro-ventilador-volkswagen-gol-2-0-95-99\/","title":{"rendered":"ELECTRO VENTILADOR VOLKSWAGEN GOL 2.0"},"content":{"rendered":"<h2>ELECTRO VENTILADOR VOLKSWAGEN GOL 2.0<\/h2>\n<pre><em><strong>DESDE EL A\u00d1O 1995 AL 1999<\/strong><\/em><\/pre>\n<ul>\n<li>\n<pre><em><strong>DI\u00c1METRO 31.8 CM<\/strong><\/em><\/pre>\n<\/li>\n<\/ul>\n<p><strong>Electro ventilador Volkswagen Gol 2.0<\/strong> es una pieza esencial para mantener el motor de tu coche funcionando correctamente. Si buscas reemplazar o mejorar el sistema de refrigeraci\u00f3n de tu veh\u00edculo, nuestro <strong>electro ventilador<\/strong> es la opci\u00f3n ideal. Dise\u00f1ado espec\u00edficamente para el modelo <strong>Volkswagen Gol 2.0<\/strong>, garantiza un rendimiento superior y una durabilidad prolongada.<\/p>\n<h4><strong>Beneficios de mantener el electro ventilador en buen estado:<\/strong><\/h4>\n<ul>\n<li><strong>Prevenci\u00f3n de Sobrecalentamientos<\/strong>: Un electro ventilador eficiente ayuda a mantener el motor de tu Gol 2.0 a temperaturas adecuadas.<\/li>\n<li><strong>Mayor Vida \u00datil del Motor<\/strong>: Evita da\u00f1os costosos al motor por sobrecalentamiento y desgaste excesivo.<\/li>\n<li><strong>Mejor Rendimiento de Combustible<\/strong>: Con un sistema de refrigeraci\u00f3n adecuado, tu motor trabajar\u00e1 de manera m\u00e1s eficiente, lo que se traduce en un mejor rendimiento de combustible.<\/li>\n<\/ul>\n","protected":false},"excerpt":{"rendered":"<h3>ELECTRO VENTILADOR VOLKSWAGEN GOL 2.0<\/h3>\n<pre><em><strong>DESDE EL A\u00d1O 1995 AL 1999<\/strong><\/em><\/pre>\n<ul>\n<li>\n<pre><em><strong>DI\u00c1METRO 31.8 CM<\/strong><\/em><\/pre>\n<\/li>\n<\/ul>\n<p><strong>MARCA: <\/strong>RECORD<\/p>\n<p><strong>ORIGEN:<\/strong> CHINO (TECNOLOG\u00cdA JAPONESA)<\/p>\n<p><strong>\u00bfTienes alguna duda o necesitas m\u00e1s informaci\u00f3n sobre el electro ventilador para Volkswagen Gol 2.0? No dudes en contactarnos directamente a trav\u00e9s de WhatsApp. \u00a1Estamos aqu\u00ed para ayudarte!<\/strong><\/p>\n<p><a href=\"http:\/\/wa.me\/593983905270?text=HOLA,%20NECESITO%20INFORMACI\u00d3N%20DEL%20PRODUCTO%20...\"><strong>\ud83d\udc49 Haz clic aqu\u00ed para hablar con nosotros en WhatsApp.<\/strong><\/a><\/p>\n","protected":false},"featured_media":375459,"comment_status":"open","ping_status":"closed","template":"","meta":[],"product_brand":[],"product_cat":[1651],"product_tag":[1734,1735,1733,1732],"class_list":{"0":"post-23752","1":"product","2":"type-product","3":"status-publish","4":"has-post-thumbnail","6":"product_cat-elecro-ventiladores","7":"product_tag-electro-ventilador-de-el-volkswagen-gol-2-0-95-99","8":"product_tag-electro-ventilador-del-volkswagen-gol-2-0-95-99","9":"product_tag-electro-ventilador-para-el-volkswagen-gol-2-0-95-99","10":"product_tag-electro-ventilador-volkswagen-gol-2-0-95-99","12":"first","13":"instock","14":"sale","15":"taxable","16":"shipping-taxable","17":"purchasable","18":"product-type-simple"},"yoast_head":"<!-- This site is optimized with the Yoast SEO plugin v25.1 - https:\/\/yoast.com\/wordpress\/plugins\/seo\/ -->\n<title>ELECTRO VENTILADOR VOLKSWAGEN GOL 2.0 - GUARANDA FIGUEROA<\/title>\n<meta name=\"description\" content=\"Compra el mejor electro ventilador para tu Volkswagen Gol 2.0. Repuesto de calidad, rendimiento superior. \u00a1Obt\u00e9n el tuyo hoy!&quot;.\" \/>\n<meta name=\"robots\" content=\"index, follow, max-snippet:-1, max-image-preview:large, max-video-preview:-1\" \/>\n<link rel=\"canonical\" href=\"https:\/\/guarandafigueroarepuestos.com\/index.php\/producto\/electro-ventilador-volkswagen-gol-2-0-95-99\/\" \/>\n<meta property=\"og:locale\" content=\"es_ES\" \/>\n<meta property=\"og:type\" content=\"article\" \/>\n<meta property=\"og:title\" content=\"ELECTRO VENTILADOR VOLKSWAGEN GOL 2.0 - GUARANDA FIGUEROA\" \/>\n<meta property=\"og:description\" content=\"Compra el mejor electro ventilador para tu Volkswagen Gol 2.0. Repuesto de calidad, rendimiento superior. \u00a1Obt\u00e9n el tuyo hoy!&quot;.\" \/>\n<meta property=\"og:url\" content=\"https:\/\/guarandafigueroarepuestos.com\/index.php\/producto\/electro-ventilador-volkswagen-gol-2-0-95-99\/\" \/>\n<meta property=\"og:site_name\" content=\"GUARANDA FIGUEROA\" \/>\n<meta property=\"article:modified_time\" content=\"2025-03-20T19:32:37+00:00\" \/>\n<meta property=\"og:image\" content=\"https:\/\/guarandafigueroarepuestos.com\/wp-content\/uploads\/2020\/07\/ELECTRO-VENTILADOR-VOLKSWAGEN-GOL-2.0.png\" \/>\n\t<meta property=\"og:image:width\" content=\"1080\" \/>\n\t<meta property=\"og:image:height\" content=\"1080\" \/>\n\t<meta property=\"og:image:type\" content=\"image\/png\" \/>\n<meta name=\"twitter:card\" content=\"summary_large_image\" \/>\n<meta name=\"twitter:label1\" content=\"Tiempo de lectura\" \/>\n\t<meta name=\"twitter:data1\" content=\"1 minuto\" \/>\n<script type=\"application\/ld+json\" class=\"yoast-schema-graph\">{\"@context\":\"https:\/\/schema.org\",\"@graph\":[{\"@type\":\"WebPage\",\"@id\":\"https:\/\/guarandafigueroarepuestos.com\/index.php\/producto\/electro-ventilador-volkswagen-gol-2-0-95-99\/\",\"url\":\"https:\/\/guarandafigueroarepuestos.com\/index.php\/producto\/electro-ventilador-volkswagen-gol-2-0-95-99\/\",\"name\":\"ELECTRO VENTILADOR VOLKSWAGEN GOL 2.0 - GUARANDA FIGUEROA\",\"isPartOf\":{\"@id\":\"https:\/\/guarandafigueroarepuestos.com\/#website\"},\"primaryImageOfPage\":{\"@id\":\"https:\/\/guarandafigueroarepuestos.com\/index.php\/producto\/electro-ventilador-volkswagen-gol-2-0-95-99\/#primaryimage\"},\"image\":{\"@id\":\"https:\/\/guarandafigueroarepuestos.com\/index.php\/producto\/electro-ventilador-volkswagen-gol-2-0-95-99\/#primaryimage\"},\"thumbnailUrl\":\"https:\/\/guarandafigueroarepuestos.com\/wp-content\/uploads\/2020\/07\/ELECTRO-VENTILADOR-VOLKSWAGEN-GOL-2.0.png\",\"datePublished\":\"2020-07-22T21:00:39+00:00\",\"dateModified\":\"2025-03-20T19:32:37+00:00\",\"description\":\"Compra el mejor electro ventilador para tu Volkswagen Gol 2.0. Repuesto de calidad, rendimiento superior. \u00a1Obt\u00e9n el tuyo hoy!\\\".\",\"breadcrumb\":{\"@id\":\"https:\/\/guarandafigueroarepuestos.com\/index.php\/producto\/electro-ventilador-volkswagen-gol-2-0-95-99\/#breadcrumb\"},\"inLanguage\":\"es\",\"potentialAction\":[{\"@type\":\"ReadAction\",\"target\":[\"https:\/\/guarandafigueroarepuestos.com\/index.php\/producto\/electro-ventilador-volkswagen-gol-2-0-95-99\/\"]}]},{\"@type\":\"ImageObject\",\"inLanguage\":\"es\",\"@id\":\"https:\/\/guarandafigueroarepuestos.com\/index.php\/producto\/electro-ventilador-volkswagen-gol-2-0-95-99\/#primaryimage\",\"url\":\"https:\/\/guarandafigueroarepuestos.com\/wp-content\/uploads\/2020\/07\/ELECTRO-VENTILADOR-VOLKSWAGEN-GOL-2.0.png\",\"contentUrl\":\"https:\/\/guarandafigueroarepuestos.com\/wp-content\/uploads\/2020\/07\/ELECTRO-VENTILADOR-VOLKSWAGEN-GOL-2.0.png\",\"width\":1080,\"height\":1080},{\"@type\":\"BreadcrumbList\",\"@id\":\"https:\/\/guarandafigueroarepuestos.com\/index.php\/producto\/electro-ventilador-volkswagen-gol-2-0-95-99\/#breadcrumb\",\"itemListElement\":[{\"@type\":\"ListItem\",\"position\":1,\"name\":\"Portada\",\"item\":\"https:\/\/guarandafigueroarepuestos.com\/\"},{\"@type\":\"ListItem\",\"position\":2,\"name\":\"CATEGOR\u00cdAS\",\"item\":\"https:\/\/guarandafigueroarepuestos.com\/index.php\/product-categories\/\"},{\"@type\":\"ListItem\",\"position\":3,\"name\":\"ELECTRO VENTILADOR VOLKSWAGEN GOL 2.0\"}]},{\"@type\":\"WebSite\",\"@id\":\"https:\/\/guarandafigueroarepuestos.com\/#website\",\"url\":\"https:\/\/guarandafigueroarepuestos.com\/\",\"name\":\"GUARANDA FIGUEROA\",\"description\":\"REPUESTOS AUTOMOTRICES\",\"publisher\":{\"@id\":\"https:\/\/guarandafigueroarepuestos.com\/#organization\"},\"potentialAction\":[{\"@type\":\"SearchAction\",\"target\":{\"@type\":\"EntryPoint\",\"urlTemplate\":\"https:\/\/guarandafigueroarepuestos.com\/?s={search_term_string}\"},\"query-input\":{\"@type\":\"PropertyValueSpecification\",\"valueRequired\":true,\"valueName\":\"search_term_string\"}}],\"inLanguage\":\"es\"},{\"@type\":\"Organization\",\"@id\":\"https:\/\/guarandafigueroarepuestos.com\/#organization\",\"name\":\"Guaranda Figueroa Repuestos\",\"alternateName\":\"Guaranda Figueroa Repuestos\",\"url\":\"https:\/\/guarandafigueroarepuestos.com\/\",\"logo\":{\"@type\":\"ImageObject\",\"inLanguage\":\"es\",\"@id\":\"https:\/\/guarandafigueroarepuestos.com\/#\/schema\/logo\/image\/\",\"url\":\"https:\/\/guarandafigueroarepuestos.com\/wp-content\/uploads\/2025\/05\/cropped-Diseno-sin-titulo-2025-05-26T171805.272-e1748377787134.png\",\"contentUrl\":\"https:\/\/guarandafigueroarepuestos.com\/wp-content\/uploads\/2025\/05\/cropped-Diseno-sin-titulo-2025-05-26T171805.272-e1748377787134.png\",\"width\":34,\"height\":34,\"caption\":\"Guaranda Figueroa Repuestos\"},\"image\":{\"@id\":\"https:\/\/guarandafigueroarepuestos.com\/#\/schema\/logo\/image\/\"}}]}<\/script>\n<!-- \/ Yoast SEO plugin. -->","yoast_head_json":{"title":"ELECTRO VENTILADOR VOLKSWAGEN GOL 2.0 - GUARANDA FIGUEROA","description":"Compra el mejor electro ventilador para tu Volkswagen Gol 2.0. Repuesto de calidad, rendimiento superior. \u00a1Obt\u00e9n el tuyo hoy!\".","robots":{"index":"index","follow":"follow","max-snippet":"max-snippet:-1","max-image-preview":"max-image-preview:large","max-video-preview":"max-video-preview:-1"},"canonical":"https:\/\/guarandafigueroarepuestos.com\/index.php\/producto\/electro-ventilador-volkswagen-gol-2-0-95-99\/","og_locale":"es_ES","og_type":"article","og_title":"ELECTRO VENTILADOR VOLKSWAGEN GOL 2.0 - GUARANDA FIGUEROA","og_description":"Compra el mejor electro ventilador para tu Volkswagen Gol 2.0. Repuesto de calidad, rendimiento superior. \u00a1Obt\u00e9n el tuyo hoy!\".","og_url":"https:\/\/guarandafigueroarepuestos.com\/index.php\/producto\/electro-ventilador-volkswagen-gol-2-0-95-99\/","og_site_name":"GUARANDA FIGUEROA","article_modified_time":"2025-03-20T19:32:37+00:00","og_image":[{"width":1080,"height":1080,"url":"https:\/\/guarandafigueroarepuestos.com\/wp-content\/uploads\/2020\/07\/ELECTRO-VENTILADOR-VOLKSWAGEN-GOL-2.0.png","type":"image\/png"}],"twitter_card":"summary_large_image","twitter_misc":{"Tiempo de lectura":"1 minuto"},"schema":{"@context":"https:\/\/schema.org","@graph":[{"@type":"WebPage","@id":"https:\/\/guarandafigueroarepuestos.com\/index.php\/producto\/electro-ventilador-volkswagen-gol-2-0-95-99\/","url":"https:\/\/guarandafigueroarepuestos.com\/index.php\/producto\/electro-ventilador-volkswagen-gol-2-0-95-99\/","name":"ELECTRO VENTILADOR VOLKSWAGEN GOL 2.0 - GUARANDA FIGUEROA","isPartOf":{"@id":"https:\/\/guarandafigueroarepuestos.com\/#website"},"primaryImageOfPage":{"@id":"https:\/\/guarandafigueroarepuestos.com\/index.php\/producto\/electro-ventilador-volkswagen-gol-2-0-95-99\/#primaryimage"},"image":{"@id":"https:\/\/guarandafigueroarepuestos.com\/index.php\/producto\/electro-ventilador-volkswagen-gol-2-0-95-99\/#primaryimage"},"thumbnailUrl":"https:\/\/guarandafigueroarepuestos.com\/wp-content\/uploads\/2020\/07\/ELECTRO-VENTILADOR-VOLKSWAGEN-GOL-2.0.png","datePublished":"2020-07-22T21:00:39+00:00","dateModified":"2025-03-20T19:32:37+00:00","description":"Compra el mejor electro ventilador para tu Volkswagen Gol 2.0. Repuesto de calidad, rendimiento superior. \u00a1Obt\u00e9n el tuyo hoy!\".","breadcrumb":{"@id":"https:\/\/guarandafigueroarepuestos.com\/index.php\/producto\/electro-ventilador-volkswagen-gol-2-0-95-99\/#breadcrumb"},"inLanguage":"es","potentialAction":[{"@type":"ReadAction","target":["https:\/\/guarandafigueroarepuestos.com\/index.php\/producto\/electro-ventilador-volkswagen-gol-2-0-95-99\/"]}]},{"@type":"ImageObject","inLanguage":"es","@id":"https:\/\/guarandafigueroarepuestos.com\/index.php\/producto\/electro-ventilador-volkswagen-gol-2-0-95-99\/#primaryimage","url":"https:\/\/guarandafigueroarepuestos.com\/wp-content\/uploads\/2020\/07\/ELECTRO-VENTILADOR-VOLKSWAGEN-GOL-2.0.png","contentUrl":"https:\/\/guarandafigueroarepuestos.com\/wp-content\/uploads\/2020\/07\/ELECTRO-VENTILADOR-VOLKSWAGEN-GOL-2.0.png","width":1080,"height":1080},{"@type":"BreadcrumbList","@id":"https:\/\/guarandafigueroarepuestos.com\/index.php\/producto\/electro-ventilador-volkswagen-gol-2-0-95-99\/#breadcrumb","itemListElement":[{"@type":"ListItem","position":1,"name":"Portada","item":"https:\/\/guarandafigueroarepuestos.com\/"},{"@type":"ListItem","position":2,"name":"CATEGOR\u00cdAS","item":"https:\/\/guarandafigueroarepuestos.com\/index.php\/product-categories\/"},{"@type":"ListItem","position":3,"name":"ELECTRO VENTILADOR VOLKSWAGEN GOL 2.0"}]},{"@type":"WebSite","@id":"https:\/\/guarandafigueroarepuestos.com\/#website","url":"https:\/\/guarandafigueroarepuestos.com\/","name":"GUARANDA FIGUEROA","description":"REPUESTOS AUTOMOTRICES","publisher":{"@id":"https:\/\/guarandafigueroarepuestos.com\/#organization"},"potentialAction":[{"@type":"SearchAction","target":{"@type":"EntryPoint","urlTemplate":"https:\/\/guarandafigueroarepuestos.com\/?s={search_term_string}"},"query-input":{"@type":"PropertyValueSpecification","valueRequired":true,"valueName":"search_term_string"}}],"inLanguage":"es"},{"@type":"Organization","@id":"https:\/\/guarandafigueroarepuestos.com\/#organization","name":"Guaranda Figueroa Repuestos","alternateName":"Guaranda Figueroa Repuestos","url":"https:\/\/guarandafigueroarepuestos.com\/","logo":{"@type":"ImageObject","inLanguage":"es","@id":"https:\/\/guarandafigueroarepuestos.com\/#\/schema\/logo\/image\/","url":"https:\/\/guarandafigueroarepuestos.com\/wp-content\/uploads\/2025\/05\/cropped-Diseno-sin-titulo-2025-05-26T171805.272-e1748377787134.png","contentUrl":"https:\/\/guarandafigueroarepuestos.com\/wp-content\/uploads\/2025\/05\/cropped-Diseno-sin-titulo-2025-05-26T171805.272-e1748377787134.png","width":34,"height":34,"caption":"Guaranda Figueroa Repuestos"},"image":{"@id":"https:\/\/guarandafigueroarepuestos.com\/#\/schema\/logo\/image\/"}}]}},"_links":{"self":[{"href":"https:\/\/guarandafigueroarepuestos.com\/index.php\/wp-json\/wp\/v2\/product\/23752","targetHints":{"allow":["GET"]}}],"collection":[{"href":"https:\/\/guarandafigueroarepuestos.com\/index.php\/wp-json\/wp\/v2\/product"}],"about":[{"href":"https:\/\/guarandafigueroarepuestos.com\/index.php\/wp-json\/wp\/v2\/types\/product"}],"replies":[{"embeddable":true,"href":"https:\/\/guarandafigueroarepuestos.com\/index.php\/wp-json\/wp\/v2\/comments?post=23752"}],"wp:featuredmedia":[{"embeddable":true,"href":"https:\/\/guarandafigueroarepuestos.com\/index.php\/wp-json\/wp\/v2\/media\/375459"}],"wp:attachment":[{"href":"https:\/\/guarandafigueroarepuestos.com\/index.php\/wp-json\/wp\/v2\/media?parent=23752"}],"wp:term":[{"taxonomy":"product_brand","embeddable":true,"href":"https:\/\/guarandafigueroarepuestos.com\/index.php\/wp-json\/wp\/v2\/product_brand?post=23752"},{"taxonomy":"product_cat","embeddable":true,"href":"https:\/\/guarandafigueroarepuestos.com\/index.php\/wp-json\/wp\/v2\/product_cat?post=23752"},{"taxonomy":"product_tag","embeddable":true,"href":"https:\/\/guarandafigueroarepuestos.com\/index.php\/wp-json\/wp\/v2\/product_tag?post=23752"}],"curies":[{"name":"wp","href":"https:\/\/api.w.org\/{rel}","templated":true}]}}