{"id":23947,"date":"2020-07-24T19:27:30","date_gmt":"2020-07-24T19:27:30","guid":{"rendered":"https:\/\/guarandafigueroarepuestos.com\/?post_type=product&#038;p=23947"},"modified":"2025-03-19T20:15:02","modified_gmt":"2025-03-19T20:15:02","slug":"tambor-freno-hyundai-accent-1-4-1-6-2012-kia-rio-r","status":"publish","type":"product","link":"https:\/\/guarandafigueroarepuestos.com\/index.php\/producto\/tambor-freno-hyundai-accent-1-4-1-6-2012-kia-rio-r\/","title":{"rendered":"TAMBOR FRENO HYUNDAI ACCENT 1.4-1.6"},"content":{"rendered":"<h2>TAMBOR FRENO HYUNDAI ACCENT 1.4-1.6 2012<\/h2>\n<h4>COMPATIBLE CON: KIA RIO R 2012-2017<\/h4>\n<ul>\n<li>DIAMETRO INTERNO 21.4CM<\/li>\n<li>DIAMETRO EXTERNO 62MM<\/li>\n<li>PROFUNDIDAD 54MM<\/li>\n<\/ul>\n<p>Si eres due\u00f1o de un <strong>Hyundai Accent<\/strong>, sabes que el sistema de frenos es crucial para la seguridad y el rendimiento de tu veh\u00edculo. Los tambores de freno para <strong>Hyundai Accent<\/strong> son una parte esencial de este sistema, ayudando a garantizar un frenado eficiente y confiable. En esta p\u00e1gina, te ofrecemos tambores de freno de alta calidad, dise\u00f1ados espec\u00edficamente para adaptarse a los modelos m\u00e1s populares del Hyundai Accent.<\/p>\n<p><strong>Beneficios de Cambiar el Tambor de Freno de tu Hyundai Accent:<\/strong><\/p>\n<ul>\n<li><strong>Seguridad:<\/strong> Un tambor de freno desgastado puede afectar gravemente el rendimiento de tu veh\u00edculo. Reemplazarlo a tiempo garantiza que tu Hyundai Accent frene de manera segura y eficaz.<\/li>\n<li><strong>Durabilidad:<\/strong> Nuestros tambores est\u00e1n fabricados con materiales de alta resistencia, lo que te asegura una mayor vida \u00fatil y una mayor resistencia al desgaste.<\/li>\n<li><strong>Rendimiento Mejorado:<\/strong> Con un tambor de freno nuevo, tu veh\u00edculo tendr\u00e1 un rendimiento \u00f3ptimo, lo que mejora la respuesta de frenado y la estabilidad en carreteras mojadas o resbaladizas.<\/li>\n<\/ul>\n<p><strong>Compatibilidad con Modelos de Kia Rio 2012-2017.<\/strong><\/p>\n<p><strong>Compra Tu Tambor de Freno Ahora:<\/strong> No arriesgues la seguridad de tu Hyundai Accent. Compra el tambor de freno para Hyundai Accent en nuestra tienda en l\u00ednea y recibe tu pedido r\u00e1pidamente. \u00a1Obt\u00e9n descuentos especiales hoy mismo!<\/p>\n","protected":false},"excerpt":{"rendered":"<h3>TAMBOR FRENO HYUNDAI ACCENT 1.4-1.6 2012<\/h3>\n<h5>COMPATIBLE CON: KIA RIO R 2012-2017<\/h5>\n<ul>\n<li>DIAMETRO INTERNO 21.4CM<\/li>\n<li>DIAMETRO EXTERNO 62MM<\/li>\n<li>PROFUNDIDAD 54MM<\/li>\n<\/ul>\n<p><strong>MARCA:<\/strong> RECORD<\/p>\n<p><strong>ORIGEN:<\/strong> CHINO ( TECNOLOG\u00cdA JAPONESA)<\/p>\n<p><strong><a href=\"http:\/\/wa.me\/593987268273?text=hola%20necesito%20informacion%20del%20producto%2003004190037\">CONSULTANOS, ESTAMOS AQU\u00cd PARA AYUDARTE<img decoding=\"async\" class=\"alignnone wp-image-22718\" src=\"https:\/\/guarandafigueroarepuestos.com\/wp-content\/uploads\/2020\/07\/00roto-whats00app00.png\" alt=\"\" width=\"80\" height=\"80\" srcset=\"https:\/\/guarandafigueroarepuestos.com\/wp-content\/uploads\/2020\/07\/00roto-whats00app00-66x66.png 66w, https:\/\/guarandafigueroarepuestos.com\/wp-content\/uploads\/2020\/07\/00roto-whats00app00-100x100.png 100w, https:\/\/guarandafigueroarepuestos.com\/wp-content\/uploads\/2020\/07\/00roto-whats00app00-150x150.png 150w, https:\/\/guarandafigueroarepuestos.com\/wp-content\/uploads\/2020\/07\/00roto-whats00app00-200x200.png 200w, https:\/\/guarandafigueroarepuestos.com\/wp-content\/uploads\/2020\/07\/00roto-whats00app00.png 256w\" sizes=\"(max-width: 80px) 100vw, 80px\" \/><\/a><\/strong><\/p>\n","protected":false},"featured_media":375276,"comment_status":"open","ping_status":"closed","template":"","meta":[],"product_brand":[],"product_cat":[1867],"product_tag":[1893,1895,1892,1894],"class_list":{"0":"post-23947","1":"product","2":"type-product","3":"status-publish","4":"has-post-thumbnail","6":"product_cat-tambor-de-freno","7":"product_tag-tambor-de-freno-hyundai-accent-1-4-1-6-2012-kia-rio-r","8":"product_tag-tambor-de-freno-para-el-hyundai-accent-1-4-1-6-2012-kia-rio-r","9":"product_tag-tambor-freno-hyundai-accent-1-4-1-6-2012-kia-rio-r","10":"product_tag-tambor-freno-para-el-hyundai-accent-1-4-1-6-2012-kia-rio-r","11":"product_shipping_class-disco-freno","13":"first","14":"instock","15":"sale","16":"taxable","17":"shipping-taxable","18":"purchasable","19":"product-type-simple"},"yoast_head":"<!-- This site is optimized with the Yoast SEO plugin v25.1 - https:\/\/yoast.com\/wordpress\/plugins\/seo\/ -->\n<title>TAMBOR FRENO HYUNDAI ACCENT 1.4-1.6 - GUARANDA FIGUEROA<\/title>\n<meta name=\"description\" content=\"Compra el tambor de freno ideal para tu Hyundai Accent 1.4. Alta calidad, durabilidad y precios competitivos. Compatible con modelos Kia Rio\" \/>\n<meta name=\"robots\" content=\"index, follow, max-snippet:-1, max-image-preview:large, max-video-preview:-1\" \/>\n<link rel=\"canonical\" href=\"https:\/\/guarandafigueroarepuestos.com\/index.php\/producto\/tambor-freno-hyundai-accent-1-4-1-6-2012-kia-rio-r\/\" \/>\n<meta property=\"og:locale\" content=\"es_ES\" \/>\n<meta property=\"og:type\" content=\"article\" \/>\n<meta property=\"og:title\" content=\"TAMBOR FRENO HYUNDAI ACCENT 1.4-1.6 - GUARANDA FIGUEROA\" \/>\n<meta property=\"og:description\" content=\"Compra el tambor de freno ideal para tu Hyundai Accent 1.4. Alta calidad, durabilidad y precios competitivos. Compatible con modelos Kia Rio\" \/>\n<meta property=\"og:url\" content=\"https:\/\/guarandafigueroarepuestos.com\/index.php\/producto\/tambor-freno-hyundai-accent-1-4-1-6-2012-kia-rio-r\/\" \/>\n<meta property=\"og:site_name\" content=\"GUARANDA FIGUEROA\" \/>\n<meta property=\"article:modified_time\" content=\"2025-03-19T20:15:02+00:00\" \/>\n<meta property=\"og:image\" content=\"https:\/\/guarandafigueroarepuestos.com\/wp-content\/uploads\/2020\/07\/TAMBOR_ACCENT.png\" \/>\n\t<meta property=\"og:image:width\" content=\"1080\" \/>\n\t<meta property=\"og:image:height\" content=\"1080\" \/>\n\t<meta property=\"og:image:type\" content=\"image\/png\" \/>\n<meta name=\"twitter:card\" content=\"summary_large_image\" \/>\n<meta name=\"twitter:label1\" content=\"Tiempo de lectura\" \/>\n\t<meta name=\"twitter:data1\" content=\"2 minutos\" \/>\n<script type=\"application\/ld+json\" class=\"yoast-schema-graph\">{\"@context\":\"https:\/\/schema.org\",\"@graph\":[{\"@type\":\"WebPage\",\"@id\":\"https:\/\/guarandafigueroarepuestos.com\/index.php\/producto\/tambor-freno-hyundai-accent-1-4-1-6-2012-kia-rio-r\/\",\"url\":\"https:\/\/guarandafigueroarepuestos.com\/index.php\/producto\/tambor-freno-hyundai-accent-1-4-1-6-2012-kia-rio-r\/\",\"name\":\"TAMBOR FRENO HYUNDAI ACCENT 1.4-1.6 - GUARANDA FIGUEROA\",\"isPartOf\":{\"@id\":\"https:\/\/guarandafigueroarepuestos.com\/#website\"},\"primaryImageOfPage\":{\"@id\":\"https:\/\/guarandafigueroarepuestos.com\/index.php\/producto\/tambor-freno-hyundai-accent-1-4-1-6-2012-kia-rio-r\/#primaryimage\"},\"image\":{\"@id\":\"https:\/\/guarandafigueroarepuestos.com\/index.php\/producto\/tambor-freno-hyundai-accent-1-4-1-6-2012-kia-rio-r\/#primaryimage\"},\"thumbnailUrl\":\"https:\/\/guarandafigueroarepuestos.com\/wp-content\/uploads\/2020\/07\/TAMBOR_ACCENT.png\",\"datePublished\":\"2020-07-24T19:27:30+00:00\",\"dateModified\":\"2025-03-19T20:15:02+00:00\",\"description\":\"Compra el tambor de freno ideal para tu Hyundai Accent 1.4. Alta calidad, durabilidad y precios competitivos. Compatible con modelos Kia Rio\",\"breadcrumb\":{\"@id\":\"https:\/\/guarandafigueroarepuestos.com\/index.php\/producto\/tambor-freno-hyundai-accent-1-4-1-6-2012-kia-rio-r\/#breadcrumb\"},\"inLanguage\":\"es\",\"potentialAction\":[{\"@type\":\"ReadAction\",\"target\":[\"https:\/\/guarandafigueroarepuestos.com\/index.php\/producto\/tambor-freno-hyundai-accent-1-4-1-6-2012-kia-rio-r\/\"]}]},{\"@type\":\"ImageObject\",\"inLanguage\":\"es\",\"@id\":\"https:\/\/guarandafigueroarepuestos.com\/index.php\/producto\/tambor-freno-hyundai-accent-1-4-1-6-2012-kia-rio-r\/#primaryimage\",\"url\":\"https:\/\/guarandafigueroarepuestos.com\/wp-content\/uploads\/2020\/07\/TAMBOR_ACCENT.png\",\"contentUrl\":\"https:\/\/guarandafigueroarepuestos.com\/wp-content\/uploads\/2020\/07\/TAMBOR_ACCENT.png\",\"width\":1080,\"height\":1080},{\"@type\":\"BreadcrumbList\",\"@id\":\"https:\/\/guarandafigueroarepuestos.com\/index.php\/producto\/tambor-freno-hyundai-accent-1-4-1-6-2012-kia-rio-r\/#breadcrumb\",\"itemListElement\":[{\"@type\":\"ListItem\",\"position\":1,\"name\":\"Portada\",\"item\":\"https:\/\/guarandafigueroarepuestos.com\/\"},{\"@type\":\"ListItem\",\"position\":2,\"name\":\"CATEGOR\u00cdAS\",\"item\":\"https:\/\/guarandafigueroarepuestos.com\/index.php\/product-categories\/\"},{\"@type\":\"ListItem\",\"position\":3,\"name\":\"TAMBOR FRENO HYUNDAI ACCENT 1.4-1.6\"}]},{\"@type\":\"WebSite\",\"@id\":\"https:\/\/guarandafigueroarepuestos.com\/#website\",\"url\":\"https:\/\/guarandafigueroarepuestos.com\/\",\"name\":\"GUARANDA FIGUEROA\",\"description\":\"REPUESTOS AUTOMOTRICES\",\"publisher\":{\"@id\":\"https:\/\/guarandafigueroarepuestos.com\/#organization\"},\"potentialAction\":[{\"@type\":\"SearchAction\",\"target\":{\"@type\":\"EntryPoint\",\"urlTemplate\":\"https:\/\/guarandafigueroarepuestos.com\/?s={search_term_string}\"},\"query-input\":{\"@type\":\"PropertyValueSpecification\",\"valueRequired\":true,\"valueName\":\"search_term_string\"}}],\"inLanguage\":\"es\"},{\"@type\":\"Organization\",\"@id\":\"https:\/\/guarandafigueroarepuestos.com\/#organization\",\"name\":\"Guaranda Figueroa Repuestos\",\"alternateName\":\"Guaranda Figueroa Repuestos\",\"url\":\"https:\/\/guarandafigueroarepuestos.com\/\",\"logo\":{\"@type\":\"ImageObject\",\"inLanguage\":\"es\",\"@id\":\"https:\/\/guarandafigueroarepuestos.com\/#\/schema\/logo\/image\/\",\"url\":\"https:\/\/guarandafigueroarepuestos.com\/wp-content\/uploads\/2025\/05\/cropped-Diseno-sin-titulo-2025-05-26T171805.272-e1748377787134.png\",\"contentUrl\":\"https:\/\/guarandafigueroarepuestos.com\/wp-content\/uploads\/2025\/05\/cropped-Diseno-sin-titulo-2025-05-26T171805.272-e1748377787134.png\",\"width\":34,\"height\":34,\"caption\":\"Guaranda Figueroa Repuestos\"},\"image\":{\"@id\":\"https:\/\/guarandafigueroarepuestos.com\/#\/schema\/logo\/image\/\"}}]}<\/script>\n<!-- \/ Yoast SEO plugin. -->","yoast_head_json":{"title":"TAMBOR FRENO HYUNDAI ACCENT 1.4-1.6 - GUARANDA FIGUEROA","description":"Compra el tambor de freno ideal para tu Hyundai Accent 1.4. Alta calidad, durabilidad y precios competitivos. Compatible con modelos Kia Rio","robots":{"index":"index","follow":"follow","max-snippet":"max-snippet:-1","max-image-preview":"max-image-preview:large","max-video-preview":"max-video-preview:-1"},"canonical":"https:\/\/guarandafigueroarepuestos.com\/index.php\/producto\/tambor-freno-hyundai-accent-1-4-1-6-2012-kia-rio-r\/","og_locale":"es_ES","og_type":"article","og_title":"TAMBOR FRENO HYUNDAI ACCENT 1.4-1.6 - GUARANDA FIGUEROA","og_description":"Compra el tambor de freno ideal para tu Hyundai Accent 1.4. Alta calidad, durabilidad y precios competitivos. Compatible con modelos Kia Rio","og_url":"https:\/\/guarandafigueroarepuestos.com\/index.php\/producto\/tambor-freno-hyundai-accent-1-4-1-6-2012-kia-rio-r\/","og_site_name":"GUARANDA FIGUEROA","article_modified_time":"2025-03-19T20:15:02+00:00","og_image":[{"width":1080,"height":1080,"url":"https:\/\/guarandafigueroarepuestos.com\/wp-content\/uploads\/2020\/07\/TAMBOR_ACCENT.png","type":"image\/png"}],"twitter_card":"summary_large_image","twitter_misc":{"Tiempo de lectura":"2 minutos"},"schema":{"@context":"https:\/\/schema.org","@graph":[{"@type":"WebPage","@id":"https:\/\/guarandafigueroarepuestos.com\/index.php\/producto\/tambor-freno-hyundai-accent-1-4-1-6-2012-kia-rio-r\/","url":"https:\/\/guarandafigueroarepuestos.com\/index.php\/producto\/tambor-freno-hyundai-accent-1-4-1-6-2012-kia-rio-r\/","name":"TAMBOR FRENO HYUNDAI ACCENT 1.4-1.6 - GUARANDA FIGUEROA","isPartOf":{"@id":"https:\/\/guarandafigueroarepuestos.com\/#website"},"primaryImageOfPage":{"@id":"https:\/\/guarandafigueroarepuestos.com\/index.php\/producto\/tambor-freno-hyundai-accent-1-4-1-6-2012-kia-rio-r\/#primaryimage"},"image":{"@id":"https:\/\/guarandafigueroarepuestos.com\/index.php\/producto\/tambor-freno-hyundai-accent-1-4-1-6-2012-kia-rio-r\/#primaryimage"},"thumbnailUrl":"https:\/\/guarandafigueroarepuestos.com\/wp-content\/uploads\/2020\/07\/TAMBOR_ACCENT.png","datePublished":"2020-07-24T19:27:30+00:00","dateModified":"2025-03-19T20:15:02+00:00","description":"Compra el tambor de freno ideal para tu Hyundai Accent 1.4. Alta calidad, durabilidad y precios competitivos. Compatible con modelos Kia Rio","breadcrumb":{"@id":"https:\/\/guarandafigueroarepuestos.com\/index.php\/producto\/tambor-freno-hyundai-accent-1-4-1-6-2012-kia-rio-r\/#breadcrumb"},"inLanguage":"es","potentialAction":[{"@type":"ReadAction","target":["https:\/\/guarandafigueroarepuestos.com\/index.php\/producto\/tambor-freno-hyundai-accent-1-4-1-6-2012-kia-rio-r\/"]}]},{"@type":"ImageObject","inLanguage":"es","@id":"https:\/\/guarandafigueroarepuestos.com\/index.php\/producto\/tambor-freno-hyundai-accent-1-4-1-6-2012-kia-rio-r\/#primaryimage","url":"https:\/\/guarandafigueroarepuestos.com\/wp-content\/uploads\/2020\/07\/TAMBOR_ACCENT.png","contentUrl":"https:\/\/guarandafigueroarepuestos.com\/wp-content\/uploads\/2020\/07\/TAMBOR_ACCENT.png","width":1080,"height":1080},{"@type":"BreadcrumbList","@id":"https:\/\/guarandafigueroarepuestos.com\/index.php\/producto\/tambor-freno-hyundai-accent-1-4-1-6-2012-kia-rio-r\/#breadcrumb","itemListElement":[{"@type":"ListItem","position":1,"name":"Portada","item":"https:\/\/guarandafigueroarepuestos.com\/"},{"@type":"ListItem","position":2,"name":"CATEGOR\u00cdAS","item":"https:\/\/guarandafigueroarepuestos.com\/index.php\/product-categories\/"},{"@type":"ListItem","position":3,"name":"TAMBOR FRENO HYUNDAI ACCENT 1.4-1.6"}]},{"@type":"WebSite","@id":"https:\/\/guarandafigueroarepuestos.com\/#website","url":"https:\/\/guarandafigueroarepuestos.com\/","name":"GUARANDA FIGUEROA","description":"REPUESTOS AUTOMOTRICES","publisher":{"@id":"https:\/\/guarandafigueroarepuestos.com\/#organization"},"potentialAction":[{"@type":"SearchAction","target":{"@type":"EntryPoint","urlTemplate":"https:\/\/guarandafigueroarepuestos.com\/?s={search_term_string}"},"query-input":{"@type":"PropertyValueSpecification","valueRequired":true,"valueName":"search_term_string"}}],"inLanguage":"es"},{"@type":"Organization","@id":"https:\/\/guarandafigueroarepuestos.com\/#organization","name":"Guaranda Figueroa Repuestos","alternateName":"Guaranda Figueroa Repuestos","url":"https:\/\/guarandafigueroarepuestos.com\/","logo":{"@type":"ImageObject","inLanguage":"es","@id":"https:\/\/guarandafigueroarepuestos.com\/#\/schema\/logo\/image\/","url":"https:\/\/guarandafigueroarepuestos.com\/wp-content\/uploads\/2025\/05\/cropped-Diseno-sin-titulo-2025-05-26T171805.272-e1748377787134.png","contentUrl":"https:\/\/guarandafigueroarepuestos.com\/wp-content\/uploads\/2025\/05\/cropped-Diseno-sin-titulo-2025-05-26T171805.272-e1748377787134.png","width":34,"height":34,"caption":"Guaranda Figueroa Repuestos"},"image":{"@id":"https:\/\/guarandafigueroarepuestos.com\/#\/schema\/logo\/image\/"}}]}},"_links":{"self":[{"href":"https:\/\/guarandafigueroarepuestos.com\/index.php\/wp-json\/wp\/v2\/product\/23947","targetHints":{"allow":["GET"]}}],"collection":[{"href":"https:\/\/guarandafigueroarepuestos.com\/index.php\/wp-json\/wp\/v2\/product"}],"about":[{"href":"https:\/\/guarandafigueroarepuestos.com\/index.php\/wp-json\/wp\/v2\/types\/product"}],"replies":[{"embeddable":true,"href":"https:\/\/guarandafigueroarepuestos.com\/index.php\/wp-json\/wp\/v2\/comments?post=23947"}],"wp:featuredmedia":[{"embeddable":true,"href":"https:\/\/guarandafigueroarepuestos.com\/index.php\/wp-json\/wp\/v2\/media\/375276"}],"wp:attachment":[{"href":"https:\/\/guarandafigueroarepuestos.com\/index.php\/wp-json\/wp\/v2\/media?parent=23947"}],"wp:term":[{"taxonomy":"product_brand","embeddable":true,"href":"https:\/\/guarandafigueroarepuestos.com\/index.php\/wp-json\/wp\/v2\/product_brand?post=23947"},{"taxonomy":"product_cat","embeddable":true,"href":"https:\/\/guarandafigueroarepuestos.com\/index.php\/wp-json\/wp\/v2\/product_cat?post=23947"},{"taxonomy":"product_tag","embeddable":true,"href":"https:\/\/guarandafigueroarepuestos.com\/index.php\/wp-json\/wp\/v2\/product_tag?post=23947"}],"curies":[{"name":"wp","href":"https:\/\/api.w.org\/{rel}","templated":true}]}}