{"id":24040,"date":"2020-07-27T14:34:40","date_gmt":"2020-07-27T14:34:40","guid":{"rendered":"https:\/\/guarandafigueroarepuestos.com\/?post_type=product&#038;p=24040"},"modified":"2025-03-19T20:02:35","modified_gmt":"2025-03-19T20:02:35","slug":"tambor-freno-mazda-alegro-1-6","status":"publish","type":"product","link":"https:\/\/guarandafigueroarepuestos.com\/index.php\/producto\/tambor-freno-mazda-alegro-1-6\/","title":{"rendered":"TAMBOR FRENO MAZDA ALLEGRO 1.6"},"content":{"rendered":"<h2>TAMBOR FRENO MAZDA ALEGRO 1.6<\/h2>\n<ul>\n<li>DIAMETRO INTERNO 21CM<\/li>\n<li>DIAMETRO EXTERNO 54MM<\/li>\n<li>PROFUNDIDAD 58MM<\/li>\n<\/ul>\n<p>El tambor de freno es una de las piezas m\u00e1s esenciales para garantizar la seguridad y eficiencia del sistema de frenos en tu <strong>Mazda Alegro 1.6<\/strong>. Se encarga de generar la fricci\u00f3n necesaria para detener el veh\u00edculo de manera efectiva. Si el tambor de freno est\u00e1 desgastado o da\u00f1ado, puede comprometer la capacidad de frenado y aumentar el riesgo de accidentes. Es crucial realizar mantenimiento peri\u00f3dico y reemplazar el tambor de freno cuando sea necesario.<\/p>\n<h4>Caracter\u00edsticas del tambor de freno para Mazda Alegro 1.6<\/h4>\n<p>El tambor de freno para <strong>Mazda Alegro 1.6<\/strong> est\u00e1 dise\u00f1ado espec\u00edficamente para adaptarse a tu modelo, ofreciendo una soluci\u00f3n ideal de frenado. Algunas de sus caracter\u00edsticas principales son:<\/p>\n<ul>\n<li><strong>Material duradero<\/strong>: Hecho de acero fundido de alta calidad para una mayor resistencia al desgaste.<\/li>\n<li><strong>Dise\u00f1o preciso<\/strong>: Fabricado para ajustarse perfectamente al sistema de frenos de tu Mazda Alegro 1.6.<\/li>\n<li><strong>Rendimiento \u00f3ptimo<\/strong>: Proporciona un frenado seguro y eficiente, reduciendo la distancia de frenado.<\/li>\n<\/ul>\n<h4>C\u00f3mo mantener los frenos de tu Mazda Alegro 1.6 en excelente estado<\/h4>\n<p>El mantenimiento adecuado del sistema de frenos, incluido el tambor de freno, es esencial para prolongar su vida \u00fatil y mantener la seguridad. Algunas recomendaciones incluyen:<\/p>\n<ul>\n<li>Inspeccionar los frenos regularmente.<\/li>\n<li>Reemplazar los tambores de freno cuando muestren signos de desgaste o da\u00f1o.<\/li>\n<li>Asegurarse de que las zapatas de freno est\u00e9n en buenas condiciones.<\/li>\n<\/ul>\n","protected":false},"excerpt":{"rendered":"<h3>TAMBOR FRENO MAZDA ALEGRO 1.6<\/h3>\n<ul>\n<li>DIAMETRO INTERNO 21CM<\/li>\n<li>DIAMETRO EXTERNO 54MM<\/li>\n<li>PROFUNDIDAD 58MM<\/li>\n<\/ul>\n<p><strong>MARCA:<\/strong> RECORD<\/p>\n<p><strong>ORIGEN:<\/strong> CHINO (TECNOLOG\u00cdA JAPONES)<\/p>\n<p>&nbsp;<\/p>\n<p><strong><a href=\"http:\/\/wa.me\/593987268273?text=hola%20necesito%20informacion%20del%20producto%2003004250026\">\ud83d\udc49 CONSULTANOS, ESTAMOS AQU\u00cd PARA AYUDARTE<img decoding=\"async\" class=\"alignnone wp-image-22718\" src=\"https:\/\/guarandafigueroarepuestos.com\/wp-content\/uploads\/2020\/07\/00roto-whats00app00.png\" alt=\"\" width=\"80\" height=\"80\" srcset=\"https:\/\/guarandafigueroarepuestos.com\/wp-content\/uploads\/2020\/07\/00roto-whats00app00-66x66.png 66w, https:\/\/guarandafigueroarepuestos.com\/wp-content\/uploads\/2020\/07\/00roto-whats00app00-100x100.png 100w, https:\/\/guarandafigueroarepuestos.com\/wp-content\/uploads\/2020\/07\/00roto-whats00app00-150x150.png 150w, https:\/\/guarandafigueroarepuestos.com\/wp-content\/uploads\/2020\/07\/00roto-whats00app00-200x200.png 200w, https:\/\/guarandafigueroarepuestos.com\/wp-content\/uploads\/2020\/07\/00roto-whats00app00.png 256w\" sizes=\"(max-width: 80px) 100vw, 80px\" \/><\/a><\/strong><\/p>\n","protected":false},"featured_media":375292,"comment_status":"open","ping_status":"closed","template":"","meta":[],"product_brand":[],"product_cat":[1867],"product_tag":[1926,1924,1927,1925],"class_list":{"0":"post-24040","1":"product","2":"type-product","3":"status-publish","4":"has-post-thumbnail","6":"product_cat-tambor-de-freno","7":"product_tag-tambor-de-freno-para-el-mazda-alegro-1-6","8":"product_tag-tambor-de-freno-para-mazda-alegro-1-6","9":"product_tag-tambor-freno-de-la-mazda-alegro-1-6","10":"product_tag-tambor-freno-para-el-mazda-alegro-1-6","11":"product_shipping_class-disco-freno","13":"first","14":"instock","15":"sale","16":"taxable","17":"shipping-taxable","18":"purchasable","19":"product-type-simple"},"yoast_head":"<!-- This site is optimized with the Yoast SEO plugin v25.1 - https:\/\/yoast.com\/wordpress\/plugins\/seo\/ -->\n<title>TAMBOR FRENO MAZDA ALLEGRO 1.6 - GUARANDA FIGUEROA<\/title>\n<meta name=\"description\" content=\"Encuentra el tambor de freno perfecto para tu Mazda Alegro 1.6. \u00a1Asegura la seguridad y el rendimiento de tu veh\u00edculo con nosotros! GF MOTORS\" \/>\n<meta name=\"robots\" content=\"index, follow, max-snippet:-1, max-image-preview:large, max-video-preview:-1\" \/>\n<link rel=\"canonical\" href=\"https:\/\/guarandafigueroarepuestos.com\/index.php\/producto\/tambor-freno-mazda-alegro-1-6\/\" \/>\n<meta property=\"og:locale\" content=\"es_ES\" \/>\n<meta property=\"og:type\" content=\"article\" \/>\n<meta property=\"og:title\" content=\"TAMBOR FRENO MAZDA ALLEGRO 1.6 - GUARANDA FIGUEROA\" \/>\n<meta property=\"og:description\" content=\"Encuentra el tambor de freno perfecto para tu Mazda Alegro 1.6. \u00a1Asegura la seguridad y el rendimiento de tu veh\u00edculo con nosotros! GF MOTORS\" \/>\n<meta property=\"og:url\" content=\"https:\/\/guarandafigueroarepuestos.com\/index.php\/producto\/tambor-freno-mazda-alegro-1-6\/\" \/>\n<meta property=\"og:site_name\" content=\"GUARANDA FIGUEROA\" \/>\n<meta property=\"article:modified_time\" content=\"2025-03-19T20:02:35+00:00\" \/>\n<meta property=\"og:image\" content=\"https:\/\/guarandafigueroarepuestos.com\/wp-content\/uploads\/2020\/07\/Diseno-sin-titulo-52.png\" \/>\n\t<meta property=\"og:image:width\" content=\"1080\" \/>\n\t<meta property=\"og:image:height\" content=\"1080\" \/>\n\t<meta property=\"og:image:type\" content=\"image\/png\" \/>\n<meta name=\"twitter:card\" content=\"summary_large_image\" \/>\n<meta name=\"twitter:label1\" content=\"Tiempo de lectura\" \/>\n\t<meta name=\"twitter:data1\" content=\"2 minutos\" \/>\n<script type=\"application\/ld+json\" class=\"yoast-schema-graph\">{\"@context\":\"https:\/\/schema.org\",\"@graph\":[{\"@type\":\"WebPage\",\"@id\":\"https:\/\/guarandafigueroarepuestos.com\/index.php\/producto\/tambor-freno-mazda-alegro-1-6\/\",\"url\":\"https:\/\/guarandafigueroarepuestos.com\/index.php\/producto\/tambor-freno-mazda-alegro-1-6\/\",\"name\":\"TAMBOR FRENO MAZDA ALLEGRO 1.6 - GUARANDA FIGUEROA\",\"isPartOf\":{\"@id\":\"https:\/\/guarandafigueroarepuestos.com\/#website\"},\"primaryImageOfPage\":{\"@id\":\"https:\/\/guarandafigueroarepuestos.com\/index.php\/producto\/tambor-freno-mazda-alegro-1-6\/#primaryimage\"},\"image\":{\"@id\":\"https:\/\/guarandafigueroarepuestos.com\/index.php\/producto\/tambor-freno-mazda-alegro-1-6\/#primaryimage\"},\"thumbnailUrl\":\"https:\/\/guarandafigueroarepuestos.com\/wp-content\/uploads\/2020\/07\/Diseno-sin-titulo-52.png\",\"datePublished\":\"2020-07-27T14:34:40+00:00\",\"dateModified\":\"2025-03-19T20:02:35+00:00\",\"description\":\"Encuentra el tambor de freno perfecto para tu Mazda Alegro 1.6. \u00a1Asegura la seguridad y el rendimiento de tu veh\u00edculo con nosotros! GF MOTORS\",\"breadcrumb\":{\"@id\":\"https:\/\/guarandafigueroarepuestos.com\/index.php\/producto\/tambor-freno-mazda-alegro-1-6\/#breadcrumb\"},\"inLanguage\":\"es\",\"potentialAction\":[{\"@type\":\"ReadAction\",\"target\":[\"https:\/\/guarandafigueroarepuestos.com\/index.php\/producto\/tambor-freno-mazda-alegro-1-6\/\"]}]},{\"@type\":\"ImageObject\",\"inLanguage\":\"es\",\"@id\":\"https:\/\/guarandafigueroarepuestos.com\/index.php\/producto\/tambor-freno-mazda-alegro-1-6\/#primaryimage\",\"url\":\"https:\/\/guarandafigueroarepuestos.com\/wp-content\/uploads\/2020\/07\/Diseno-sin-titulo-52.png\",\"contentUrl\":\"https:\/\/guarandafigueroarepuestos.com\/wp-content\/uploads\/2020\/07\/Diseno-sin-titulo-52.png\",\"width\":1080,\"height\":1080},{\"@type\":\"BreadcrumbList\",\"@id\":\"https:\/\/guarandafigueroarepuestos.com\/index.php\/producto\/tambor-freno-mazda-alegro-1-6\/#breadcrumb\",\"itemListElement\":[{\"@type\":\"ListItem\",\"position\":1,\"name\":\"Portada\",\"item\":\"https:\/\/guarandafigueroarepuestos.com\/\"},{\"@type\":\"ListItem\",\"position\":2,\"name\":\"CATEGOR\u00cdAS\",\"item\":\"https:\/\/guarandafigueroarepuestos.com\/index.php\/product-categories\/\"},{\"@type\":\"ListItem\",\"position\":3,\"name\":\"TAMBOR FRENO MAZDA ALLEGRO 1.6\"}]},{\"@type\":\"WebSite\",\"@id\":\"https:\/\/guarandafigueroarepuestos.com\/#website\",\"url\":\"https:\/\/guarandafigueroarepuestos.com\/\",\"name\":\"GUARANDA FIGUEROA\",\"description\":\"REPUESTOS AUTOMOTRICES\",\"publisher\":{\"@id\":\"https:\/\/guarandafigueroarepuestos.com\/#organization\"},\"potentialAction\":[{\"@type\":\"SearchAction\",\"target\":{\"@type\":\"EntryPoint\",\"urlTemplate\":\"https:\/\/guarandafigueroarepuestos.com\/?s={search_term_string}\"},\"query-input\":{\"@type\":\"PropertyValueSpecification\",\"valueRequired\":true,\"valueName\":\"search_term_string\"}}],\"inLanguage\":\"es\"},{\"@type\":\"Organization\",\"@id\":\"https:\/\/guarandafigueroarepuestos.com\/#organization\",\"name\":\"Guaranda Figueroa Repuestos\",\"alternateName\":\"Guaranda Figueroa Repuestos\",\"url\":\"https:\/\/guarandafigueroarepuestos.com\/\",\"logo\":{\"@type\":\"ImageObject\",\"inLanguage\":\"es\",\"@id\":\"https:\/\/guarandafigueroarepuestos.com\/#\/schema\/logo\/image\/\",\"url\":\"https:\/\/guarandafigueroarepuestos.com\/wp-content\/uploads\/2025\/05\/cropped-Diseno-sin-titulo-2025-05-26T171805.272-e1748377787134.png\",\"contentUrl\":\"https:\/\/guarandafigueroarepuestos.com\/wp-content\/uploads\/2025\/05\/cropped-Diseno-sin-titulo-2025-05-26T171805.272-e1748377787134.png\",\"width\":34,\"height\":34,\"caption\":\"Guaranda Figueroa Repuestos\"},\"image\":{\"@id\":\"https:\/\/guarandafigueroarepuestos.com\/#\/schema\/logo\/image\/\"}}]}<\/script>\n<!-- \/ Yoast SEO plugin. -->","yoast_head_json":{"title":"TAMBOR FRENO MAZDA ALLEGRO 1.6 - GUARANDA FIGUEROA","description":"Encuentra el tambor de freno perfecto para tu Mazda Alegro 1.6. \u00a1Asegura la seguridad y el rendimiento de tu veh\u00edculo con nosotros! GF MOTORS","robots":{"index":"index","follow":"follow","max-snippet":"max-snippet:-1","max-image-preview":"max-image-preview:large","max-video-preview":"max-video-preview:-1"},"canonical":"https:\/\/guarandafigueroarepuestos.com\/index.php\/producto\/tambor-freno-mazda-alegro-1-6\/","og_locale":"es_ES","og_type":"article","og_title":"TAMBOR FRENO MAZDA ALLEGRO 1.6 - GUARANDA FIGUEROA","og_description":"Encuentra el tambor de freno perfecto para tu Mazda Alegro 1.6. \u00a1Asegura la seguridad y el rendimiento de tu veh\u00edculo con nosotros! GF MOTORS","og_url":"https:\/\/guarandafigueroarepuestos.com\/index.php\/producto\/tambor-freno-mazda-alegro-1-6\/","og_site_name":"GUARANDA FIGUEROA","article_modified_time":"2025-03-19T20:02:35+00:00","og_image":[{"width":1080,"height":1080,"url":"https:\/\/guarandafigueroarepuestos.com\/wp-content\/uploads\/2020\/07\/Diseno-sin-titulo-52.png","type":"image\/png"}],"twitter_card":"summary_large_image","twitter_misc":{"Tiempo de lectura":"2 minutos"},"schema":{"@context":"https:\/\/schema.org","@graph":[{"@type":"WebPage","@id":"https:\/\/guarandafigueroarepuestos.com\/index.php\/producto\/tambor-freno-mazda-alegro-1-6\/","url":"https:\/\/guarandafigueroarepuestos.com\/index.php\/producto\/tambor-freno-mazda-alegro-1-6\/","name":"TAMBOR FRENO MAZDA ALLEGRO 1.6 - GUARANDA FIGUEROA","isPartOf":{"@id":"https:\/\/guarandafigueroarepuestos.com\/#website"},"primaryImageOfPage":{"@id":"https:\/\/guarandafigueroarepuestos.com\/index.php\/producto\/tambor-freno-mazda-alegro-1-6\/#primaryimage"},"image":{"@id":"https:\/\/guarandafigueroarepuestos.com\/index.php\/producto\/tambor-freno-mazda-alegro-1-6\/#primaryimage"},"thumbnailUrl":"https:\/\/guarandafigueroarepuestos.com\/wp-content\/uploads\/2020\/07\/Diseno-sin-titulo-52.png","datePublished":"2020-07-27T14:34:40+00:00","dateModified":"2025-03-19T20:02:35+00:00","description":"Encuentra el tambor de freno perfecto para tu Mazda Alegro 1.6. \u00a1Asegura la seguridad y el rendimiento de tu veh\u00edculo con nosotros! GF MOTORS","breadcrumb":{"@id":"https:\/\/guarandafigueroarepuestos.com\/index.php\/producto\/tambor-freno-mazda-alegro-1-6\/#breadcrumb"},"inLanguage":"es","potentialAction":[{"@type":"ReadAction","target":["https:\/\/guarandafigueroarepuestos.com\/index.php\/producto\/tambor-freno-mazda-alegro-1-6\/"]}]},{"@type":"ImageObject","inLanguage":"es","@id":"https:\/\/guarandafigueroarepuestos.com\/index.php\/producto\/tambor-freno-mazda-alegro-1-6\/#primaryimage","url":"https:\/\/guarandafigueroarepuestos.com\/wp-content\/uploads\/2020\/07\/Diseno-sin-titulo-52.png","contentUrl":"https:\/\/guarandafigueroarepuestos.com\/wp-content\/uploads\/2020\/07\/Diseno-sin-titulo-52.png","width":1080,"height":1080},{"@type":"BreadcrumbList","@id":"https:\/\/guarandafigueroarepuestos.com\/index.php\/producto\/tambor-freno-mazda-alegro-1-6\/#breadcrumb","itemListElement":[{"@type":"ListItem","position":1,"name":"Portada","item":"https:\/\/guarandafigueroarepuestos.com\/"},{"@type":"ListItem","position":2,"name":"CATEGOR\u00cdAS","item":"https:\/\/guarandafigueroarepuestos.com\/index.php\/product-categories\/"},{"@type":"ListItem","position":3,"name":"TAMBOR FRENO MAZDA ALLEGRO 1.6"}]},{"@type":"WebSite","@id":"https:\/\/guarandafigueroarepuestos.com\/#website","url":"https:\/\/guarandafigueroarepuestos.com\/","name":"GUARANDA FIGUEROA","description":"REPUESTOS AUTOMOTRICES","publisher":{"@id":"https:\/\/guarandafigueroarepuestos.com\/#organization"},"potentialAction":[{"@type":"SearchAction","target":{"@type":"EntryPoint","urlTemplate":"https:\/\/guarandafigueroarepuestos.com\/?s={search_term_string}"},"query-input":{"@type":"PropertyValueSpecification","valueRequired":true,"valueName":"search_term_string"}}],"inLanguage":"es"},{"@type":"Organization","@id":"https:\/\/guarandafigueroarepuestos.com\/#organization","name":"Guaranda Figueroa Repuestos","alternateName":"Guaranda Figueroa Repuestos","url":"https:\/\/guarandafigueroarepuestos.com\/","logo":{"@type":"ImageObject","inLanguage":"es","@id":"https:\/\/guarandafigueroarepuestos.com\/#\/schema\/logo\/image\/","url":"https:\/\/guarandafigueroarepuestos.com\/wp-content\/uploads\/2025\/05\/cropped-Diseno-sin-titulo-2025-05-26T171805.272-e1748377787134.png","contentUrl":"https:\/\/guarandafigueroarepuestos.com\/wp-content\/uploads\/2025\/05\/cropped-Diseno-sin-titulo-2025-05-26T171805.272-e1748377787134.png","width":34,"height":34,"caption":"Guaranda Figueroa Repuestos"},"image":{"@id":"https:\/\/guarandafigueroarepuestos.com\/#\/schema\/logo\/image\/"}}]}},"_links":{"self":[{"href":"https:\/\/guarandafigueroarepuestos.com\/index.php\/wp-json\/wp\/v2\/product\/24040","targetHints":{"allow":["GET"]}}],"collection":[{"href":"https:\/\/guarandafigueroarepuestos.com\/index.php\/wp-json\/wp\/v2\/product"}],"about":[{"href":"https:\/\/guarandafigueroarepuestos.com\/index.php\/wp-json\/wp\/v2\/types\/product"}],"replies":[{"embeddable":true,"href":"https:\/\/guarandafigueroarepuestos.com\/index.php\/wp-json\/wp\/v2\/comments?post=24040"}],"wp:featuredmedia":[{"embeddable":true,"href":"https:\/\/guarandafigueroarepuestos.com\/index.php\/wp-json\/wp\/v2\/media\/375292"}],"wp:attachment":[{"href":"https:\/\/guarandafigueroarepuestos.com\/index.php\/wp-json\/wp\/v2\/media?parent=24040"}],"wp:term":[{"taxonomy":"product_brand","embeddable":true,"href":"https:\/\/guarandafigueroarepuestos.com\/index.php\/wp-json\/wp\/v2\/product_brand?post=24040"},{"taxonomy":"product_cat","embeddable":true,"href":"https:\/\/guarandafigueroarepuestos.com\/index.php\/wp-json\/wp\/v2\/product_cat?post=24040"},{"taxonomy":"product_tag","embeddable":true,"href":"https:\/\/guarandafigueroarepuestos.com\/index.php\/wp-json\/wp\/v2\/product_tag?post=24040"}],"curies":[{"name":"wp","href":"https:\/\/api.w.org\/{rel}","templated":true}]}}