{"id":24073,"date":"2020-07-27T19:25:14","date_gmt":"2020-07-27T19:25:14","guid":{"rendered":"https:\/\/guarandafigueroarepuestos.com\/?post_type=product&#038;p=24073"},"modified":"2025-09-01T15:05:59","modified_gmt":"2025-09-01T15:05:59","slug":"cabezote-renault-logan-8v-1-4-1-6","status":"publish","type":"product","link":"https:\/\/guarandafigueroarepuestos.com\/index.php\/producto\/cabezote-renault-logan-8v-1-4-1-6\/","title":{"rendered":"CABEZOTE RENAULT LOGAN 8V 1.4-1.6"},"content":{"rendered":"<p>El <strong>cabezote para Renault Logan 8V 1.4-1.6<\/strong> es una pieza fundamental en el sistema de distribuci\u00f3n del motor, dise\u00f1ada para garantizar el rendimiento y la fiabilidad del veh\u00edculo. Compatible con los motores de 1.4 y 1.6 litros de 8 v\u00e1lvulas, este cabezote es responsable de controlar el flujo de la mezcla de aire-combustible hacia los cilindros y la salida de los gases de escape. Adem\u00e1s, alberga las v\u00e1lvulas y los conductos necesarios para el funcionamiento eficiente del motor.<\/p>\n<p>Fabricado con materiales de alta calidad y resistencia, este cabezote soporta altas temperaturas y presiones, asegurando un rendimiento \u00f3ptimo bajo condiciones exigentes. Su dise\u00f1o permite una distribuci\u00f3n adecuada de la temperatura, evitando deformaciones y da\u00f1os en el motor. Adem\u00e1s, contribuye a una mejor compresi\u00f3n, lo que favorece la potencia del veh\u00edculo y la eficiencia en el consumo de combustible.<\/p>\n<p>&nbsp;<\/p>\n","protected":false},"excerpt":{"rendered":"<p>CABEZOTE RENAULT LOGAN 8V 1.4-1.6<\/p>\n<ul>\n<li>MARCA: VISTANA<\/li>\n<li>ORIGEN: TAIWANES<\/li>\n<\/ul>\n<p>INCLUYE ASIENTOS Y GU\u00cdAS DE V\u00c1LVULAS<\/p>\n<p>\u00bfTienes dudas? \u00a1Estamos aqu\u00ed para ayudarte! Haz clic en el siguiente enlace y recibe atenci\u00f3n personalizada al instante.<\/p>\n<p><a href=\"http:\/\/wa.me\/593987383784?text=HOLA,%20NECESITO%20INFORMACI\u00d3N%20DEL%20PRODUCTO%25...\"><strong>\u00a0Haz clic aqu\u00ed para hablar con nosotros en WhatsApp.<\/strong><\/a><\/p>\n","protected":false},"featured_media":375138,"comment_status":"open","ping_status":"closed","template":"","meta":[],"product_brand":[],"product_cat":[1936],"product_tag":[1955,1954,1956,1953],"class_list":{"0":"post-24073","1":"product","2":"type-product","3":"status-publish","4":"has-post-thumbnail","6":"product_cat-cabezotes","7":"product_tag-cabezote-de-el-renault-logan-8v-1-4-1-6","8":"product_tag-cabezote-para-el-renault-logan-8v-1-4-1-6","9":"product_tag-cabezote-para-renault-logan-8v-1-4-1-6","10":"product_tag-cabezote-renault-logan-8v-1-4-1-6","11":"product_shipping_class-pesado","13":"first","14":"instock","15":"sale","16":"taxable","17":"shipping-taxable","18":"purchasable","19":"product-type-simple"},"yoast_head":"<!-- This site is optimized with the Yoast SEO plugin v25.1 - https:\/\/yoast.com\/wordpress\/plugins\/seo\/ -->\n<title>CABEZOTE RENAULT LOGAN 8V 1.4-1.6 - GUARANDA FIGUEROA<\/title>\n<meta name=\"description\" content=\"CABEZOTE RENAULT LOGAN 8V 1.4-1.6 Garantiza un rendimiento \u00f3ptimo y duradero para tu motor. \u00a1Compra en GF Motors!\" \/>\n<meta name=\"robots\" content=\"index, follow, max-snippet:-1, max-image-preview:large, max-video-preview:-1\" \/>\n<link rel=\"canonical\" href=\"https:\/\/guarandafigueroarepuestos.com\/index.php\/producto\/cabezote-renault-logan-8v-1-4-1-6\/\" \/>\n<meta property=\"og:locale\" content=\"es_ES\" \/>\n<meta property=\"og:type\" content=\"article\" \/>\n<meta property=\"og:title\" content=\"CABEZOTE RENAULT LOGAN 8V 1.4-1.6 - GUARANDA FIGUEROA\" \/>\n<meta property=\"og:description\" content=\"CABEZOTE RENAULT LOGAN 8V 1.4-1.6 Garantiza un rendimiento \u00f3ptimo y duradero para tu motor. \u00a1Compra en GF Motors!\" \/>\n<meta property=\"og:url\" content=\"https:\/\/guarandafigueroarepuestos.com\/index.php\/producto\/cabezote-renault-logan-8v-1-4-1-6\/\" \/>\n<meta property=\"og:site_name\" content=\"GUARANDA FIGUEROA\" \/>\n<meta property=\"article:modified_time\" content=\"2025-09-01T15:05:59+00:00\" \/>\n<meta property=\"og:image\" content=\"https:\/\/guarandafigueroarepuestos.com\/wp-content\/uploads\/2020\/07\/Anadir-texto-5.png\" \/>\n\t<meta property=\"og:image:width\" content=\"1080\" \/>\n\t<meta property=\"og:image:height\" content=\"1080\" \/>\n\t<meta property=\"og:image:type\" content=\"image\/png\" \/>\n<meta name=\"twitter:card\" content=\"summary_large_image\" \/>\n<meta name=\"twitter:label1\" content=\"Tiempo de lectura\" \/>\n\t<meta name=\"twitter:data1\" content=\"1 minuto\" \/>\n<script type=\"application\/ld+json\" class=\"yoast-schema-graph\">{\"@context\":\"https:\/\/schema.org\",\"@graph\":[{\"@type\":\"WebPage\",\"@id\":\"https:\/\/guarandafigueroarepuestos.com\/index.php\/producto\/cabezote-renault-logan-8v-1-4-1-6\/\",\"url\":\"https:\/\/guarandafigueroarepuestos.com\/index.php\/producto\/cabezote-renault-logan-8v-1-4-1-6\/\",\"name\":\"CABEZOTE RENAULT LOGAN 8V 1.4-1.6 - GUARANDA FIGUEROA\",\"isPartOf\":{\"@id\":\"https:\/\/guarandafigueroarepuestos.com\/#website\"},\"primaryImageOfPage\":{\"@id\":\"https:\/\/guarandafigueroarepuestos.com\/index.php\/producto\/cabezote-renault-logan-8v-1-4-1-6\/#primaryimage\"},\"image\":{\"@id\":\"https:\/\/guarandafigueroarepuestos.com\/index.php\/producto\/cabezote-renault-logan-8v-1-4-1-6\/#primaryimage\"},\"thumbnailUrl\":\"https:\/\/guarandafigueroarepuestos.com\/wp-content\/uploads\/2020\/07\/Anadir-texto-5.png\",\"datePublished\":\"2020-07-27T19:25:14+00:00\",\"dateModified\":\"2025-09-01T15:05:59+00:00\",\"description\":\"CABEZOTE RENAULT LOGAN 8V 1.4-1.6 Garantiza un rendimiento \u00f3ptimo y duradero para tu motor. \u00a1Compra en GF Motors!\",\"breadcrumb\":{\"@id\":\"https:\/\/guarandafigueroarepuestos.com\/index.php\/producto\/cabezote-renault-logan-8v-1-4-1-6\/#breadcrumb\"},\"inLanguage\":\"es\",\"potentialAction\":[{\"@type\":\"ReadAction\",\"target\":[\"https:\/\/guarandafigueroarepuestos.com\/index.php\/producto\/cabezote-renault-logan-8v-1-4-1-6\/\"]}]},{\"@type\":\"ImageObject\",\"inLanguage\":\"es\",\"@id\":\"https:\/\/guarandafigueroarepuestos.com\/index.php\/producto\/cabezote-renault-logan-8v-1-4-1-6\/#primaryimage\",\"url\":\"https:\/\/guarandafigueroarepuestos.com\/wp-content\/uploads\/2020\/07\/Anadir-texto-5.png\",\"contentUrl\":\"https:\/\/guarandafigueroarepuestos.com\/wp-content\/uploads\/2020\/07\/Anadir-texto-5.png\",\"width\":1080,\"height\":1080},{\"@type\":\"BreadcrumbList\",\"@id\":\"https:\/\/guarandafigueroarepuestos.com\/index.php\/producto\/cabezote-renault-logan-8v-1-4-1-6\/#breadcrumb\",\"itemListElement\":[{\"@type\":\"ListItem\",\"position\":1,\"name\":\"Portada\",\"item\":\"https:\/\/guarandafigueroarepuestos.com\/\"},{\"@type\":\"ListItem\",\"position\":2,\"name\":\"CATEGOR\u00cdAS\",\"item\":\"https:\/\/guarandafigueroarepuestos.com\/index.php\/product-categories\/\"},{\"@type\":\"ListItem\",\"position\":3,\"name\":\"CABEZOTE RENAULT LOGAN 8V 1.4-1.6\"}]},{\"@type\":\"WebSite\",\"@id\":\"https:\/\/guarandafigueroarepuestos.com\/#website\",\"url\":\"https:\/\/guarandafigueroarepuestos.com\/\",\"name\":\"GUARANDA FIGUEROA\",\"description\":\"REPUESTOS AUTOMOTRICES\",\"publisher\":{\"@id\":\"https:\/\/guarandafigueroarepuestos.com\/#organization\"},\"potentialAction\":[{\"@type\":\"SearchAction\",\"target\":{\"@type\":\"EntryPoint\",\"urlTemplate\":\"https:\/\/guarandafigueroarepuestos.com\/?s={search_term_string}\"},\"query-input\":{\"@type\":\"PropertyValueSpecification\",\"valueRequired\":true,\"valueName\":\"search_term_string\"}}],\"inLanguage\":\"es\"},{\"@type\":\"Organization\",\"@id\":\"https:\/\/guarandafigueroarepuestos.com\/#organization\",\"name\":\"Guaranda Figueroa Repuestos\",\"alternateName\":\"Guaranda Figueroa Repuestos\",\"url\":\"https:\/\/guarandafigueroarepuestos.com\/\",\"logo\":{\"@type\":\"ImageObject\",\"inLanguage\":\"es\",\"@id\":\"https:\/\/guarandafigueroarepuestos.com\/#\/schema\/logo\/image\/\",\"url\":\"https:\/\/guarandafigueroarepuestos.com\/wp-content\/uploads\/2025\/05\/cropped-Diseno-sin-titulo-2025-05-26T171805.272-e1748377787134.png\",\"contentUrl\":\"https:\/\/guarandafigueroarepuestos.com\/wp-content\/uploads\/2025\/05\/cropped-Diseno-sin-titulo-2025-05-26T171805.272-e1748377787134.png\",\"width\":34,\"height\":34,\"caption\":\"Guaranda Figueroa Repuestos\"},\"image\":{\"@id\":\"https:\/\/guarandafigueroarepuestos.com\/#\/schema\/logo\/image\/\"}}]}<\/script>\n<!-- \/ Yoast SEO plugin. -->","yoast_head_json":{"title":"CABEZOTE RENAULT LOGAN 8V 1.4-1.6 - GUARANDA FIGUEROA","description":"CABEZOTE RENAULT LOGAN 8V 1.4-1.6 Garantiza un rendimiento \u00f3ptimo y duradero para tu motor. \u00a1Compra en GF Motors!","robots":{"index":"index","follow":"follow","max-snippet":"max-snippet:-1","max-image-preview":"max-image-preview:large","max-video-preview":"max-video-preview:-1"},"canonical":"https:\/\/guarandafigueroarepuestos.com\/index.php\/producto\/cabezote-renault-logan-8v-1-4-1-6\/","og_locale":"es_ES","og_type":"article","og_title":"CABEZOTE RENAULT LOGAN 8V 1.4-1.6 - GUARANDA FIGUEROA","og_description":"CABEZOTE RENAULT LOGAN 8V 1.4-1.6 Garantiza un rendimiento \u00f3ptimo y duradero para tu motor. \u00a1Compra en GF Motors!","og_url":"https:\/\/guarandafigueroarepuestos.com\/index.php\/producto\/cabezote-renault-logan-8v-1-4-1-6\/","og_site_name":"GUARANDA FIGUEROA","article_modified_time":"2025-09-01T15:05:59+00:00","og_image":[{"width":1080,"height":1080,"url":"https:\/\/guarandafigueroarepuestos.com\/wp-content\/uploads\/2020\/07\/Anadir-texto-5.png","type":"image\/png"}],"twitter_card":"summary_large_image","twitter_misc":{"Tiempo de lectura":"1 minuto"},"schema":{"@context":"https:\/\/schema.org","@graph":[{"@type":"WebPage","@id":"https:\/\/guarandafigueroarepuestos.com\/index.php\/producto\/cabezote-renault-logan-8v-1-4-1-6\/","url":"https:\/\/guarandafigueroarepuestos.com\/index.php\/producto\/cabezote-renault-logan-8v-1-4-1-6\/","name":"CABEZOTE RENAULT LOGAN 8V 1.4-1.6 - GUARANDA FIGUEROA","isPartOf":{"@id":"https:\/\/guarandafigueroarepuestos.com\/#website"},"primaryImageOfPage":{"@id":"https:\/\/guarandafigueroarepuestos.com\/index.php\/producto\/cabezote-renault-logan-8v-1-4-1-6\/#primaryimage"},"image":{"@id":"https:\/\/guarandafigueroarepuestos.com\/index.php\/producto\/cabezote-renault-logan-8v-1-4-1-6\/#primaryimage"},"thumbnailUrl":"https:\/\/guarandafigueroarepuestos.com\/wp-content\/uploads\/2020\/07\/Anadir-texto-5.png","datePublished":"2020-07-27T19:25:14+00:00","dateModified":"2025-09-01T15:05:59+00:00","description":"CABEZOTE RENAULT LOGAN 8V 1.4-1.6 Garantiza un rendimiento \u00f3ptimo y duradero para tu motor. \u00a1Compra en GF Motors!","breadcrumb":{"@id":"https:\/\/guarandafigueroarepuestos.com\/index.php\/producto\/cabezote-renault-logan-8v-1-4-1-6\/#breadcrumb"},"inLanguage":"es","potentialAction":[{"@type":"ReadAction","target":["https:\/\/guarandafigueroarepuestos.com\/index.php\/producto\/cabezote-renault-logan-8v-1-4-1-6\/"]}]},{"@type":"ImageObject","inLanguage":"es","@id":"https:\/\/guarandafigueroarepuestos.com\/index.php\/producto\/cabezote-renault-logan-8v-1-4-1-6\/#primaryimage","url":"https:\/\/guarandafigueroarepuestos.com\/wp-content\/uploads\/2020\/07\/Anadir-texto-5.png","contentUrl":"https:\/\/guarandafigueroarepuestos.com\/wp-content\/uploads\/2020\/07\/Anadir-texto-5.png","width":1080,"height":1080},{"@type":"BreadcrumbList","@id":"https:\/\/guarandafigueroarepuestos.com\/index.php\/producto\/cabezote-renault-logan-8v-1-4-1-6\/#breadcrumb","itemListElement":[{"@type":"ListItem","position":1,"name":"Portada","item":"https:\/\/guarandafigueroarepuestos.com\/"},{"@type":"ListItem","position":2,"name":"CATEGOR\u00cdAS","item":"https:\/\/guarandafigueroarepuestos.com\/index.php\/product-categories\/"},{"@type":"ListItem","position":3,"name":"CABEZOTE RENAULT LOGAN 8V 1.4-1.6"}]},{"@type":"WebSite","@id":"https:\/\/guarandafigueroarepuestos.com\/#website","url":"https:\/\/guarandafigueroarepuestos.com\/","name":"GUARANDA FIGUEROA","description":"REPUESTOS AUTOMOTRICES","publisher":{"@id":"https:\/\/guarandafigueroarepuestos.com\/#organization"},"potentialAction":[{"@type":"SearchAction","target":{"@type":"EntryPoint","urlTemplate":"https:\/\/guarandafigueroarepuestos.com\/?s={search_term_string}"},"query-input":{"@type":"PropertyValueSpecification","valueRequired":true,"valueName":"search_term_string"}}],"inLanguage":"es"},{"@type":"Organization","@id":"https:\/\/guarandafigueroarepuestos.com\/#organization","name":"Guaranda Figueroa Repuestos","alternateName":"Guaranda Figueroa Repuestos","url":"https:\/\/guarandafigueroarepuestos.com\/","logo":{"@type":"ImageObject","inLanguage":"es","@id":"https:\/\/guarandafigueroarepuestos.com\/#\/schema\/logo\/image\/","url":"https:\/\/guarandafigueroarepuestos.com\/wp-content\/uploads\/2025\/05\/cropped-Diseno-sin-titulo-2025-05-26T171805.272-e1748377787134.png","contentUrl":"https:\/\/guarandafigueroarepuestos.com\/wp-content\/uploads\/2025\/05\/cropped-Diseno-sin-titulo-2025-05-26T171805.272-e1748377787134.png","width":34,"height":34,"caption":"Guaranda Figueroa Repuestos"},"image":{"@id":"https:\/\/guarandafigueroarepuestos.com\/#\/schema\/logo\/image\/"}}]}},"_links":{"self":[{"href":"https:\/\/guarandafigueroarepuestos.com\/index.php\/wp-json\/wp\/v2\/product\/24073","targetHints":{"allow":["GET"]}}],"collection":[{"href":"https:\/\/guarandafigueroarepuestos.com\/index.php\/wp-json\/wp\/v2\/product"}],"about":[{"href":"https:\/\/guarandafigueroarepuestos.com\/index.php\/wp-json\/wp\/v2\/types\/product"}],"replies":[{"embeddable":true,"href":"https:\/\/guarandafigueroarepuestos.com\/index.php\/wp-json\/wp\/v2\/comments?post=24073"}],"wp:featuredmedia":[{"embeddable":true,"href":"https:\/\/guarandafigueroarepuestos.com\/index.php\/wp-json\/wp\/v2\/media\/375138"}],"wp:attachment":[{"href":"https:\/\/guarandafigueroarepuestos.com\/index.php\/wp-json\/wp\/v2\/media?parent=24073"}],"wp:term":[{"taxonomy":"product_brand","embeddable":true,"href":"https:\/\/guarandafigueroarepuestos.com\/index.php\/wp-json\/wp\/v2\/product_brand?post=24073"},{"taxonomy":"product_cat","embeddable":true,"href":"https:\/\/guarandafigueroarepuestos.com\/index.php\/wp-json\/wp\/v2\/product_cat?post=24073"},{"taxonomy":"product_tag","embeddable":true,"href":"https:\/\/guarandafigueroarepuestos.com\/index.php\/wp-json\/wp\/v2\/product_tag?post=24073"}],"curies":[{"name":"wp","href":"https:\/\/api.w.org\/{rel}","templated":true}]}}