{"id":24341,"date":"2020-07-30T14:20:31","date_gmt":"2020-07-30T14:20:31","guid":{"rendered":"https:\/\/guarandafigueroarepuestos.com\/?post_type=product&#038;p=24341"},"modified":"2025-01-27T21:52:04","modified_gmt":"2025-01-27T21:52:04","slug":"disco-freno-kia-carens-2-0-2002-2006","status":"publish","type":"product","link":"https:\/\/guarandafigueroarepuestos.com\/index.php\/producto\/disco-freno-kia-carens-2-0-2002-2006\/","title":{"rendered":"DISCO FRENO KIA CARENS 2.0 2002-2006"},"content":{"rendered":"<h2>DISCO FRENO KIA CARENS 2.0 2002-2006<\/h2>\n<p>Si eres due\u00f1o de un <strong>Kia Carens 2.0<\/strong> de los a\u00f1os <strong>2002-2006<\/strong>, sabes lo importante que es mantener el sistema de frenos en perfectas condiciones. El <strong>disco de freno<\/strong> es uno de los componentes clave para garantizar la seguridad y el rendimiento de tu coche. En este art\u00edculo, te explicamos todo lo que necesitas saber sobre el <strong>disco de freno Kia Carens 2.0<\/strong> para estos modelos espec\u00edficos y por qu\u00e9 elegir un repuesto de calidad es fundamental.<\/p>\n<h3>\u00bfPor qu\u00e9 es importante cambiar el disco de freno de tu Kia Carens 2.0?<\/h3>\n<p>El disco de freno es esencial para el rendimiento del sistema de frenado de tu <strong>Kia Carens 2.0<\/strong>. Con el tiempo, los discos se desgastan debido al contacto constante con las pastillas de freno, lo que puede afectar su capacidad de frenado y aumentar el riesgo de accidentes. Si notas que tus frenos hacen ruidos extra\u00f1os, vibran al frenar o tienen una respuesta menos efectiva, es probable que sea hora de cambiar los discos de freno.<\/p>\n","protected":false},"excerpt":{"rendered":"<h3>DISCO FRENO KIA CARENS 2.0 2002-2006<\/h3>\n<p><strong>MARCA:<\/strong> RECORD<\/p>\n<p><strong>ORIGEN:<\/strong> TECNOLOG\u00cdA JAPONESA<\/p>\n<p>\u00bfTienes dudas sobre qu\u00e9 discos de freno elegir para tu Kia Carens 2.0? Cont\u00e1ctanos ahora para una asesor\u00eda personalizada.<\/p>\n<h3><a href=\"http:\/\/wa.me\/593983905270?text=HOLA,%20NECESITO%20INFORMACI\u00d3N%20DEL%20PRODUCTO%20...\">\ud83d\udc49 Haz clic aqu\u00ed para hablar con nosotros en WhatsApp.<\/a><\/h3>\n","protected":false},"featured_media":375676,"comment_status":"open","ping_status":"closed","template":"","meta":[],"product_brand":[],"product_cat":[2057],"product_tag":[2125,2126,2124,2127],"class_list":{"0":"post-24341","1":"product","2":"type-product","3":"status-publish","4":"has-post-thumbnail","6":"product_cat-discos-de-freno","7":"product_tag-disco-de-freno-kia-carens-2-0-2002-2006","8":"product_tag-disco-de-freno-para-la-kia-carens-2-0-2002-2006","9":"product_tag-disco-freno-kia-carens-2-0-2002-2006","10":"product_tag-disco-freno-para-la-kia-carens-2-0-2002-2006","12":"first","13":"instock","14":"sale","15":"taxable","16":"shipping-taxable","17":"purchasable","18":"product-type-simple"},"yoast_head":"<!-- This site is optimized with the Yoast SEO plugin v25.1 - https:\/\/yoast.com\/wordpress\/plugins\/seo\/ -->\n<title>DISCO FRENO KIA CARENS 2.0 2002-2006 - GUARANDA FIGUEROA<\/title>\n<meta name=\"description\" content=\"Compra discos de freno de alta calidad para Kia Carens 2.0 (2002-2006). Asegura el rendimiento y la seguridad de tu veh\u00edculo.\" \/>\n<meta name=\"robots\" content=\"index, follow, max-snippet:-1, max-image-preview:large, max-video-preview:-1\" \/>\n<link rel=\"canonical\" href=\"https:\/\/guarandafigueroarepuestos.com\/index.php\/producto\/disco-freno-kia-carens-2-0-2002-2006\/\" \/>\n<meta property=\"og:locale\" content=\"es_ES\" \/>\n<meta property=\"og:type\" content=\"article\" \/>\n<meta property=\"og:title\" content=\"DISCO FRENO KIA CARENS 2.0 2002-2006 - GUARANDA FIGUEROA\" \/>\n<meta property=\"og:description\" content=\"Compra discos de freno de alta calidad para Kia Carens 2.0 (2002-2006). Asegura el rendimiento y la seguridad de tu veh\u00edculo.\" \/>\n<meta property=\"og:url\" content=\"https:\/\/guarandafigueroarepuestos.com\/index.php\/producto\/disco-freno-kia-carens-2-0-2002-2006\/\" \/>\n<meta property=\"og:site_name\" content=\"GUARANDA FIGUEROA\" \/>\n<meta property=\"article:modified_time\" content=\"2025-01-27T21:52:04+00:00\" \/>\n<meta property=\"og:image\" content=\"https:\/\/guarandafigueroarepuestos.com\/wp-content\/uploads\/2020\/07\/DISCO-FRENO-KIA-CARENS-2.0-2002-2006.png\" \/>\n\t<meta property=\"og:image:width\" content=\"1080\" \/>\n\t<meta property=\"og:image:height\" content=\"1080\" \/>\n\t<meta property=\"og:image:type\" content=\"image\/png\" \/>\n<meta name=\"twitter:card\" content=\"summary_large_image\" \/>\n<meta name=\"twitter:label1\" content=\"Tiempo de lectura\" \/>\n\t<meta name=\"twitter:data1\" content=\"1 minuto\" \/>\n<script type=\"application\/ld+json\" class=\"yoast-schema-graph\">{\"@context\":\"https:\/\/schema.org\",\"@graph\":[{\"@type\":\"WebPage\",\"@id\":\"https:\/\/guarandafigueroarepuestos.com\/index.php\/producto\/disco-freno-kia-carens-2-0-2002-2006\/\",\"url\":\"https:\/\/guarandafigueroarepuestos.com\/index.php\/producto\/disco-freno-kia-carens-2-0-2002-2006\/\",\"name\":\"DISCO FRENO KIA CARENS 2.0 2002-2006 - GUARANDA FIGUEROA\",\"isPartOf\":{\"@id\":\"https:\/\/guarandafigueroarepuestos.com\/#website\"},\"primaryImageOfPage\":{\"@id\":\"https:\/\/guarandafigueroarepuestos.com\/index.php\/producto\/disco-freno-kia-carens-2-0-2002-2006\/#primaryimage\"},\"image\":{\"@id\":\"https:\/\/guarandafigueroarepuestos.com\/index.php\/producto\/disco-freno-kia-carens-2-0-2002-2006\/#primaryimage\"},\"thumbnailUrl\":\"https:\/\/guarandafigueroarepuestos.com\/wp-content\/uploads\/2020\/07\/DISCO-FRENO-KIA-CARENS-2.0-2002-2006.png\",\"datePublished\":\"2020-07-30T14:20:31+00:00\",\"dateModified\":\"2025-01-27T21:52:04+00:00\",\"description\":\"Compra discos de freno de alta calidad para Kia Carens 2.0 (2002-2006). Asegura el rendimiento y la seguridad de tu veh\u00edculo.\",\"breadcrumb\":{\"@id\":\"https:\/\/guarandafigueroarepuestos.com\/index.php\/producto\/disco-freno-kia-carens-2-0-2002-2006\/#breadcrumb\"},\"inLanguage\":\"es\",\"potentialAction\":[{\"@type\":\"ReadAction\",\"target\":[\"https:\/\/guarandafigueroarepuestos.com\/index.php\/producto\/disco-freno-kia-carens-2-0-2002-2006\/\"]}]},{\"@type\":\"ImageObject\",\"inLanguage\":\"es\",\"@id\":\"https:\/\/guarandafigueroarepuestos.com\/index.php\/producto\/disco-freno-kia-carens-2-0-2002-2006\/#primaryimage\",\"url\":\"https:\/\/guarandafigueroarepuestos.com\/wp-content\/uploads\/2020\/07\/DISCO-FRENO-KIA-CARENS-2.0-2002-2006.png\",\"contentUrl\":\"https:\/\/guarandafigueroarepuestos.com\/wp-content\/uploads\/2020\/07\/DISCO-FRENO-KIA-CARENS-2.0-2002-2006.png\",\"width\":1080,\"height\":1080,\"caption\":\"DISCO FRENO KIA CARENS 2.0 2002-2006\"},{\"@type\":\"BreadcrumbList\",\"@id\":\"https:\/\/guarandafigueroarepuestos.com\/index.php\/producto\/disco-freno-kia-carens-2-0-2002-2006\/#breadcrumb\",\"itemListElement\":[{\"@type\":\"ListItem\",\"position\":1,\"name\":\"Portada\",\"item\":\"https:\/\/guarandafigueroarepuestos.com\/\"},{\"@type\":\"ListItem\",\"position\":2,\"name\":\"CATEGOR\u00cdAS\",\"item\":\"https:\/\/guarandafigueroarepuestos.com\/index.php\/product-categories\/\"},{\"@type\":\"ListItem\",\"position\":3,\"name\":\"DISCO FRENO KIA CARENS 2.0 2002-2006\"}]},{\"@type\":\"WebSite\",\"@id\":\"https:\/\/guarandafigueroarepuestos.com\/#website\",\"url\":\"https:\/\/guarandafigueroarepuestos.com\/\",\"name\":\"GUARANDA FIGUEROA\",\"description\":\"REPUESTOS AUTOMOTRICES\",\"publisher\":{\"@id\":\"https:\/\/guarandafigueroarepuestos.com\/#organization\"},\"potentialAction\":[{\"@type\":\"SearchAction\",\"target\":{\"@type\":\"EntryPoint\",\"urlTemplate\":\"https:\/\/guarandafigueroarepuestos.com\/?s={search_term_string}\"},\"query-input\":{\"@type\":\"PropertyValueSpecification\",\"valueRequired\":true,\"valueName\":\"search_term_string\"}}],\"inLanguage\":\"es\"},{\"@type\":\"Organization\",\"@id\":\"https:\/\/guarandafigueroarepuestos.com\/#organization\",\"name\":\"Guaranda Figueroa Repuestos\",\"alternateName\":\"Guaranda Figueroa Repuestos\",\"url\":\"https:\/\/guarandafigueroarepuestos.com\/\",\"logo\":{\"@type\":\"ImageObject\",\"inLanguage\":\"es\",\"@id\":\"https:\/\/guarandafigueroarepuestos.com\/#\/schema\/logo\/image\/\",\"url\":\"https:\/\/guarandafigueroarepuestos.com\/wp-content\/uploads\/2025\/05\/cropped-Diseno-sin-titulo-2025-05-26T171805.272-e1748377787134.png\",\"contentUrl\":\"https:\/\/guarandafigueroarepuestos.com\/wp-content\/uploads\/2025\/05\/cropped-Diseno-sin-titulo-2025-05-26T171805.272-e1748377787134.png\",\"width\":34,\"height\":34,\"caption\":\"Guaranda Figueroa Repuestos\"},\"image\":{\"@id\":\"https:\/\/guarandafigueroarepuestos.com\/#\/schema\/logo\/image\/\"}}]}<\/script>\n<!-- \/ Yoast SEO plugin. -->","yoast_head_json":{"title":"DISCO FRENO KIA CARENS 2.0 2002-2006 - GUARANDA FIGUEROA","description":"Compra discos de freno de alta calidad para Kia Carens 2.0 (2002-2006). Asegura el rendimiento y la seguridad de tu veh\u00edculo.","robots":{"index":"index","follow":"follow","max-snippet":"max-snippet:-1","max-image-preview":"max-image-preview:large","max-video-preview":"max-video-preview:-1"},"canonical":"https:\/\/guarandafigueroarepuestos.com\/index.php\/producto\/disco-freno-kia-carens-2-0-2002-2006\/","og_locale":"es_ES","og_type":"article","og_title":"DISCO FRENO KIA CARENS 2.0 2002-2006 - GUARANDA FIGUEROA","og_description":"Compra discos de freno de alta calidad para Kia Carens 2.0 (2002-2006). Asegura el rendimiento y la seguridad de tu veh\u00edculo.","og_url":"https:\/\/guarandafigueroarepuestos.com\/index.php\/producto\/disco-freno-kia-carens-2-0-2002-2006\/","og_site_name":"GUARANDA FIGUEROA","article_modified_time":"2025-01-27T21:52:04+00:00","og_image":[{"width":1080,"height":1080,"url":"https:\/\/guarandafigueroarepuestos.com\/wp-content\/uploads\/2020\/07\/DISCO-FRENO-KIA-CARENS-2.0-2002-2006.png","type":"image\/png"}],"twitter_card":"summary_large_image","twitter_misc":{"Tiempo de lectura":"1 minuto"},"schema":{"@context":"https:\/\/schema.org","@graph":[{"@type":"WebPage","@id":"https:\/\/guarandafigueroarepuestos.com\/index.php\/producto\/disco-freno-kia-carens-2-0-2002-2006\/","url":"https:\/\/guarandafigueroarepuestos.com\/index.php\/producto\/disco-freno-kia-carens-2-0-2002-2006\/","name":"DISCO FRENO KIA CARENS 2.0 2002-2006 - GUARANDA FIGUEROA","isPartOf":{"@id":"https:\/\/guarandafigueroarepuestos.com\/#website"},"primaryImageOfPage":{"@id":"https:\/\/guarandafigueroarepuestos.com\/index.php\/producto\/disco-freno-kia-carens-2-0-2002-2006\/#primaryimage"},"image":{"@id":"https:\/\/guarandafigueroarepuestos.com\/index.php\/producto\/disco-freno-kia-carens-2-0-2002-2006\/#primaryimage"},"thumbnailUrl":"https:\/\/guarandafigueroarepuestos.com\/wp-content\/uploads\/2020\/07\/DISCO-FRENO-KIA-CARENS-2.0-2002-2006.png","datePublished":"2020-07-30T14:20:31+00:00","dateModified":"2025-01-27T21:52:04+00:00","description":"Compra discos de freno de alta calidad para Kia Carens 2.0 (2002-2006). Asegura el rendimiento y la seguridad de tu veh\u00edculo.","breadcrumb":{"@id":"https:\/\/guarandafigueroarepuestos.com\/index.php\/producto\/disco-freno-kia-carens-2-0-2002-2006\/#breadcrumb"},"inLanguage":"es","potentialAction":[{"@type":"ReadAction","target":["https:\/\/guarandafigueroarepuestos.com\/index.php\/producto\/disco-freno-kia-carens-2-0-2002-2006\/"]}]},{"@type":"ImageObject","inLanguage":"es","@id":"https:\/\/guarandafigueroarepuestos.com\/index.php\/producto\/disco-freno-kia-carens-2-0-2002-2006\/#primaryimage","url":"https:\/\/guarandafigueroarepuestos.com\/wp-content\/uploads\/2020\/07\/DISCO-FRENO-KIA-CARENS-2.0-2002-2006.png","contentUrl":"https:\/\/guarandafigueroarepuestos.com\/wp-content\/uploads\/2020\/07\/DISCO-FRENO-KIA-CARENS-2.0-2002-2006.png","width":1080,"height":1080,"caption":"DISCO FRENO KIA CARENS 2.0 2002-2006"},{"@type":"BreadcrumbList","@id":"https:\/\/guarandafigueroarepuestos.com\/index.php\/producto\/disco-freno-kia-carens-2-0-2002-2006\/#breadcrumb","itemListElement":[{"@type":"ListItem","position":1,"name":"Portada","item":"https:\/\/guarandafigueroarepuestos.com\/"},{"@type":"ListItem","position":2,"name":"CATEGOR\u00cdAS","item":"https:\/\/guarandafigueroarepuestos.com\/index.php\/product-categories\/"},{"@type":"ListItem","position":3,"name":"DISCO FRENO KIA CARENS 2.0 2002-2006"}]},{"@type":"WebSite","@id":"https:\/\/guarandafigueroarepuestos.com\/#website","url":"https:\/\/guarandafigueroarepuestos.com\/","name":"GUARANDA FIGUEROA","description":"REPUESTOS AUTOMOTRICES","publisher":{"@id":"https:\/\/guarandafigueroarepuestos.com\/#organization"},"potentialAction":[{"@type":"SearchAction","target":{"@type":"EntryPoint","urlTemplate":"https:\/\/guarandafigueroarepuestos.com\/?s={search_term_string}"},"query-input":{"@type":"PropertyValueSpecification","valueRequired":true,"valueName":"search_term_string"}}],"inLanguage":"es"},{"@type":"Organization","@id":"https:\/\/guarandafigueroarepuestos.com\/#organization","name":"Guaranda Figueroa Repuestos","alternateName":"Guaranda Figueroa Repuestos","url":"https:\/\/guarandafigueroarepuestos.com\/","logo":{"@type":"ImageObject","inLanguage":"es","@id":"https:\/\/guarandafigueroarepuestos.com\/#\/schema\/logo\/image\/","url":"https:\/\/guarandafigueroarepuestos.com\/wp-content\/uploads\/2025\/05\/cropped-Diseno-sin-titulo-2025-05-26T171805.272-e1748377787134.png","contentUrl":"https:\/\/guarandafigueroarepuestos.com\/wp-content\/uploads\/2025\/05\/cropped-Diseno-sin-titulo-2025-05-26T171805.272-e1748377787134.png","width":34,"height":34,"caption":"Guaranda Figueroa Repuestos"},"image":{"@id":"https:\/\/guarandafigueroarepuestos.com\/#\/schema\/logo\/image\/"}}]}},"_links":{"self":[{"href":"https:\/\/guarandafigueroarepuestos.com\/index.php\/wp-json\/wp\/v2\/product\/24341","targetHints":{"allow":["GET"]}}],"collection":[{"href":"https:\/\/guarandafigueroarepuestos.com\/index.php\/wp-json\/wp\/v2\/product"}],"about":[{"href":"https:\/\/guarandafigueroarepuestos.com\/index.php\/wp-json\/wp\/v2\/types\/product"}],"replies":[{"embeddable":true,"href":"https:\/\/guarandafigueroarepuestos.com\/index.php\/wp-json\/wp\/v2\/comments?post=24341"}],"wp:featuredmedia":[{"embeddable":true,"href":"https:\/\/guarandafigueroarepuestos.com\/index.php\/wp-json\/wp\/v2\/media\/375676"}],"wp:attachment":[{"href":"https:\/\/guarandafigueroarepuestos.com\/index.php\/wp-json\/wp\/v2\/media?parent=24341"}],"wp:term":[{"taxonomy":"product_brand","embeddable":true,"href":"https:\/\/guarandafigueroarepuestos.com\/index.php\/wp-json\/wp\/v2\/product_brand?post=24341"},{"taxonomy":"product_cat","embeddable":true,"href":"https:\/\/guarandafigueroarepuestos.com\/index.php\/wp-json\/wp\/v2\/product_cat?post=24341"},{"taxonomy":"product_tag","embeddable":true,"href":"https:\/\/guarandafigueroarepuestos.com\/index.php\/wp-json\/wp\/v2\/product_tag?post=24341"}],"curies":[{"name":"wp","href":"https:\/\/api.w.org\/{rel}","templated":true}]}}