{"id":25719,"date":"2020-08-18T14:23:55","date_gmt":"2020-08-18T14:23:55","guid":{"rendered":"https:\/\/guarandafigueroarepuestos.com\/?post_type=product&#038;p=25719"},"modified":"2025-10-20T16:23:54","modified_gmt":"2025-10-20T16:23:54","slug":"bomba-gasolina-completa-para-chevrolet-sail-1-4","status":"publish","type":"product","link":"https:\/\/guarandafigueroarepuestos.com\/index.php\/producto\/bomba-gasolina-completa-para-chevrolet-sail-1-4\/","title":{"rendered":"BOMBA GASOLINA COMPLETA PARA CHEVROLET SAIL 1.4"},"content":{"rendered":"<h2>BOMBA GASOLINA COMPLETA PARA CHEVROLET SAIL 1.4<\/h2>\n<p>La <strong>bomba de gasolina completa del Chevrolet Sail 1.4<\/strong> es una de las piezas fundamentales del sistema de combustible de tu veh\u00edculo. Esta bomba tiene la funci\u00f3n de enviar el combustible desde el tanque hasta el motor, asegurando un rendimiento \u00f3ptimo del veh\u00edculo.<\/p>\n","protected":false},"excerpt":{"rendered":"<h3>BOMBA GASOLINA COMPLETA PARA CHEVROLET SAIL 1.4<\/h3>\n<p><strong>MARCA:<\/strong> SEN-JEC<\/p>\n<p><strong>ORIGEN:<\/strong> JAPONES<\/p>\n<p>\u00bfTienes dudas? \u00a1Estamos aqu\u00ed para ayudarte! Haz clic en el siguiente enlace y recibe atenci\u00f3n personalizada al instante.<\/p>\n<p><a href=\"http:\/\/wa.me\/593987383784?text=HOLA,%20NECESITO%20INFORMACI\u00d3N%20DEL%20PRODUCTO%25...\"><strong>\u00a0Haz clic aqu\u00ed para hablar con nosotros en WhatsApp.<\/strong><\/a><\/p>\n","protected":false},"featured_media":375340,"comment_status":"open","ping_status":"closed","template":"","meta":[],"product_brand":[],"product_cat":[2745],"product_tag":[3736,3735,3622,3623,2780,3976,3977,3978],"class_list":{"0":"post-25719","1":"product","2":"type-product","3":"status-publish","4":"has-post-thumbnail","6":"product_cat-bombas-de-gasolina","7":"product_tag-bomba-combustible-para-sail-1-4","8":"product_tag-bomba-combustible-sail-1-4","9":"product_tag-bomba-de-combustible-chevrolet-sail-1-4","10":"product_tag-bomba-de-gasolina-chevrolet-sail-1-4","11":"product_tag-bomba-de-gasolina-chevrolet-sail-armada","12":"product_tag-bomba-gasolina-armada-chevrolet-sail-1-4","13":"product_tag-bomba-gasolina-completa-chevrolet-sail-1-4","14":"product_tag-bomba-gasolina-completa-para-sail-1-4","16":"first","17":"instock","18":"taxable","19":"shipping-taxable","20":"purchasable","21":"product-type-simple"},"yoast_head":"<!-- This site is optimized with the Yoast SEO plugin v25.1 - https:\/\/yoast.com\/wordpress\/plugins\/seo\/ -->\n<title>BOMBA GASOLINA COMPLETA PARA CHEVROLET SAIL 1.4 - GUARANDA FIGUEROA<\/title>\n<meta name=\"description\" content=\"Encuentra la mejor bomba de gasolina completa para tu Chevrolet Sail 1.4. Los mejores precios y la mejor calidad solo aqu\u00ed en Guaranda Figueroa Repuestos.\" \/>\n<meta name=\"robots\" content=\"index, follow, max-snippet:-1, max-image-preview:large, max-video-preview:-1\" \/>\n<link rel=\"canonical\" href=\"https:\/\/guarandafigueroarepuestos.com\/index.php\/producto\/bomba-gasolina-completa-para-chevrolet-sail-1-4\/\" \/>\n<meta property=\"og:locale\" content=\"es_ES\" \/>\n<meta property=\"og:type\" content=\"article\" \/>\n<meta property=\"og:title\" content=\"BOMBA GASOLINA COMPLETA PARA CHEVROLET SAIL 1.4 - GUARANDA FIGUEROA\" \/>\n<meta property=\"og:description\" content=\"Encuentra la mejor bomba de gasolina completa para tu Chevrolet Sail 1.4. Los mejores precios y la mejor calidad solo aqu\u00ed en Guaranda Figueroa Repuestos.\" \/>\n<meta property=\"og:url\" content=\"https:\/\/guarandafigueroarepuestos.com\/index.php\/producto\/bomba-gasolina-completa-para-chevrolet-sail-1-4\/\" \/>\n<meta property=\"og:site_name\" content=\"GUARANDA FIGUEROA\" \/>\n<meta property=\"article:modified_time\" content=\"2025-10-20T16:23:54+00:00\" \/>\n<meta property=\"og:image\" content=\"https:\/\/guarandafigueroarepuestos.com\/wp-content\/uploads\/2020\/08\/BOMBA-GASOLINA-CHEVROLET-SAIL-1.4.png\" \/>\n\t<meta property=\"og:image:width\" content=\"1080\" \/>\n\t<meta property=\"og:image:height\" content=\"1080\" \/>\n\t<meta property=\"og:image:type\" content=\"image\/png\" \/>\n<meta name=\"twitter:card\" content=\"summary_large_image\" \/>\n<meta name=\"twitter:label1\" content=\"Tiempo de lectura\" \/>\n\t<meta name=\"twitter:data1\" content=\"1 minuto\" \/>\n<script type=\"application\/ld+json\" class=\"yoast-schema-graph\">{\"@context\":\"https:\/\/schema.org\",\"@graph\":[{\"@type\":\"WebPage\",\"@id\":\"https:\/\/guarandafigueroarepuestos.com\/index.php\/producto\/bomba-gasolina-completa-para-chevrolet-sail-1-4\/\",\"url\":\"https:\/\/guarandafigueroarepuestos.com\/index.php\/producto\/bomba-gasolina-completa-para-chevrolet-sail-1-4\/\",\"name\":\"BOMBA GASOLINA COMPLETA PARA CHEVROLET SAIL 1.4 - GUARANDA FIGUEROA\",\"isPartOf\":{\"@id\":\"https:\/\/guarandafigueroarepuestos.com\/#website\"},\"primaryImageOfPage\":{\"@id\":\"https:\/\/guarandafigueroarepuestos.com\/index.php\/producto\/bomba-gasolina-completa-para-chevrolet-sail-1-4\/#primaryimage\"},\"image\":{\"@id\":\"https:\/\/guarandafigueroarepuestos.com\/index.php\/producto\/bomba-gasolina-completa-para-chevrolet-sail-1-4\/#primaryimage\"},\"thumbnailUrl\":\"https:\/\/guarandafigueroarepuestos.com\/wp-content\/uploads\/2020\/08\/BOMBA-GASOLINA-CHEVROLET-SAIL-1.4.png\",\"datePublished\":\"2020-08-18T14:23:55+00:00\",\"dateModified\":\"2025-10-20T16:23:54+00:00\",\"description\":\"Encuentra la mejor bomba de gasolina completa para tu Chevrolet Sail 1.4. Los mejores precios y la mejor calidad solo aqu\u00ed en Guaranda Figueroa Repuestos.\",\"breadcrumb\":{\"@id\":\"https:\/\/guarandafigueroarepuestos.com\/index.php\/producto\/bomba-gasolina-completa-para-chevrolet-sail-1-4\/#breadcrumb\"},\"inLanguage\":\"es\",\"potentialAction\":[{\"@type\":\"ReadAction\",\"target\":[\"https:\/\/guarandafigueroarepuestos.com\/index.php\/producto\/bomba-gasolina-completa-para-chevrolet-sail-1-4\/\"]}]},{\"@type\":\"ImageObject\",\"inLanguage\":\"es\",\"@id\":\"https:\/\/guarandafigueroarepuestos.com\/index.php\/producto\/bomba-gasolina-completa-para-chevrolet-sail-1-4\/#primaryimage\",\"url\":\"https:\/\/guarandafigueroarepuestos.com\/wp-content\/uploads\/2020\/08\/BOMBA-GASOLINA-CHEVROLET-SAIL-1.4.png\",\"contentUrl\":\"https:\/\/guarandafigueroarepuestos.com\/wp-content\/uploads\/2020\/08\/BOMBA-GASOLINA-CHEVROLET-SAIL-1.4.png\",\"width\":1080,\"height\":1080},{\"@type\":\"BreadcrumbList\",\"@id\":\"https:\/\/guarandafigueroarepuestos.com\/index.php\/producto\/bomba-gasolina-completa-para-chevrolet-sail-1-4\/#breadcrumb\",\"itemListElement\":[{\"@type\":\"ListItem\",\"position\":1,\"name\":\"Portada\",\"item\":\"https:\/\/guarandafigueroarepuestos.com\/\"},{\"@type\":\"ListItem\",\"position\":2,\"name\":\"CATEGOR\u00cdAS\",\"item\":\"https:\/\/guarandafigueroarepuestos.com\/index.php\/product-categories\/\"},{\"@type\":\"ListItem\",\"position\":3,\"name\":\"BOMBA GASOLINA COMPLETA PARA CHEVROLET SAIL 1.4\"}]},{\"@type\":\"WebSite\",\"@id\":\"https:\/\/guarandafigueroarepuestos.com\/#website\",\"url\":\"https:\/\/guarandafigueroarepuestos.com\/\",\"name\":\"GUARANDA FIGUEROA\",\"description\":\"REPUESTOS AUTOMOTRICES\",\"publisher\":{\"@id\":\"https:\/\/guarandafigueroarepuestos.com\/#organization\"},\"potentialAction\":[{\"@type\":\"SearchAction\",\"target\":{\"@type\":\"EntryPoint\",\"urlTemplate\":\"https:\/\/guarandafigueroarepuestos.com\/?s={search_term_string}\"},\"query-input\":{\"@type\":\"PropertyValueSpecification\",\"valueRequired\":true,\"valueName\":\"search_term_string\"}}],\"inLanguage\":\"es\"},{\"@type\":\"Organization\",\"@id\":\"https:\/\/guarandafigueroarepuestos.com\/#organization\",\"name\":\"Guaranda Figueroa Repuestos\",\"alternateName\":\"Guaranda Figueroa Repuestos\",\"url\":\"https:\/\/guarandafigueroarepuestos.com\/\",\"logo\":{\"@type\":\"ImageObject\",\"inLanguage\":\"es\",\"@id\":\"https:\/\/guarandafigueroarepuestos.com\/#\/schema\/logo\/image\/\",\"url\":\"https:\/\/guarandafigueroarepuestos.com\/wp-content\/uploads\/2025\/05\/cropped-Diseno-sin-titulo-2025-05-26T171805.272-e1748377787134.png\",\"contentUrl\":\"https:\/\/guarandafigueroarepuestos.com\/wp-content\/uploads\/2025\/05\/cropped-Diseno-sin-titulo-2025-05-26T171805.272-e1748377787134.png\",\"width\":34,\"height\":34,\"caption\":\"Guaranda Figueroa Repuestos\"},\"image\":{\"@id\":\"https:\/\/guarandafigueroarepuestos.com\/#\/schema\/logo\/image\/\"}}]}<\/script>\n<!-- \/ Yoast SEO plugin. -->","yoast_head_json":{"title":"BOMBA GASOLINA COMPLETA PARA CHEVROLET SAIL 1.4 - GUARANDA FIGUEROA","description":"Encuentra la mejor bomba de gasolina completa para tu Chevrolet Sail 1.4. Los mejores precios y la mejor calidad solo aqu\u00ed en Guaranda Figueroa Repuestos.","robots":{"index":"index","follow":"follow","max-snippet":"max-snippet:-1","max-image-preview":"max-image-preview:large","max-video-preview":"max-video-preview:-1"},"canonical":"https:\/\/guarandafigueroarepuestos.com\/index.php\/producto\/bomba-gasolina-completa-para-chevrolet-sail-1-4\/","og_locale":"es_ES","og_type":"article","og_title":"BOMBA GASOLINA COMPLETA PARA CHEVROLET SAIL 1.4 - GUARANDA FIGUEROA","og_description":"Encuentra la mejor bomba de gasolina completa para tu Chevrolet Sail 1.4. Los mejores precios y la mejor calidad solo aqu\u00ed en Guaranda Figueroa Repuestos.","og_url":"https:\/\/guarandafigueroarepuestos.com\/index.php\/producto\/bomba-gasolina-completa-para-chevrolet-sail-1-4\/","og_site_name":"GUARANDA FIGUEROA","article_modified_time":"2025-10-20T16:23:54+00:00","og_image":[{"width":1080,"height":1080,"url":"https:\/\/guarandafigueroarepuestos.com\/wp-content\/uploads\/2020\/08\/BOMBA-GASOLINA-CHEVROLET-SAIL-1.4.png","type":"image\/png"}],"twitter_card":"summary_large_image","twitter_misc":{"Tiempo de lectura":"1 minuto"},"schema":{"@context":"https:\/\/schema.org","@graph":[{"@type":"WebPage","@id":"https:\/\/guarandafigueroarepuestos.com\/index.php\/producto\/bomba-gasolina-completa-para-chevrolet-sail-1-4\/","url":"https:\/\/guarandafigueroarepuestos.com\/index.php\/producto\/bomba-gasolina-completa-para-chevrolet-sail-1-4\/","name":"BOMBA GASOLINA COMPLETA PARA CHEVROLET SAIL 1.4 - GUARANDA FIGUEROA","isPartOf":{"@id":"https:\/\/guarandafigueroarepuestos.com\/#website"},"primaryImageOfPage":{"@id":"https:\/\/guarandafigueroarepuestos.com\/index.php\/producto\/bomba-gasolina-completa-para-chevrolet-sail-1-4\/#primaryimage"},"image":{"@id":"https:\/\/guarandafigueroarepuestos.com\/index.php\/producto\/bomba-gasolina-completa-para-chevrolet-sail-1-4\/#primaryimage"},"thumbnailUrl":"https:\/\/guarandafigueroarepuestos.com\/wp-content\/uploads\/2020\/08\/BOMBA-GASOLINA-CHEVROLET-SAIL-1.4.png","datePublished":"2020-08-18T14:23:55+00:00","dateModified":"2025-10-20T16:23:54+00:00","description":"Encuentra la mejor bomba de gasolina completa para tu Chevrolet Sail 1.4. Los mejores precios y la mejor calidad solo aqu\u00ed en Guaranda Figueroa Repuestos.","breadcrumb":{"@id":"https:\/\/guarandafigueroarepuestos.com\/index.php\/producto\/bomba-gasolina-completa-para-chevrolet-sail-1-4\/#breadcrumb"},"inLanguage":"es","potentialAction":[{"@type":"ReadAction","target":["https:\/\/guarandafigueroarepuestos.com\/index.php\/producto\/bomba-gasolina-completa-para-chevrolet-sail-1-4\/"]}]},{"@type":"ImageObject","inLanguage":"es","@id":"https:\/\/guarandafigueroarepuestos.com\/index.php\/producto\/bomba-gasolina-completa-para-chevrolet-sail-1-4\/#primaryimage","url":"https:\/\/guarandafigueroarepuestos.com\/wp-content\/uploads\/2020\/08\/BOMBA-GASOLINA-CHEVROLET-SAIL-1.4.png","contentUrl":"https:\/\/guarandafigueroarepuestos.com\/wp-content\/uploads\/2020\/08\/BOMBA-GASOLINA-CHEVROLET-SAIL-1.4.png","width":1080,"height":1080},{"@type":"BreadcrumbList","@id":"https:\/\/guarandafigueroarepuestos.com\/index.php\/producto\/bomba-gasolina-completa-para-chevrolet-sail-1-4\/#breadcrumb","itemListElement":[{"@type":"ListItem","position":1,"name":"Portada","item":"https:\/\/guarandafigueroarepuestos.com\/"},{"@type":"ListItem","position":2,"name":"CATEGOR\u00cdAS","item":"https:\/\/guarandafigueroarepuestos.com\/index.php\/product-categories\/"},{"@type":"ListItem","position":3,"name":"BOMBA GASOLINA COMPLETA PARA CHEVROLET SAIL 1.4"}]},{"@type":"WebSite","@id":"https:\/\/guarandafigueroarepuestos.com\/#website","url":"https:\/\/guarandafigueroarepuestos.com\/","name":"GUARANDA FIGUEROA","description":"REPUESTOS AUTOMOTRICES","publisher":{"@id":"https:\/\/guarandafigueroarepuestos.com\/#organization"},"potentialAction":[{"@type":"SearchAction","target":{"@type":"EntryPoint","urlTemplate":"https:\/\/guarandafigueroarepuestos.com\/?s={search_term_string}"},"query-input":{"@type":"PropertyValueSpecification","valueRequired":true,"valueName":"search_term_string"}}],"inLanguage":"es"},{"@type":"Organization","@id":"https:\/\/guarandafigueroarepuestos.com\/#organization","name":"Guaranda Figueroa Repuestos","alternateName":"Guaranda Figueroa Repuestos","url":"https:\/\/guarandafigueroarepuestos.com\/","logo":{"@type":"ImageObject","inLanguage":"es","@id":"https:\/\/guarandafigueroarepuestos.com\/#\/schema\/logo\/image\/","url":"https:\/\/guarandafigueroarepuestos.com\/wp-content\/uploads\/2025\/05\/cropped-Diseno-sin-titulo-2025-05-26T171805.272-e1748377787134.png","contentUrl":"https:\/\/guarandafigueroarepuestos.com\/wp-content\/uploads\/2025\/05\/cropped-Diseno-sin-titulo-2025-05-26T171805.272-e1748377787134.png","width":34,"height":34,"caption":"Guaranda Figueroa Repuestos"},"image":{"@id":"https:\/\/guarandafigueroarepuestos.com\/#\/schema\/logo\/image\/"}}]}},"_links":{"self":[{"href":"https:\/\/guarandafigueroarepuestos.com\/index.php\/wp-json\/wp\/v2\/product\/25719","targetHints":{"allow":["GET"]}}],"collection":[{"href":"https:\/\/guarandafigueroarepuestos.com\/index.php\/wp-json\/wp\/v2\/product"}],"about":[{"href":"https:\/\/guarandafigueroarepuestos.com\/index.php\/wp-json\/wp\/v2\/types\/product"}],"replies":[{"embeddable":true,"href":"https:\/\/guarandafigueroarepuestos.com\/index.php\/wp-json\/wp\/v2\/comments?post=25719"}],"wp:featuredmedia":[{"embeddable":true,"href":"https:\/\/guarandafigueroarepuestos.com\/index.php\/wp-json\/wp\/v2\/media\/375340"}],"wp:attachment":[{"href":"https:\/\/guarandafigueroarepuestos.com\/index.php\/wp-json\/wp\/v2\/media?parent=25719"}],"wp:term":[{"taxonomy":"product_brand","embeddable":true,"href":"https:\/\/guarandafigueroarepuestos.com\/index.php\/wp-json\/wp\/v2\/product_brand?post=25719"},{"taxonomy":"product_cat","embeddable":true,"href":"https:\/\/guarandafigueroarepuestos.com\/index.php\/wp-json\/wp\/v2\/product_cat?post=25719"},{"taxonomy":"product_tag","embeddable":true,"href":"https:\/\/guarandafigueroarepuestos.com\/index.php\/wp-json\/wp\/v2\/product_tag?post=25719"}],"curies":[{"name":"wp","href":"https:\/\/api.w.org\/{rel}","templated":true}]}}