{"id":25957,"date":"2020-08-20T19:54:07","date_gmt":"2020-08-20T19:54:07","guid":{"rendered":"https:\/\/guarandafigueroarepuestos.com\/?post_type=product&#038;p=25957"},"modified":"2025-03-20T18:29:07","modified_gmt":"2025-03-20T18:29:07","slug":"tubo-calefaccion-chevrolet-optra-con-2-salidas-de-metal","status":"publish","type":"product","link":"https:\/\/guarandafigueroarepuestos.com\/index.php\/producto\/tubo-calefaccion-chevrolet-optra-con-2-salidas-de-metal\/","title":{"rendered":"TUBO CALEFACCI\u00d3N CHEVROLET OPTRA 1.8"},"content":{"rendered":"<h2>TUBO CALEFACCI\u00d3N CHEVROLET OPTRA 1.8<\/h2>\n<h3>CON 2 SALIDAS DE METAL<\/h3>\n<p>COMPATIBLE CON MODELO HATCHBACK<\/p>\n<p><strong>El tubo de calefacci\u00f3n del Chevrolet Optra<\/strong> espec\u00edfico en el sistema de enfriamiento del motor, este se utiliza para transportar el l\u00edquido refrigerante desde el motor hacia el n\u00facleo del radiador de calefacci\u00f3n (o intercambiador de calor). Este proceso ayuda a calentar el interior del veh\u00edculo cuando se enciende el sistema de calefacci\u00f3n.<\/p>\n<ul>\n<li>\n<h3>Funci\u00f3n del Tubo de Calefacci\u00f3n con 2 Salidas de Metal:<\/h3>\n<ul>\n<li><strong>Distribuci\u00f3n de flujo<\/strong>: El tubo de calefacci\u00f3n con <strong>2 salidas de metal<\/strong> tiene la capacidad de distribuir el flujo de refrigerante caliente a dos diferentes conductos o entradas. Esto podr\u00eda estar relacionado con un dise\u00f1o de calefacci\u00f3n que distribuye el calor a diferentes \u00e1reas del veh\u00edculo o a diferentes sistemas de calefacci\u00f3n dentro del motor, como un calentador adicional o una v\u00e1lvula de control para el flujo de refrigerante.<\/li>\n<\/ul>\n<\/li>\n<\/ul>\n<p>&nbsp;<\/p>\n","protected":false},"excerpt":{"rendered":"<h3>TUBO CALEFACCI\u00d3N CHEVROLET OPTRA 1.8<\/h3>\n<h3>CON 2 SALIDAS DE METAL<\/h3>\n<p><a href=\"http:\/\/wa.me\/593983905270?text=hola%20necesito%20informacion%20del%20producto%2096553367\">CONSULTANOS, ESTAMOS AQU\u00cd PARA AYUDARTE<img decoding=\"async\" class=\"alignnone wp-image-22718\" src=\"https:\/\/guarandafigueroarepuestos.com\/wp-content\/uploads\/2020\/07\/00roto-whats00app00.png\" alt=\"\" width=\"80\" height=\"80\" srcset=\"https:\/\/guarandafigueroarepuestos.com\/wp-content\/uploads\/2020\/07\/00roto-whats00app00-66x66.png 66w, https:\/\/guarandafigueroarepuestos.com\/wp-content\/uploads\/2020\/07\/00roto-whats00app00-100x100.png 100w, https:\/\/guarandafigueroarepuestos.com\/wp-content\/uploads\/2020\/07\/00roto-whats00app00-150x150.png 150w, https:\/\/guarandafigueroarepuestos.com\/wp-content\/uploads\/2020\/07\/00roto-whats00app00-200x200.png 200w, https:\/\/guarandafigueroarepuestos.com\/wp-content\/uploads\/2020\/07\/00roto-whats00app00.png 256w\" sizes=\"(max-width: 80px) 100vw, 80px\" \/><\/a><\/p>\n<p>&nbsp;<\/p>\n<h5><strong>*APLICA CONDICIONES*<\/strong><\/h5>\n","protected":false},"featured_media":375204,"comment_status":"open","ping_status":"closed","template":"","meta":[],"product_brand":[],"product_cat":[2856],"product_tag":[2861,2863,2862,2864],"class_list":{"0":"post-25957","1":"product","2":"type-product","3":"status-publish","4":"has-post-thumbnail","6":"product_cat-calefaccion","7":"product_tag-tubo-calefaccion-chevrolet-optra-con-2-salidas-de-metal","8":"product_tag-tubo-calefaccion-para-el-chevrolet-optra-con-2-salidas-de-metal","9":"product_tag-tubo-de-calefaccion-chevrolet-optra-con-2-salidas-de-metal","10":"product_tag-tubo-de-calefaccion-para-el-chevrolet-optra-con-2-salidas-de-metal","11":"product_shipping_class-pesado","13":"first","14":"instock","15":"sale","16":"taxable","17":"shipping-taxable","18":"purchasable","19":"product-type-simple"},"yoast_head":"<!-- This site is optimized with the Yoast SEO plugin v25.1 - https:\/\/yoast.com\/wordpress\/plugins\/seo\/ -->\n<title>TUBO CALEFACCI\u00d3N CHEVROLET OPTRA 1.8 - GUARANDA FIGUEROA<\/title>\n<meta name=\"description\" content=\"&quot;Encuentra el tubo de calefacci\u00f3n para Optra 1.8, dise\u00f1ado para mantener el sistema de calefacci\u00f3n de tu veh\u00edculo en perfecto estado&quot;\" \/>\n<meta name=\"robots\" content=\"index, follow, max-snippet:-1, max-image-preview:large, max-video-preview:-1\" \/>\n<link rel=\"canonical\" href=\"https:\/\/guarandafigueroarepuestos.com\/index.php\/producto\/tubo-calefaccion-chevrolet-optra-con-2-salidas-de-metal\/\" \/>\n<meta property=\"og:locale\" content=\"es_ES\" \/>\n<meta property=\"og:type\" content=\"article\" \/>\n<meta property=\"og:title\" content=\"TUBO CALEFACCI\u00d3N CHEVROLET OPTRA 1.8 - GUARANDA FIGUEROA\" \/>\n<meta property=\"og:description\" content=\"&quot;Encuentra el tubo de calefacci\u00f3n para Optra 1.8, dise\u00f1ado para mantener el sistema de calefacci\u00f3n de tu veh\u00edculo en perfecto estado&quot;\" \/>\n<meta property=\"og:url\" content=\"https:\/\/guarandafigueroarepuestos.com\/index.php\/producto\/tubo-calefaccion-chevrolet-optra-con-2-salidas-de-metal\/\" \/>\n<meta property=\"og:site_name\" content=\"GUARANDA FIGUEROA\" \/>\n<meta property=\"article:modified_time\" content=\"2025-03-20T18:29:07+00:00\" \/>\n<meta property=\"og:image\" content=\"https:\/\/guarandafigueroarepuestos.com\/wp-content\/uploads\/2020\/08\/Diseno-sin-titulo-26.png\" \/>\n\t<meta property=\"og:image:width\" content=\"1080\" \/>\n\t<meta property=\"og:image:height\" content=\"1080\" \/>\n\t<meta property=\"og:image:type\" content=\"image\/png\" \/>\n<meta name=\"twitter:card\" content=\"summary_large_image\" \/>\n<meta name=\"twitter:label1\" content=\"Tiempo de lectura\" \/>\n\t<meta name=\"twitter:data1\" content=\"1 minuto\" \/>\n<script type=\"application\/ld+json\" class=\"yoast-schema-graph\">{\"@context\":\"https:\/\/schema.org\",\"@graph\":[{\"@type\":\"WebPage\",\"@id\":\"https:\/\/guarandafigueroarepuestos.com\/index.php\/producto\/tubo-calefaccion-chevrolet-optra-con-2-salidas-de-metal\/\",\"url\":\"https:\/\/guarandafigueroarepuestos.com\/index.php\/producto\/tubo-calefaccion-chevrolet-optra-con-2-salidas-de-metal\/\",\"name\":\"TUBO CALEFACCI\u00d3N CHEVROLET OPTRA 1.8 - GUARANDA FIGUEROA\",\"isPartOf\":{\"@id\":\"https:\/\/guarandafigueroarepuestos.com\/#website\"},\"primaryImageOfPage\":{\"@id\":\"https:\/\/guarandafigueroarepuestos.com\/index.php\/producto\/tubo-calefaccion-chevrolet-optra-con-2-salidas-de-metal\/#primaryimage\"},\"image\":{\"@id\":\"https:\/\/guarandafigueroarepuestos.com\/index.php\/producto\/tubo-calefaccion-chevrolet-optra-con-2-salidas-de-metal\/#primaryimage\"},\"thumbnailUrl\":\"https:\/\/guarandafigueroarepuestos.com\/wp-content\/uploads\/2020\/08\/Diseno-sin-titulo-26.png\",\"datePublished\":\"2020-08-20T19:54:07+00:00\",\"dateModified\":\"2025-03-20T18:29:07+00:00\",\"description\":\"\\\"Encuentra el tubo de calefacci\u00f3n para Optra 1.8, dise\u00f1ado para mantener el sistema de calefacci\u00f3n de tu veh\u00edculo en perfecto estado\\\"\",\"breadcrumb\":{\"@id\":\"https:\/\/guarandafigueroarepuestos.com\/index.php\/producto\/tubo-calefaccion-chevrolet-optra-con-2-salidas-de-metal\/#breadcrumb\"},\"inLanguage\":\"es\",\"potentialAction\":[{\"@type\":\"ReadAction\",\"target\":[\"https:\/\/guarandafigueroarepuestos.com\/index.php\/producto\/tubo-calefaccion-chevrolet-optra-con-2-salidas-de-metal\/\"]}]},{\"@type\":\"ImageObject\",\"inLanguage\":\"es\",\"@id\":\"https:\/\/guarandafigueroarepuestos.com\/index.php\/producto\/tubo-calefaccion-chevrolet-optra-con-2-salidas-de-metal\/#primaryimage\",\"url\":\"https:\/\/guarandafigueroarepuestos.com\/wp-content\/uploads\/2020\/08\/Diseno-sin-titulo-26.png\",\"contentUrl\":\"https:\/\/guarandafigueroarepuestos.com\/wp-content\/uploads\/2020\/08\/Diseno-sin-titulo-26.png\",\"width\":1080,\"height\":1080},{\"@type\":\"BreadcrumbList\",\"@id\":\"https:\/\/guarandafigueroarepuestos.com\/index.php\/producto\/tubo-calefaccion-chevrolet-optra-con-2-salidas-de-metal\/#breadcrumb\",\"itemListElement\":[{\"@type\":\"ListItem\",\"position\":1,\"name\":\"Portada\",\"item\":\"https:\/\/guarandafigueroarepuestos.com\/\"},{\"@type\":\"ListItem\",\"position\":2,\"name\":\"CATEGOR\u00cdAS\",\"item\":\"https:\/\/guarandafigueroarepuestos.com\/index.php\/product-categories\/\"},{\"@type\":\"ListItem\",\"position\":3,\"name\":\"TUBO CALEFACCI\u00d3N CHEVROLET OPTRA 1.8\"}]},{\"@type\":\"WebSite\",\"@id\":\"https:\/\/guarandafigueroarepuestos.com\/#website\",\"url\":\"https:\/\/guarandafigueroarepuestos.com\/\",\"name\":\"GUARANDA FIGUEROA\",\"description\":\"REPUESTOS AUTOMOTRICES\",\"publisher\":{\"@id\":\"https:\/\/guarandafigueroarepuestos.com\/#organization\"},\"potentialAction\":[{\"@type\":\"SearchAction\",\"target\":{\"@type\":\"EntryPoint\",\"urlTemplate\":\"https:\/\/guarandafigueroarepuestos.com\/?s={search_term_string}\"},\"query-input\":{\"@type\":\"PropertyValueSpecification\",\"valueRequired\":true,\"valueName\":\"search_term_string\"}}],\"inLanguage\":\"es\"},{\"@type\":\"Organization\",\"@id\":\"https:\/\/guarandafigueroarepuestos.com\/#organization\",\"name\":\"Guaranda Figueroa Repuestos\",\"alternateName\":\"Guaranda Figueroa Repuestos\",\"url\":\"https:\/\/guarandafigueroarepuestos.com\/\",\"logo\":{\"@type\":\"ImageObject\",\"inLanguage\":\"es\",\"@id\":\"https:\/\/guarandafigueroarepuestos.com\/#\/schema\/logo\/image\/\",\"url\":\"https:\/\/guarandafigueroarepuestos.com\/wp-content\/uploads\/2025\/05\/cropped-Diseno-sin-titulo-2025-05-26T171805.272-e1748377787134.png\",\"contentUrl\":\"https:\/\/guarandafigueroarepuestos.com\/wp-content\/uploads\/2025\/05\/cropped-Diseno-sin-titulo-2025-05-26T171805.272-e1748377787134.png\",\"width\":34,\"height\":34,\"caption\":\"Guaranda Figueroa Repuestos\"},\"image\":{\"@id\":\"https:\/\/guarandafigueroarepuestos.com\/#\/schema\/logo\/image\/\"}}]}<\/script>\n<!-- \/ Yoast SEO plugin. -->","yoast_head_json":{"title":"TUBO CALEFACCI\u00d3N CHEVROLET OPTRA 1.8 - GUARANDA FIGUEROA","description":"\"Encuentra el tubo de calefacci\u00f3n para Optra 1.8, dise\u00f1ado para mantener el sistema de calefacci\u00f3n de tu veh\u00edculo en perfecto estado\"","robots":{"index":"index","follow":"follow","max-snippet":"max-snippet:-1","max-image-preview":"max-image-preview:large","max-video-preview":"max-video-preview:-1"},"canonical":"https:\/\/guarandafigueroarepuestos.com\/index.php\/producto\/tubo-calefaccion-chevrolet-optra-con-2-salidas-de-metal\/","og_locale":"es_ES","og_type":"article","og_title":"TUBO CALEFACCI\u00d3N CHEVROLET OPTRA 1.8 - GUARANDA FIGUEROA","og_description":"\"Encuentra el tubo de calefacci\u00f3n para Optra 1.8, dise\u00f1ado para mantener el sistema de calefacci\u00f3n de tu veh\u00edculo en perfecto estado\"","og_url":"https:\/\/guarandafigueroarepuestos.com\/index.php\/producto\/tubo-calefaccion-chevrolet-optra-con-2-salidas-de-metal\/","og_site_name":"GUARANDA FIGUEROA","article_modified_time":"2025-03-20T18:29:07+00:00","og_image":[{"width":1080,"height":1080,"url":"https:\/\/guarandafigueroarepuestos.com\/wp-content\/uploads\/2020\/08\/Diseno-sin-titulo-26.png","type":"image\/png"}],"twitter_card":"summary_large_image","twitter_misc":{"Tiempo de lectura":"1 minuto"},"schema":{"@context":"https:\/\/schema.org","@graph":[{"@type":"WebPage","@id":"https:\/\/guarandafigueroarepuestos.com\/index.php\/producto\/tubo-calefaccion-chevrolet-optra-con-2-salidas-de-metal\/","url":"https:\/\/guarandafigueroarepuestos.com\/index.php\/producto\/tubo-calefaccion-chevrolet-optra-con-2-salidas-de-metal\/","name":"TUBO CALEFACCI\u00d3N CHEVROLET OPTRA 1.8 - GUARANDA FIGUEROA","isPartOf":{"@id":"https:\/\/guarandafigueroarepuestos.com\/#website"},"primaryImageOfPage":{"@id":"https:\/\/guarandafigueroarepuestos.com\/index.php\/producto\/tubo-calefaccion-chevrolet-optra-con-2-salidas-de-metal\/#primaryimage"},"image":{"@id":"https:\/\/guarandafigueroarepuestos.com\/index.php\/producto\/tubo-calefaccion-chevrolet-optra-con-2-salidas-de-metal\/#primaryimage"},"thumbnailUrl":"https:\/\/guarandafigueroarepuestos.com\/wp-content\/uploads\/2020\/08\/Diseno-sin-titulo-26.png","datePublished":"2020-08-20T19:54:07+00:00","dateModified":"2025-03-20T18:29:07+00:00","description":"\"Encuentra el tubo de calefacci\u00f3n para Optra 1.8, dise\u00f1ado para mantener el sistema de calefacci\u00f3n de tu veh\u00edculo en perfecto estado\"","breadcrumb":{"@id":"https:\/\/guarandafigueroarepuestos.com\/index.php\/producto\/tubo-calefaccion-chevrolet-optra-con-2-salidas-de-metal\/#breadcrumb"},"inLanguage":"es","potentialAction":[{"@type":"ReadAction","target":["https:\/\/guarandafigueroarepuestos.com\/index.php\/producto\/tubo-calefaccion-chevrolet-optra-con-2-salidas-de-metal\/"]}]},{"@type":"ImageObject","inLanguage":"es","@id":"https:\/\/guarandafigueroarepuestos.com\/index.php\/producto\/tubo-calefaccion-chevrolet-optra-con-2-salidas-de-metal\/#primaryimage","url":"https:\/\/guarandafigueroarepuestos.com\/wp-content\/uploads\/2020\/08\/Diseno-sin-titulo-26.png","contentUrl":"https:\/\/guarandafigueroarepuestos.com\/wp-content\/uploads\/2020\/08\/Diseno-sin-titulo-26.png","width":1080,"height":1080},{"@type":"BreadcrumbList","@id":"https:\/\/guarandafigueroarepuestos.com\/index.php\/producto\/tubo-calefaccion-chevrolet-optra-con-2-salidas-de-metal\/#breadcrumb","itemListElement":[{"@type":"ListItem","position":1,"name":"Portada","item":"https:\/\/guarandafigueroarepuestos.com\/"},{"@type":"ListItem","position":2,"name":"CATEGOR\u00cdAS","item":"https:\/\/guarandafigueroarepuestos.com\/index.php\/product-categories\/"},{"@type":"ListItem","position":3,"name":"TUBO CALEFACCI\u00d3N CHEVROLET OPTRA 1.8"}]},{"@type":"WebSite","@id":"https:\/\/guarandafigueroarepuestos.com\/#website","url":"https:\/\/guarandafigueroarepuestos.com\/","name":"GUARANDA FIGUEROA","description":"REPUESTOS AUTOMOTRICES","publisher":{"@id":"https:\/\/guarandafigueroarepuestos.com\/#organization"},"potentialAction":[{"@type":"SearchAction","target":{"@type":"EntryPoint","urlTemplate":"https:\/\/guarandafigueroarepuestos.com\/?s={search_term_string}"},"query-input":{"@type":"PropertyValueSpecification","valueRequired":true,"valueName":"search_term_string"}}],"inLanguage":"es"},{"@type":"Organization","@id":"https:\/\/guarandafigueroarepuestos.com\/#organization","name":"Guaranda Figueroa Repuestos","alternateName":"Guaranda Figueroa Repuestos","url":"https:\/\/guarandafigueroarepuestos.com\/","logo":{"@type":"ImageObject","inLanguage":"es","@id":"https:\/\/guarandafigueroarepuestos.com\/#\/schema\/logo\/image\/","url":"https:\/\/guarandafigueroarepuestos.com\/wp-content\/uploads\/2025\/05\/cropped-Diseno-sin-titulo-2025-05-26T171805.272-e1748377787134.png","contentUrl":"https:\/\/guarandafigueroarepuestos.com\/wp-content\/uploads\/2025\/05\/cropped-Diseno-sin-titulo-2025-05-26T171805.272-e1748377787134.png","width":34,"height":34,"caption":"Guaranda Figueroa Repuestos"},"image":{"@id":"https:\/\/guarandafigueroarepuestos.com\/#\/schema\/logo\/image\/"}}]}},"_links":{"self":[{"href":"https:\/\/guarandafigueroarepuestos.com\/index.php\/wp-json\/wp\/v2\/product\/25957","targetHints":{"allow":["GET"]}}],"collection":[{"href":"https:\/\/guarandafigueroarepuestos.com\/index.php\/wp-json\/wp\/v2\/product"}],"about":[{"href":"https:\/\/guarandafigueroarepuestos.com\/index.php\/wp-json\/wp\/v2\/types\/product"}],"replies":[{"embeddable":true,"href":"https:\/\/guarandafigueroarepuestos.com\/index.php\/wp-json\/wp\/v2\/comments?post=25957"}],"wp:featuredmedia":[{"embeddable":true,"href":"https:\/\/guarandafigueroarepuestos.com\/index.php\/wp-json\/wp\/v2\/media\/375204"}],"wp:attachment":[{"href":"https:\/\/guarandafigueroarepuestos.com\/index.php\/wp-json\/wp\/v2\/media?parent=25957"}],"wp:term":[{"taxonomy":"product_brand","embeddable":true,"href":"https:\/\/guarandafigueroarepuestos.com\/index.php\/wp-json\/wp\/v2\/product_brand?post=25957"},{"taxonomy":"product_cat","embeddable":true,"href":"https:\/\/guarandafigueroarepuestos.com\/index.php\/wp-json\/wp\/v2\/product_cat?post=25957"},{"taxonomy":"product_tag","embeddable":true,"href":"https:\/\/guarandafigueroarepuestos.com\/index.php\/wp-json\/wp\/v2\/product_tag?post=25957"}],"curies":[{"name":"wp","href":"https:\/\/api.w.org\/{rel}","templated":true}]}}