{"id":25975,"date":"2020-08-20T20:19:04","date_gmt":"2020-08-20T20:19:04","guid":{"rendered":"https:\/\/guarandafigueroarepuestos.com\/?post_type=product&#038;p=25975"},"modified":"2025-03-20T18:23:26","modified_gmt":"2025-03-20T18:23:26","slug":"tubo-calefaccion-daewoo-tucumana-vivant-original","status":"publish","type":"product","link":"https:\/\/guarandafigueroarepuestos.com\/index.php\/producto\/tubo-calefaccion-daewoo-tucumana-vivant-original\/","title":{"rendered":"TUBO CALEFACCI\u00d3N DAEWOO GM"},"content":{"rendered":"<h1>TUBO CALEFACCI\u00d3N DAEWOO-GM<\/h1>\n<h3>COMPATIBLE CON: TACUMA, VIVANT<\/h3>\n<p>El <strong>tubo de calefacci\u00f3n Daewoo<\/strong> es parte de los sistemas de calefacci\u00f3n automotriz de los veh\u00edculos de la marca Daewoo. Este tubo, tambi\u00e9n conocido como <strong>tubo del radiador o tubo de calefacci\u00f3n<\/strong>, es una parte crucial del sistema de calefacci\u00f3n del veh\u00edculo. Generalmente, est\u00e1 conectado al motor y al sistema de calefacci\u00f3n del autom\u00f3vil, permitiendo el flujo de l\u00edquido refrigerante que se calienta debido al motor y luego pasa por el interior del veh\u00edculo para proporcionar calor.<\/p>\n<h3>Funci\u00f3n:<\/h3>\n<ol>\n<li><strong>Transferir calor<\/strong>: <strong>El tubo de calefacci\u00f3n<\/strong> lleva el l\u00edquido refrigerante caliente desde el motor hasta el n\u00facleo del calefactor, lo que permite que el aire que se distribuye por el habit\u00e1culo se caliente.<\/li>\n<li><strong>Desempe\u00f1o del sistema de calefacci\u00f3n<\/strong>: Si el <strong>tubo de calefacci\u00f3n<\/strong> est\u00e1 da\u00f1ado o tiene fugas, puede afectar el rendimiento del sistema de calefacci\u00f3n y, en algunos casos, provocar que el veh\u00edculo no pueda mantener una temperatura interna adecuada durante el invierno.<\/li>\n<\/ol>\n<p>Descubre todo sobre el <strong>tubo de calefacci\u00f3n Daewoo(Tacuma, Vivant)<\/strong>: funci\u00f3n, materiales, mantenimiento y recomendaciones para garantizar el rendimiento eficiente del sistema de calefacci\u00f3n de tu veh\u00edculo Daewoo<\/p>\n","protected":false},"excerpt":{"rendered":"<h3>TUBO CALEFACCI\u00d3N DAEWOO-GM<\/h3>\n<p>COMPATIBLE CON: TACUMA, VIVANT<\/p>\n<p><strong>MARCA<\/strong>: GENERAL MOTORS \u00abGM\u00bb<\/p>\n<p><strong>ORIGEN: <\/strong>JAPONES<\/p>\n<p><strong><a href=\"http:\/\/wa.me\/593983905270?text=hola%20necesito%20informacion%20del%20producto%2096313300O\">CONSULTANOS, ESTAMOS AQU\u00cd PARA AYUDARTE<img decoding=\"async\" class=\"alignnone wp-image-22718\" src=\"https:\/\/guarandafigueroarepuestos.com\/wp-content\/uploads\/2020\/07\/00roto-whats00app00.png\" alt=\"\" width=\"80\" height=\"80\" srcset=\"https:\/\/guarandafigueroarepuestos.com\/wp-content\/uploads\/2020\/07\/00roto-whats00app00-66x66.png 66w, https:\/\/guarandafigueroarepuestos.com\/wp-content\/uploads\/2020\/07\/00roto-whats00app00-100x100.png 100w, https:\/\/guarandafigueroarepuestos.com\/wp-content\/uploads\/2020\/07\/00roto-whats00app00-150x150.png 150w, https:\/\/guarandafigueroarepuestos.com\/wp-content\/uploads\/2020\/07\/00roto-whats00app00-200x200.png 200w, https:\/\/guarandafigueroarepuestos.com\/wp-content\/uploads\/2020\/07\/00roto-whats00app00.png 256w\" sizes=\"(max-width: 80px) 100vw, 80px\" \/><\/a><\/strong><\/p>\n<p>&nbsp;<\/p>\n<h5>*APLICA CONDICIONES*<\/h5>\n","protected":false},"featured_media":375209,"comment_status":"open","ping_status":"closed","template":"","meta":[],"product_brand":[],"product_cat":[2856],"product_tag":[2873,2874,2875,2876],"class_list":{"0":"post-25975","1":"product","2":"type-product","3":"status-publish","4":"has-post-thumbnail","6":"product_cat-calefaccion","7":"product_tag-tubo-calefaccion-daewoo-tucumana-vivant-original","8":"product_tag-tubo-calefaccion-para-el-daewoo-tucumana-vivant-original","9":"product_tag-tubo-de-calefaccion-daewoo-tucumana-vivant-original","10":"product_tag-tubo-de-calefaccion-para-el-daewoo-tucumana-vivant-original","12":"first","13":"instock","14":"sale","15":"taxable","16":"shipping-taxable","17":"purchasable","18":"product-type-simple"},"yoast_head":"<!-- This site is optimized with the Yoast SEO plugin v25.1 - https:\/\/yoast.com\/wordpress\/plugins\/seo\/ -->\n<title>TUBO CALEFACCI\u00d3N DAEWOO GM - GUARANDA FIGUEROA<\/title>\n<meta name=\"description\" content=\"Descubre todo sobre el tubo de calefacci\u00f3n Daewoo: funci\u00f3n, materiales, mantenimiento y recomendaciones para garantizar el rendimiento.\" \/>\n<meta name=\"robots\" content=\"index, follow, max-snippet:-1, max-image-preview:large, max-video-preview:-1\" \/>\n<link rel=\"canonical\" href=\"https:\/\/guarandafigueroarepuestos.com\/index.php\/producto\/tubo-calefaccion-daewoo-tucumana-vivant-original\/\" \/>\n<meta property=\"og:locale\" content=\"es_ES\" \/>\n<meta property=\"og:type\" content=\"article\" \/>\n<meta property=\"og:title\" content=\"TUBO CALEFACCI\u00d3N DAEWOO GM - GUARANDA FIGUEROA\" \/>\n<meta property=\"og:description\" content=\"Descubre todo sobre el tubo de calefacci\u00f3n Daewoo: funci\u00f3n, materiales, mantenimiento y recomendaciones para garantizar el rendimiento.\" \/>\n<meta property=\"og:url\" content=\"https:\/\/guarandafigueroarepuestos.com\/index.php\/producto\/tubo-calefaccion-daewoo-tucumana-vivant-original\/\" \/>\n<meta property=\"og:site_name\" content=\"GUARANDA FIGUEROA\" \/>\n<meta property=\"article:modified_time\" content=\"2025-03-20T18:23:26+00:00\" \/>\n<meta property=\"og:image\" content=\"https:\/\/guarandafigueroarepuestos.com\/wp-content\/uploads\/2020\/08\/Diseno-sin-titulo-28.png\" \/>\n\t<meta property=\"og:image:width\" content=\"1080\" \/>\n\t<meta property=\"og:image:height\" content=\"1080\" \/>\n\t<meta property=\"og:image:type\" content=\"image\/png\" \/>\n<meta name=\"twitter:card\" content=\"summary_large_image\" \/>\n<meta name=\"twitter:label1\" content=\"Tiempo de lectura\" \/>\n\t<meta name=\"twitter:data1\" content=\"1 minuto\" \/>\n<script type=\"application\/ld+json\" class=\"yoast-schema-graph\">{\"@context\":\"https:\/\/schema.org\",\"@graph\":[{\"@type\":\"WebPage\",\"@id\":\"https:\/\/guarandafigueroarepuestos.com\/index.php\/producto\/tubo-calefaccion-daewoo-tucumana-vivant-original\/\",\"url\":\"https:\/\/guarandafigueroarepuestos.com\/index.php\/producto\/tubo-calefaccion-daewoo-tucumana-vivant-original\/\",\"name\":\"TUBO CALEFACCI\u00d3N DAEWOO GM - GUARANDA FIGUEROA\",\"isPartOf\":{\"@id\":\"https:\/\/guarandafigueroarepuestos.com\/#website\"},\"primaryImageOfPage\":{\"@id\":\"https:\/\/guarandafigueroarepuestos.com\/index.php\/producto\/tubo-calefaccion-daewoo-tucumana-vivant-original\/#primaryimage\"},\"image\":{\"@id\":\"https:\/\/guarandafigueroarepuestos.com\/index.php\/producto\/tubo-calefaccion-daewoo-tucumana-vivant-original\/#primaryimage\"},\"thumbnailUrl\":\"https:\/\/guarandafigueroarepuestos.com\/wp-content\/uploads\/2020\/08\/Diseno-sin-titulo-28.png\",\"datePublished\":\"2020-08-20T20:19:04+00:00\",\"dateModified\":\"2025-03-20T18:23:26+00:00\",\"description\":\"Descubre todo sobre el tubo de calefacci\u00f3n Daewoo: funci\u00f3n, materiales, mantenimiento y recomendaciones para garantizar el rendimiento.\",\"breadcrumb\":{\"@id\":\"https:\/\/guarandafigueroarepuestos.com\/index.php\/producto\/tubo-calefaccion-daewoo-tucumana-vivant-original\/#breadcrumb\"},\"inLanguage\":\"es\",\"potentialAction\":[{\"@type\":\"ReadAction\",\"target\":[\"https:\/\/guarandafigueroarepuestos.com\/index.php\/producto\/tubo-calefaccion-daewoo-tucumana-vivant-original\/\"]}]},{\"@type\":\"ImageObject\",\"inLanguage\":\"es\",\"@id\":\"https:\/\/guarandafigueroarepuestos.com\/index.php\/producto\/tubo-calefaccion-daewoo-tucumana-vivant-original\/#primaryimage\",\"url\":\"https:\/\/guarandafigueroarepuestos.com\/wp-content\/uploads\/2020\/08\/Diseno-sin-titulo-28.png\",\"contentUrl\":\"https:\/\/guarandafigueroarepuestos.com\/wp-content\/uploads\/2020\/08\/Diseno-sin-titulo-28.png\",\"width\":1080,\"height\":1080},{\"@type\":\"BreadcrumbList\",\"@id\":\"https:\/\/guarandafigueroarepuestos.com\/index.php\/producto\/tubo-calefaccion-daewoo-tucumana-vivant-original\/#breadcrumb\",\"itemListElement\":[{\"@type\":\"ListItem\",\"position\":1,\"name\":\"Portada\",\"item\":\"https:\/\/guarandafigueroarepuestos.com\/\"},{\"@type\":\"ListItem\",\"position\":2,\"name\":\"CATEGOR\u00cdAS\",\"item\":\"https:\/\/guarandafigueroarepuestos.com\/index.php\/product-categories\/\"},{\"@type\":\"ListItem\",\"position\":3,\"name\":\"TUBO CALEFACCI\u00d3N DAEWOO GM\"}]},{\"@type\":\"WebSite\",\"@id\":\"https:\/\/guarandafigueroarepuestos.com\/#website\",\"url\":\"https:\/\/guarandafigueroarepuestos.com\/\",\"name\":\"GUARANDA FIGUEROA\",\"description\":\"REPUESTOS AUTOMOTRICES\",\"publisher\":{\"@id\":\"https:\/\/guarandafigueroarepuestos.com\/#organization\"},\"potentialAction\":[{\"@type\":\"SearchAction\",\"target\":{\"@type\":\"EntryPoint\",\"urlTemplate\":\"https:\/\/guarandafigueroarepuestos.com\/?s={search_term_string}\"},\"query-input\":{\"@type\":\"PropertyValueSpecification\",\"valueRequired\":true,\"valueName\":\"search_term_string\"}}],\"inLanguage\":\"es\"},{\"@type\":\"Organization\",\"@id\":\"https:\/\/guarandafigueroarepuestos.com\/#organization\",\"name\":\"Guaranda Figueroa Repuestos\",\"alternateName\":\"Guaranda Figueroa Repuestos\",\"url\":\"https:\/\/guarandafigueroarepuestos.com\/\",\"logo\":{\"@type\":\"ImageObject\",\"inLanguage\":\"es\",\"@id\":\"https:\/\/guarandafigueroarepuestos.com\/#\/schema\/logo\/image\/\",\"url\":\"https:\/\/guarandafigueroarepuestos.com\/wp-content\/uploads\/2025\/05\/cropped-Diseno-sin-titulo-2025-05-26T171805.272-e1748377787134.png\",\"contentUrl\":\"https:\/\/guarandafigueroarepuestos.com\/wp-content\/uploads\/2025\/05\/cropped-Diseno-sin-titulo-2025-05-26T171805.272-e1748377787134.png\",\"width\":34,\"height\":34,\"caption\":\"Guaranda Figueroa Repuestos\"},\"image\":{\"@id\":\"https:\/\/guarandafigueroarepuestos.com\/#\/schema\/logo\/image\/\"}}]}<\/script>\n<!-- \/ Yoast SEO plugin. -->","yoast_head_json":{"title":"TUBO CALEFACCI\u00d3N DAEWOO GM - GUARANDA FIGUEROA","description":"Descubre todo sobre el tubo de calefacci\u00f3n Daewoo: funci\u00f3n, materiales, mantenimiento y recomendaciones para garantizar el rendimiento.","robots":{"index":"index","follow":"follow","max-snippet":"max-snippet:-1","max-image-preview":"max-image-preview:large","max-video-preview":"max-video-preview:-1"},"canonical":"https:\/\/guarandafigueroarepuestos.com\/index.php\/producto\/tubo-calefaccion-daewoo-tucumana-vivant-original\/","og_locale":"es_ES","og_type":"article","og_title":"TUBO CALEFACCI\u00d3N DAEWOO GM - GUARANDA FIGUEROA","og_description":"Descubre todo sobre el tubo de calefacci\u00f3n Daewoo: funci\u00f3n, materiales, mantenimiento y recomendaciones para garantizar el rendimiento.","og_url":"https:\/\/guarandafigueroarepuestos.com\/index.php\/producto\/tubo-calefaccion-daewoo-tucumana-vivant-original\/","og_site_name":"GUARANDA FIGUEROA","article_modified_time":"2025-03-20T18:23:26+00:00","og_image":[{"width":1080,"height":1080,"url":"https:\/\/guarandafigueroarepuestos.com\/wp-content\/uploads\/2020\/08\/Diseno-sin-titulo-28.png","type":"image\/png"}],"twitter_card":"summary_large_image","twitter_misc":{"Tiempo de lectura":"1 minuto"},"schema":{"@context":"https:\/\/schema.org","@graph":[{"@type":"WebPage","@id":"https:\/\/guarandafigueroarepuestos.com\/index.php\/producto\/tubo-calefaccion-daewoo-tucumana-vivant-original\/","url":"https:\/\/guarandafigueroarepuestos.com\/index.php\/producto\/tubo-calefaccion-daewoo-tucumana-vivant-original\/","name":"TUBO CALEFACCI\u00d3N DAEWOO GM - GUARANDA FIGUEROA","isPartOf":{"@id":"https:\/\/guarandafigueroarepuestos.com\/#website"},"primaryImageOfPage":{"@id":"https:\/\/guarandafigueroarepuestos.com\/index.php\/producto\/tubo-calefaccion-daewoo-tucumana-vivant-original\/#primaryimage"},"image":{"@id":"https:\/\/guarandafigueroarepuestos.com\/index.php\/producto\/tubo-calefaccion-daewoo-tucumana-vivant-original\/#primaryimage"},"thumbnailUrl":"https:\/\/guarandafigueroarepuestos.com\/wp-content\/uploads\/2020\/08\/Diseno-sin-titulo-28.png","datePublished":"2020-08-20T20:19:04+00:00","dateModified":"2025-03-20T18:23:26+00:00","description":"Descubre todo sobre el tubo de calefacci\u00f3n Daewoo: funci\u00f3n, materiales, mantenimiento y recomendaciones para garantizar el rendimiento.","breadcrumb":{"@id":"https:\/\/guarandafigueroarepuestos.com\/index.php\/producto\/tubo-calefaccion-daewoo-tucumana-vivant-original\/#breadcrumb"},"inLanguage":"es","potentialAction":[{"@type":"ReadAction","target":["https:\/\/guarandafigueroarepuestos.com\/index.php\/producto\/tubo-calefaccion-daewoo-tucumana-vivant-original\/"]}]},{"@type":"ImageObject","inLanguage":"es","@id":"https:\/\/guarandafigueroarepuestos.com\/index.php\/producto\/tubo-calefaccion-daewoo-tucumana-vivant-original\/#primaryimage","url":"https:\/\/guarandafigueroarepuestos.com\/wp-content\/uploads\/2020\/08\/Diseno-sin-titulo-28.png","contentUrl":"https:\/\/guarandafigueroarepuestos.com\/wp-content\/uploads\/2020\/08\/Diseno-sin-titulo-28.png","width":1080,"height":1080},{"@type":"BreadcrumbList","@id":"https:\/\/guarandafigueroarepuestos.com\/index.php\/producto\/tubo-calefaccion-daewoo-tucumana-vivant-original\/#breadcrumb","itemListElement":[{"@type":"ListItem","position":1,"name":"Portada","item":"https:\/\/guarandafigueroarepuestos.com\/"},{"@type":"ListItem","position":2,"name":"CATEGOR\u00cdAS","item":"https:\/\/guarandafigueroarepuestos.com\/index.php\/product-categories\/"},{"@type":"ListItem","position":3,"name":"TUBO CALEFACCI\u00d3N DAEWOO GM"}]},{"@type":"WebSite","@id":"https:\/\/guarandafigueroarepuestos.com\/#website","url":"https:\/\/guarandafigueroarepuestos.com\/","name":"GUARANDA FIGUEROA","description":"REPUESTOS AUTOMOTRICES","publisher":{"@id":"https:\/\/guarandafigueroarepuestos.com\/#organization"},"potentialAction":[{"@type":"SearchAction","target":{"@type":"EntryPoint","urlTemplate":"https:\/\/guarandafigueroarepuestos.com\/?s={search_term_string}"},"query-input":{"@type":"PropertyValueSpecification","valueRequired":true,"valueName":"search_term_string"}}],"inLanguage":"es"},{"@type":"Organization","@id":"https:\/\/guarandafigueroarepuestos.com\/#organization","name":"Guaranda Figueroa Repuestos","alternateName":"Guaranda Figueroa Repuestos","url":"https:\/\/guarandafigueroarepuestos.com\/","logo":{"@type":"ImageObject","inLanguage":"es","@id":"https:\/\/guarandafigueroarepuestos.com\/#\/schema\/logo\/image\/","url":"https:\/\/guarandafigueroarepuestos.com\/wp-content\/uploads\/2025\/05\/cropped-Diseno-sin-titulo-2025-05-26T171805.272-e1748377787134.png","contentUrl":"https:\/\/guarandafigueroarepuestos.com\/wp-content\/uploads\/2025\/05\/cropped-Diseno-sin-titulo-2025-05-26T171805.272-e1748377787134.png","width":34,"height":34,"caption":"Guaranda Figueroa Repuestos"},"image":{"@id":"https:\/\/guarandafigueroarepuestos.com\/#\/schema\/logo\/image\/"}}]}},"_links":{"self":[{"href":"https:\/\/guarandafigueroarepuestos.com\/index.php\/wp-json\/wp\/v2\/product\/25975","targetHints":{"allow":["GET"]}}],"collection":[{"href":"https:\/\/guarandafigueroarepuestos.com\/index.php\/wp-json\/wp\/v2\/product"}],"about":[{"href":"https:\/\/guarandafigueroarepuestos.com\/index.php\/wp-json\/wp\/v2\/types\/product"}],"replies":[{"embeddable":true,"href":"https:\/\/guarandafigueroarepuestos.com\/index.php\/wp-json\/wp\/v2\/comments?post=25975"}],"wp:featuredmedia":[{"embeddable":true,"href":"https:\/\/guarandafigueroarepuestos.com\/index.php\/wp-json\/wp\/v2\/media\/375209"}],"wp:attachment":[{"href":"https:\/\/guarandafigueroarepuestos.com\/index.php\/wp-json\/wp\/v2\/media?parent=25975"}],"wp:term":[{"taxonomy":"product_brand","embeddable":true,"href":"https:\/\/guarandafigueroarepuestos.com\/index.php\/wp-json\/wp\/v2\/product_brand?post=25975"},{"taxonomy":"product_cat","embeddable":true,"href":"https:\/\/guarandafigueroarepuestos.com\/index.php\/wp-json\/wp\/v2\/product_cat?post=25975"},{"taxonomy":"product_tag","embeddable":true,"href":"https:\/\/guarandafigueroarepuestos.com\/index.php\/wp-json\/wp\/v2\/product_tag?post=25975"}],"curies":[{"name":"wp","href":"https:\/\/api.w.org\/{rel}","templated":true}]}}